{"id":328422,"date":"2023-03-01T15:19:11","date_gmt":"2023-03-01T14:19:11","guid":{"rendered":"https:\/\/food.r-biopharm.com\/?page_id=328422"},"modified":"2023-03-16T10:16:35","modified_gmt":"2023-03-16T09:16:35","slug":"bierindustrie","status":"publish","type":"page","link":"https:\/\/food.r-biopharm.com\/de\/bierindustrie\/","title":{"rendered":"Bier-Industrie"},"content":{"rendered":"<!-- hero image from block -->\n<div class=\"acf-block block-hero term-slug-- term- \">\n\n    <img decoding=\"async\" class=\"block-hero__image\" src=\"https:\/\/food.r-biopharm.com\/wp-content\/uploads\/2022-01_Bier_3000x695-1.jpg\">\n\n    \n        <div class=\"block-hero__textbox\">\n                             <!-- Default behavior for other pages -->\n                <h1>\n                    <span class=\"block-hero__textbox__headline\">\n                        Bier-Industrie                    <\/span>\n                    <br>\n                    <span class=\"block-hero__textbox__subline\">\n                                            <\/span>\n                <\/h1>\n                    <\/div>\n\n    \n<\/div>\n\n\n\n<div class=\"acf-block row row--narrow background--transparent\">\n        \n\n<div class=\"wp-block-column column column--75 is-layout-flow wp-block-column-is-layout-flow\">\n<h2 class=\"wp-block-heading\">Enzytec\u2122 <em>Liquid<\/em> \u2013 Die n\u00e4chste Generation der enzymatischen Analytik<\/h2>\n\n\n\n<p>Auf dieser kurzen \u00dcbersichtsseite stellen wir Ihnen unser Angebot der Enzytec\u2122 <em>Liquid<\/em> Linie speziell f\u00fcr Ihre Industrie dar. Lernen Sie die Vorteile von Enzytec\u2122 <em>Liquid <\/em>kennen und verschaffen Sie sich einen \u00dcberblick \u00fcber die angebotenen Parameter mit Relevanz f\u00fcr Ihre Industrie. Folgen Sie f\u00fcr Details zu den Testkits den Links direkt auf unsere Produktseiten und z\u00f6gern Sie nicht, uns bei Fragen \u00fcber das unten dargestellte Kontaktformular zu kontaktieren. Wir freuen uns, dass Sie den Weg zu uns gefunden haben und m\u00f6chten Sie bestm\u00f6glich bei Ihren Anliegen unterst\u00fctzen.<\/p>\n\n\n\n<p>Ihr R-Biopharm Team.<\/p>\n\n\n\n<div class=\"block-featuredvideo row\">\n\n    \n        <div class=\"iframe-wrapper\">\n             <div class=\"brlbs-cmpnt-container brlbs-cmpnt-content-blocker brlbs-cmpnt-with-individual-styles\" data-borlabs-cookie-content-blocker-id=\"youtube-content-blocker\" data-borlabs-cookie-content=\"PGlmcmFtZSB0aXRsZT0iRW56eXRlY+KEoiBMaXF1aWQiIHdpZHRoPSI2NDAiIGhlaWdodD0iMzYwIiBzcmM9Imh0dHBzOi8vd3d3LnlvdXR1YmUtbm9jb29raWUuY29tL2VtYmVkLzJGSFBLTzhweWRNP2ZlYXR1cmU9b2VtYmVkIiBmcmFtZWJvcmRlcj0iMCIgYWxsb3c9ImFjY2VsZXJvbWV0ZXI7IGF1dG9wbGF5OyBjbGlwYm9hcmQtd3JpdGU7IGVuY3J5cHRlZC1tZWRpYTsgZ3lyb3Njb3BlOyBwaWN0dXJlLWluLXBpY3R1cmU7IHdlYi1zaGFyZSIgcmVmZXJyZXJwb2xpY3k9InN0cmljdC1vcmlnaW4td2hlbi1jcm9zcy1vcmlnaW4iIGFsbG93ZnVsbHNjcmVlbj48L2lmcmFtZT4=\"><div class=\"brlbs-cmpnt-cb-preset-c brlbs-cmpnt-cb-youtube\"> <div class=\"brlbs-cmpnt-cb-thumbnail\" style=\"background-image: url('https:\/\/food.r-biopharm.com\/wp-content\/uploads\/borlabs-cookie\/1\/yt_2FHPKO8pydM_hqdefault.jpg')\"><\/div> <div class=\"brlbs-cmpnt-cb-main\"> <div class=\"brlbs-cmpnt-cb-play-button\"><\/div> <div class=\"brlbs-cmpnt-cb-content\"> <p class=\"brlbs-cmpnt-cb-description\">Sie sehen gerade einen Platzhalterinhalt von <strong>YouTube<\/strong>. Um auf den eigentlichen Inhalt zuzugreifen, klicken Sie auf die Schaltfl\u00e4che unten. Bitte beachten Sie, dass dabei Daten an Drittanbieter weitergegeben werden.<\/p> <a class=\"brlbs-cmpnt-cb-provider-toggle\" href=\"#\" data-borlabs-cookie-show-provider-information role=\"button\">Mehr Informationen<\/a> <\/div> <div class=\"brlbs-cmpnt-cb-buttons\"> <a class=\"brlbs-cmpnt-cb-btn\" href=\"#\" data-borlabs-cookie-unblock role=\"button\">Inhalt entsperren<\/a> <a class=\"brlbs-cmpnt-cb-btn\" href=\"#\" data-borlabs-cookie-accept-service role=\"button\" style=\"display: inherit\">Erforderlichen Service akzeptieren und Inhalte entsperren<\/a> <\/div> <\/div> <\/div><\/div>        <\/div>\n\n    \n<\/div>\n\n\n\n\n<table id=\"tablepress-134\" class=\"tablepress tablepress-id-134\">\n<thead>\n<tr class=\"row-1\">\n\t<th class=\"column-1\">Parameter<\/th><th class=\"column-2\">Art. Nr.<\/th><th class=\"column-3\">Beschreibung<\/th>\n<\/tr>\n<\/thead>\n<tbody class=\"row-striping row-hover\">\n<tr class=\"row-2\">\n\t<td class=\"column-1\">Acetaldehyd<\/td><td class=\"column-2\">Demn\u00e4chst verf\u00fcgbar<\/td><td class=\"column-3\">Acetaldehyd wird w\u00e4hrend der G\u00e4rung gebildet.<\/td>\n<\/tr>\n<tr class=\"row-3\">\n\t<td class=\"column-1\">Essigs\u00e4ure<\/td><td class=\"column-2\"><a href=\"https:\/\/food.r-biopharm.com\/de\/produkte\/enzytec-liquid-essigsaeure\/\">E8226<\/a><\/td><td class=\"column-3\">Essigs\u00e4ure wird bei der G\u00e4rung von Bier gebildet; eine hohe Konzentration wird durch Verunreinigungen verursacht.<\/td>\n<\/tr>\n<tr class=\"row-4\">\n\t<td class=\"column-1\">Ammoniak<\/td><td class=\"column-2\"><a href=\"https:\/\/food.r-biopharm.com\/de\/produkte\/enzytec-liquid-ammonia\/\">E8390<\/a><\/td><td class=\"column-3\">Ammoniak ist eine wichtige Stickstoffquelle in der W\u00fcrze f\u00fcr Hefen. Ein Mangel an Aminos\u00e4uren kann durch Ammoniumsalze ausgeglichen werden.<\/td>\n<\/tr>\n<tr class=\"row-5\">\n\t<td class=\"column-1\">L-Ascorbins\u00e4ure<\/td><td class=\"column-2\">Demn\u00e4chst verf\u00fcgbar<\/td><td class=\"column-3\">L-Ascorbins\u00e4ure (Vitamin C, E300) und ihre Salze (E301, E302) sind effiziente Antioxidantien und haben einen positiven Einfluss auf Aroma, Geschmack und Stabilit\u00e4t. Der nat\u00fcrliche Gehalt an L-Ascorbins\u00e4ure liegt bei &lt; 10 mg\/L; ihr Zusatz zum Bier ist geregelt.<\/td>\n<\/tr>\n<tr class=\"row-6\">\n\t<td class=\"column-1\">\u00df-Glucan<\/td><td class=\"column-2\"><a href=\"https:\/\/food.r-biopharm.com\/de\/produkte\/enzytec-color-glucatest-2\/\">E3500\/E3550<\/a><\/td><td class=\"column-3\">\u00df-Glucane sind Polysaccharide, die in Malz enthalten sind. Bei hoher Konzentration kann \u00df-Glucan zur Bildung von Gelen f\u00fchren, die die Filter verstopfen. Daher sollte es vor dem Brauprozess im Malz getestet werden.<\/td>\n<\/tr>\n<tr class=\"row-7\">\n\t<td class=\"column-1\">Citronens\u00e4ure<\/td><td class=\"column-2\"><a href=\"https:\/\/food.r-biopharm.com\/de\/produkte\/enzytec-liquid-citronensaeure\/\">E8230<\/a><\/td><td class=\"column-3\">Die Citronens\u00e4ure ist bereits im Malz vorhanden und wird w\u00e4hrend der G\u00e4rung gebildet.<\/td>\n<\/tr>\n<tr class=\"row-8\">\n\t<td class=\"column-1\">Ethanol<\/td><td class=\"column-2\"><a href=\"https:\/\/food.r-biopharm.com\/de\/produkte\/enzytec-liquid-ethanol\/\">E8340<\/a><\/td><td class=\"column-3\">Empfohlene Methode insbesondere f\u00fcr Bier mit niedrigem Alkoholgehalt (0,5 - 1,5 %).<\/td>\n<\/tr>\n<tr class=\"row-9\">\n\t<td class=\"column-1\">Ameisens\u00e4ure<\/td><td class=\"column-2\">Verf\u00fcgbar ab <br \/>\nQ1 2023<\/td><td class=\"column-3\">Bier enth\u00e4lt nur geringe Mengen an Ameisens\u00e4ure. Sie wird von Milchs\u00e4urebakterien gebildet.<\/td>\n<\/tr>\n<tr class=\"row-10\">\n\t<td class=\"column-1\">Glucose<\/td><td class=\"column-2\"><a href=\"https:\/\/food.r-biopharm.com\/de\/produkte\/enzytec-liquid-d-glucose\/\">E8140<\/a><\/td><td class=\"column-3\">Die Bestimmung von Glucose ist besonders wichtig bei Di\u00e4tbier.<\/td>\n<\/tr>\n<tr class=\"row-11\">\n\t<td class=\"column-1\">D-Glucose\/<br \/>\nD-Fructose<\/td><td class=\"column-2\"><a href=\"https:\/\/food.r-biopharm.com\/de\/produkte\/enzytec-liquid-d-glucose-d-fructose-2\/\">E8160<\/a><\/td><td class=\"column-3\">Glucose und Fructose spielen eine entscheidende Rolle bei der Bewertung der Qualit\u00e4t von Bier und Malzgetr\u00e4nken.<\/td>\n<\/tr>\n<tr class=\"row-12\">\n\t<td class=\"column-1\">Glycerin<\/td><td class=\"column-2\"><a href=\"https:\/\/food.r-biopharm.com\/de\/produkte\/enzytec-liquid-glycerol\/\">E8360<\/a><\/td><td class=\"column-3\">W\u00e4hrend der G\u00e4rung bildet sich Glycerin, das zum Aroma beitr\u00e4gt.<\/td>\n<\/tr>\n<tr class=\"row-13\">\n\t<td class=\"column-1\">Eisen<\/td><td class=\"column-2\"><a href=\"https:\/\/food.r-biopharm.com\/de\/produkte\/enzytec-color-eisen\/\">E2300<\/a><\/td><td class=\"column-3\">Eisen wird in einigen Brauereien getestet.<\/td>\n<\/tr>\n<tr class=\"row-14\">\n\t<td class=\"column-1\">D-\/L-Milchs\u00e4ure<\/td><td class=\"column-2\"><a href=\"https:\/\/food.r-biopharm.com\/de\/produkte\/enzytec-liquid-dl-lactic-acid-2\/\">E8240<\/a><\/td><td class=\"column-3\">D-\/L-Milchs\u00e4ure wird w\u00e4hrend der G\u00e4rung gebildet oder ist im Malz vorhanden.<\/td>\n<\/tr>\n<tr class=\"row-15\">\n\t<td class=\"column-1\">L-Milchs\u00e4ure<\/td><td class=\"column-2\"><a href=\"https:\/\/food.r-biopharm.com\/de\/produkte\/enzytec-liquid-l-lactic-acid\/\">E8260<\/a><\/td><td class=\"column-3\">L-Milchs\u00e4ure wird w\u00e4hrend der G\u00e4rung gebildet oder ist im Malz vorhanden.<\/td>\n<\/tr>\n<tr class=\"row-16\">\n\t<td class=\"column-1\">L-\u00c4pfels\u00e4ure<\/td><td class=\"column-2\"><a href=\"https:\/\/food.r-biopharm.com\/de\/produkte\/enzytec-liquid-l-malic-acid\/\">E8280<\/a><\/td><td class=\"column-3\">L-\u00c4pfels\u00e4ure ist im Malz enthalten und wird auch w\u00e4hrend der G\u00e4rung gebildet.<\/td>\n<\/tr>\n<tr class=\"row-17\">\n\t<td class=\"column-1\">Maltose<\/td><td class=\"column-2\">Verf\u00fcgbar ab <br \/>\nQ1 2023<\/td><td class=\"column-3\">Maltose ist der Hauptbestandteil.<\/td>\n<\/tr>\n<tr class=\"row-18\">\n\t<td class=\"column-1\">Nitrat<\/td><td class=\"column-2\">Demn\u00e4chst verf\u00fcgbar<\/td><td class=\"column-3\">Nitrat ist in verschiedenen Mengen in dem zum Brauen verwendeten Trinkwasser enthalten. Eine zu hohe Konzentration kann dazu f\u00fchren, dass Hefe und andere Zellen vergiftet werden.<\/td>\n<\/tr>\n<tr class=\"row-19\">\n\t<td class=\"column-1\">Oxals\u00e4ure<\/td><td class=\"column-2\"><a href=\"https:\/\/food.r-biopharm.com\/de\/produkte\/enzytec-oxalic-acid\/\">E2100<\/a><\/td><td class=\"column-3\">Oxals\u00e4ure ist im Malz enthalten. Die Tr\u00fcbung des Bieres ist auf die Ausf\u00e4llung von Oxals\u00e4ure mit den im Brauwasser vorhandenen Kalziumionen zur\u00fcckzuf\u00fchren.<\/td>\n<\/tr>\n<tr class=\"row-20\">\n\t<td class=\"column-1\">St\u00e4rke<\/td><td class=\"column-2\">Verf\u00fcgbar ab <br \/>\nQ1 2023<\/td><td class=\"column-3\">Der Hauptbestandteil von Malz ist St\u00e4rke, die w\u00e4hrend des Maischprozesses zu verg\u00e4rbaren Zuckern oder Dextrinen hydrolysiert wird.<\/td>\n<\/tr>\n<tr class=\"row-21\">\n\t<td class=\"column-1\">Saccharose<\/td><td class=\"column-2\"><a href=\"https:\/\/food.r-biopharm.com\/de\/produkte\/enzytec-liquid-sucrose-d-glucose\/\">E8180<\/a><\/td><td class=\"column-3\">Saccharose wird w\u00e4hrend der Bierg\u00e4rung verbraucht. Sie spielt eine wichtige Rolle bei der Bewertung von Bier.<\/td>\n<\/tr>\n<tr class=\"row-22\">\n\t<td class=\"column-1\">Sulfit<\/td><td class=\"column-2\"><a href=\"https:\/\/food.r-biopharm.com\/de\/produkte\/enzytec-liquid-so2-total\/\">E8600<\/a><\/td><td class=\"column-3\">Brauereimaterialien k\u00f6nnen unterschiedliche Mengen an SO2 erzeugen, von denen ein gro\u00dfer Teil w\u00e4hrend des Maischens und Kochens verloren geht. Es ist wichtig, den Zustand der Hefe zu beobachten.<\/td>\n<\/tr>\n<\/tbody>\n<\/table>\n<!-- #tablepress-134 from cache -->\n\n\n\n<h2 class=\"wp-block-heading\">Kontakt<\/h2>\n\n\n\n\n\t\t\t\t\t\t<script>\n\t\t\t\t\t\t\twindow.hsFormsOnReady = window.hsFormsOnReady || [];\n\t\t\t\t\t\t\twindow.hsFormsOnReady.push(()=>{\n\t\t\t\t\t\t\t\thbspt.forms.create({\n\t\t\t\t\t\t\t\t\tportalId: 4832203,\n\t\t\t\t\t\t\t\t\tformId: \"e26ed821-556f-4eac-8af6-cfd55fe5c656\",\n\t\t\t\t\t\t\t\t\ttarget: \"#hbspt-form-1777470278000-6095118607\",\n\t\t\t\t\t\t\t\t\tregion: \"na1\",\n\t\t\t\t\t\t\t\t\t\n\t\t\t\t\t\t\t})});\n\t\t\t\t\t\t<\/script>\n\t\t\t\t\t\t<div class=\"hbspt-form\" id=\"hbspt-form-1777470278000-6095118607\"><\/div>\n<\/div>\n\n\n\n<div class=\"wp-block-column column column--25 is-layout-flow wp-block-column-is-layout-flow\"><\/div>\n\n\n<\/div>\n","protected":false},"excerpt":{"rendered":"","protected":false},"author":330,"featured_media":0,"parent":0,"menu_order":0,"comment_status":"closed","ping_status":"closed","template":"","meta":{"_acf_changed":false,"_seopress_robots_primary_cat":"","_seopress_titles_title":"","_seopress_titles_desc":"","_seopress_robots_index":"","content-type":"","_relevanssi_hide_post":"","_relevanssi_hide_content":"","_relevanssi_pin_for_all":"","_relevanssi_pin_keywords":"","_relevanssi_unpin_keywords":"","_relevanssi_related_keywords":"","_relevanssi_related_include_ids":"","_relevanssi_related_exclude_ids":"","_relevanssi_related_no_append":"","_relevanssi_related_not_related":"","_relevanssi_related_posts":"116949,58266,97538,73313,97529,65242","_relevanssi_noindex_reason":"","inline_featured_image":false,"footnotes":""},"class_list":["post-328422","page","type-page","status-publish","hentry"],"acf":[],"_links":{"self":[{"href":"https:\/\/food.r-biopharm.com\/de\/wp-json\/wp\/v2\/pages\/328422","targetHints":{"allow":["GET"]}}],"collection":[{"href":"https:\/\/food.r-biopharm.com\/de\/wp-json\/wp\/v2\/pages"}],"about":[{"href":"https:\/\/food.r-biopharm.com\/de\/wp-json\/wp\/v2\/types\/page"}],"author":[{"embeddable":true,"href":"https:\/\/food.r-biopharm.com\/de\/wp-json\/wp\/v2\/users\/330"}],"replies":[{"embeddable":true,"href":"https:\/\/food.r-biopharm.com\/de\/wp-json\/wp\/v2\/comments?post=328422"}],"version-history":[{"count":30,"href":"https:\/\/food.r-biopharm.com\/de\/wp-json\/wp\/v2\/pages\/328422\/revisions"}],"predecessor-version":[{"id":329582,"href":"https:\/\/food.r-biopharm.com\/de\/wp-json\/wp\/v2\/pages\/328422\/revisions\/329582"}],"wp:attachment":[{"href":"https:\/\/food.r-biopharm.com\/de\/wp-json\/wp\/v2\/media?parent=328422"}],"curies":[{"name":"wp","href":"https:\/\/api.w.org\/{rel}","templated":true}]}}