{"id":328656,"date":"2023-03-01T16:15:28","date_gmt":"2023-03-01T15:15:28","guid":{"rendered":"https:\/\/food.r-biopharm.com\/?page_id=328656"},"modified":"2023-03-16T10:42:46","modified_gmt":"2023-03-16T09:42:46","slug":"alkoholfreie-getraenke-saft-und-mineralwasser","status":"publish","type":"page","link":"https:\/\/food.r-biopharm.com\/de\/alkoholfreie-getraenke-saft-und-mineralwasser\/","title":{"rendered":"Alkoholfreie Getr\u00e4nke (Saft und Mineralwasser)"},"content":{"rendered":"<!-- hero image from block -->\n<div class=\"acf-block block-hero term-slug-- term- \">\n\n    <img decoding=\"async\" class=\"block-hero__image\" src=\"https:\/\/food.r-biopharm.com\/wp-content\/uploads\/2021-11_Getraenke_3000x695-scaled.jpg\">\n\n    \n        <div class=\"block-hero__textbox\">\n                             <!-- Default behavior for other pages -->\n                <h1>\n                    <span class=\"block-hero__textbox__headline\">\n                        Alkoholfreie Getr\u00e4nke                    <\/span>\n                    <br>\n                    <span class=\"block-hero__textbox__subline\">\n                                            <\/span>\n                <\/h1>\n                    <\/div>\n\n    \n<\/div>\n\n\n\n<div class=\"acf-block row row--narrow background--transparent\">\n        \n\n<div class=\"wp-block-column column column--75 is-layout-flow wp-block-column-is-layout-flow\">\n<h2 class=\"wp-block-heading\">Enzytec\u2122 <em>Liquid<\/em> \u2013 Die n\u00e4chste Generation der enzymatischen Analytik<\/h2>\n\n\n\n<p>Auf dieser kurzen \u00dcbersichtsseite stellen wir Ihnen unser Angebot der Enzytec\u2122 <em>Liquid<\/em> Linie speziell f\u00fcr Ihre Industrie dar. Lernen Sie die Vorteile von Enzytec\u2122 <em>Liquid <\/em>kennen und verschaffen Sie sich einen \u00dcberblick \u00fcber die angebotenen Parameter mit Relevanz f\u00fcr Ihre Industrie. Folgen Sie f\u00fcr Details zu den Testkits den Links direkt auf unsere Produktseiten und z\u00f6gern Sie nicht, uns bei Fragen \u00fcber das unten dargestellte Kontaktformular zu kontaktieren. Wir freuen uns, dass Sie den Weg zu uns gefunden haben und m\u00f6chten Sie bestm\u00f6glich bei Ihren Anliegen unterst\u00fctzen.<\/p>\n\n\n\n<p>Ihr R-Biopharm Team.<\/p>\n\n\n\n<div class=\"block-featuredvideo row\">\n\n    \n        <div class=\"iframe-wrapper\">\n             <div class=\"brlbs-cmpnt-container brlbs-cmpnt-content-blocker brlbs-cmpnt-with-individual-styles\" data-borlabs-cookie-content-blocker-id=\"youtube-content-blocker\" data-borlabs-cookie-content=\"PGlmcmFtZSB0aXRsZT0iRW56eXRlY+KEoiBMaXF1aWQiIHdpZHRoPSI2NDAiIGhlaWdodD0iMzYwIiBzcmM9Imh0dHBzOi8vd3d3LnlvdXR1YmUtbm9jb29raWUuY29tL2VtYmVkLzJGSFBLTzhweWRNP2ZlYXR1cmU9b2VtYmVkIiBmcmFtZWJvcmRlcj0iMCIgYWxsb3c9ImFjY2VsZXJvbWV0ZXI7IGF1dG9wbGF5OyBjbGlwYm9hcmQtd3JpdGU7IGVuY3J5cHRlZC1tZWRpYTsgZ3lyb3Njb3BlOyBwaWN0dXJlLWluLXBpY3R1cmU7IHdlYi1zaGFyZSIgcmVmZXJyZXJwb2xpY3k9InN0cmljdC1vcmlnaW4td2hlbi1jcm9zcy1vcmlnaW4iIGFsbG93ZnVsbHNjcmVlbj48L2lmcmFtZT4=\"><div class=\"brlbs-cmpnt-cb-preset-c brlbs-cmpnt-cb-youtube\"> <div class=\"brlbs-cmpnt-cb-thumbnail\" style=\"background-image: url('https:\/\/food.r-biopharm.com\/wp-content\/uploads\/borlabs-cookie\/1\/yt_2FHPKO8pydM_hqdefault.jpg')\"><\/div> <div class=\"brlbs-cmpnt-cb-main\"> <div class=\"brlbs-cmpnt-cb-play-button\"><\/div> <div class=\"brlbs-cmpnt-cb-content\"> <p class=\"brlbs-cmpnt-cb-description\">Sie sehen gerade einen Platzhalterinhalt von <strong>YouTube<\/strong>. Um auf den eigentlichen Inhalt zuzugreifen, klicken Sie auf die Schaltfl\u00e4che unten. Bitte beachten Sie, dass dabei Daten an Drittanbieter weitergegeben werden.<\/p> <a class=\"brlbs-cmpnt-cb-provider-toggle\" href=\"#\" data-borlabs-cookie-show-provider-information role=\"button\">Mehr Informationen<\/a> <\/div> <div class=\"brlbs-cmpnt-cb-buttons\"> <a class=\"brlbs-cmpnt-cb-btn\" href=\"#\" data-borlabs-cookie-unblock role=\"button\">Inhalt entsperren<\/a> <a class=\"brlbs-cmpnt-cb-btn\" href=\"#\" data-borlabs-cookie-accept-service role=\"button\" style=\"display: inherit\">Erforderlichen Service akzeptieren und Inhalte entsperren<\/a> <\/div> <\/div> <\/div><\/div>        <\/div>\n\n    \n<\/div>\n\n\n\n\n<table id=\"tablepress-136\" class=\"tablepress tablepress-id-136\">\n<thead>\n<tr class=\"row-1\">\n\t<th class=\"column-1\">Parameter<\/th><th class=\"column-2\">Art. Nr.<\/th><th class=\"column-3\">Beschreibung<\/th>\n<\/tr>\n<\/thead>\n<tbody class=\"row-striping row-hover\">\n<tr class=\"row-2\">\n\t<td class=\"column-1\">Essigs\u00e4ure<\/td><td class=\"column-2\"><a href=\"https:\/\/food.r-biopharm.com\/de\/produkte\/enzytec-liquid-essigsaeure\/\">E8226<\/a><\/td><td class=\"column-3\">G\u00e4ngige Zusatzstoffe in Fruchtsaft k\u00f6nnen ebenfalls auf mikrobielle Aktivit\u00e4t hinweisen. Normale, gesunde Fruchts\u00e4fte enthalten etwa 0,1 g\/L fl\u00fcchtige S\u00e4uren (Ameisen- und Essigs\u00e4ure); der Grenzwert f\u00fcr fl\u00fcchtige S\u00e4uren liegt bei 0,4 g\/L f\u00fcr Orangen- und Apfelsaft (AIJN).<\/td>\n<\/tr>\n<tr class=\"row-3\">\n\t<td class=\"column-1\">L-Ascorbins\u00e4ure<\/td><td class=\"column-2\">Demn\u00e4chst verf\u00fcgbar<\/td><td class=\"column-3\">Wenn die Menge an Vitamin C auf dem Etikett angegeben ist, muss sie auch kontrolliert werden.<\/td>\n<\/tr>\n<tr class=\"row-4\">\n\t<td class=\"column-1\">Ammoniak<\/td><td class=\"column-2\"><a href=\"https:\/\/food.r-biopharm.com\/de\/produkte\/enzytec-liquid-harnstoff-ammoniak\/\">E8395<\/a><\/td><td class=\"column-3\">Ammoniak wird im Rahmen der Aminos\u00e4urenanalyse bestimmt.<\/td>\n<\/tr>\n<tr class=\"row-5\">\n\t<td class=\"column-1\">Citronens\u00e4ure<\/td><td class=\"column-2\"><a href=\"https:\/\/food.r-biopharm.com\/de\/produkte\/enzytec-liquid-citronensaeure\/\">E8230<\/a><\/td><td class=\"column-3\">Charakteristische Konzentrationen f\u00fcr jede Frucht, abh\u00e4ngig von Sorte und Reifegrad, typische Konzentrationen 6,3 - 17 g\/L f\u00fcr Orangensaft und 50 - 200 g\/L f\u00fcr Apfelsaft. Citronens\u00e4ure ist auch ein Zusatzstoff, der als Antioxidationsmittel verwendet wird (E330).<\/td>\n<\/tr>\n<tr class=\"row-6\">\n\t<td class=\"column-1\">Ethanol<\/td><td class=\"column-2\"><a href=\"https:\/\/food.r-biopharm.com\/de\/produkte\/enzytec-liquid-ethanol\/\">E8340<\/a><\/td><td class=\"column-3\">Zeigt den Reifegrad der Frucht an. Ethanol ist ein Produkt der mikrobiologischen Fermentation; der Grenzwert liegt bei 3 g\/L f\u00fcr S\u00e4fte (AIJN).<\/td>\n<\/tr>\n<tr class=\"row-7\">\n\t<td class=\"column-1\">Ameisens\u00e4ure<\/td><td class=\"column-2\">Verf\u00fcgbar ab Q1 2023<\/td><td class=\"column-3\">Verschiedene Bakterien produzieren Ameisens\u00e4ure. Sie wird auch als Konservierungsmittel verwendet.<\/td>\n<\/tr>\n<tr class=\"row-8\">\n\t<td class=\"column-1\">D-Glucons\u00e4ure<\/td><td class=\"column-2\"><a href=\"https:\/\/food.r-biopharm.com\/de\/produkte\/enzytec-liquid-d-gluconsaeure\/\">E8520<\/a><\/td><td class=\"column-3\">In mit Botrytis infizierten Trauben ist Glucons\u00e4ure vorhanden, der empfohlene Grenzwert liegt bei 800 mg\/L.<\/td>\n<\/tr>\n<tr class=\"row-9\">\n\t<td class=\"column-1\">D-Glucose<\/td><td class=\"column-2\"><a href=\"https:\/\/food.r-biopharm.com\/de\/produkte\/enzytec-liquid-d-glucose\/\">E8140<\/a><\/td><td class=\"column-3\">D-Glucose ist ein \u00fcblicher Zucker in Fr\u00fcchten. Die Glucosekonzentration in Orangens\u00e4ften sollte zwischen 20 - 50 g\/L und in Apfels\u00e4ften zwischen 14 - 35 g\/L betragen (AIJN).<\/td>\n<\/tr>\n<tr class=\"row-10\">\n\t<td class=\"column-1\">D-Glucose\/<br \/>\nD-Fructose<\/td><td class=\"column-2\"><a href=\"https:\/\/food.r-biopharm.com\/de\/produkte\/enzytec-liquid-d-glucose-d-fructose-2\/\">E8160<\/a><\/td><td class=\"column-3\">Die Fructosekonzentration in Orangens\u00e4ften sollte 20 - 50 g\/L und in Apfels\u00e4ften 45 - 85 g\/L betragen. In Orangens\u00e4ften ist das Glucose\/Fructose-Verh\u00e4ltnis praktisch konstant. Ein Glucose\/Fructose-Verh\u00e4ltnis von weniger als 0,85 kann auf einen Glucoseabbau durch Fermentation hinweisen.<\/td>\n<\/tr>\n<tr class=\"row-11\">\n\t<td class=\"column-1\">Glycerin<\/td><td class=\"column-2\"><a href=\"https:\/\/food.r-biopharm.com\/de\/produkte\/enzytec-liquid-glycerol\/\">E8360<\/a><\/td><td class=\"column-3\">Kann entweder von Botrytis oder von Hefen produziert werden. Empfohlener Grenzwert f\u00fcr Glycerin &lt; 1 g\/L.<\/td>\n<\/tr>\n<tr class=\"row-12\">\n\t<td class=\"column-1\">D-Isocitronens\u00e4ure<\/td><td class=\"column-2\"><a href=\"https:\/\/food.r-biopharm.com\/de\/produkte\/enzytec-liquid-d-isocitronensaeure\/\">E8550<\/a><\/td><td class=\"column-3\">Die typische Konzentration in Orangensaft betr\u00e4gt zwischen 65 - 200 mg\/L. Das Verh\u00e4ltnis Citronens\u00e4ure\/D-Isocitronens\u00e4ure wird zur Authentizit\u00e4tskontrolle verwendet, da die Werte f\u00fcr verschiedene Fr\u00fcchte bekannt sind.<\/td>\n<\/tr>\n<tr class=\"row-13\">\n\t<td class=\"column-1\">D-\/L-Milchs\u00e4ure<\/td><td class=\"column-2\"><a href=\"https:\/\/food.r-biopharm.com\/de\/produkte\/enzytec-liquid-dl-lactic-acid-2\/\">E8240<\/a><\/td><td class=\"column-3\">D-\/L-Milchs\u00e4ure wird durch mikrobiologische G\u00e4rung verursacht; der Grenzwert liegt bei 0,5 g\/L f\u00fcr Orangen- und Apfelsaft (AIJN).<\/td>\n<\/tr>\n<tr class=\"row-14\">\n\t<td class=\"column-1\">L-Milchs\u00e4ure<\/td><td class=\"column-2\"><a href=\"https:\/\/food.r-biopharm.com\/de\/produkte\/enzytec-liquid-l-lactic-acid\/\">E8260<\/a><\/td><td class=\"column-3\">Zeigt die Fermentierung in S\u00e4ften an. Dem Nektar werden bis zu 5 g\/L L-Milchs\u00e4ure (E270) zugesetzt.<\/td>\n<\/tr>\n<tr class=\"row-15\">\n\t<td class=\"column-1\">D-\u00c4pfels\u00e4ure<\/td><td class=\"column-2\">Verf\u00fcgbar ab Q2 2023<\/td><td class=\"column-3\">D-Apfels\u00e4ure kommt in der Natur nicht vor. Ihr Vorhandensein deutet auf den Zusatz von synthetischer D-\/L-Apfels\u00e4ure (racemisches Gemisch) hin, was verboten ist.<\/td>\n<\/tr>\n<tr class=\"row-16\">\n\t<td class=\"column-1\">L-\u00c4pfels\u00e4ure<\/td><td class=\"column-2\"><a href=\"https:\/\/food.r-biopharm.com\/de\/produkte\/enzytec-liquid-l-malic-acid\/\">E8280<\/a><\/td><td class=\"column-3\">L-Apfels\u00e4ure kommt in der Natur vor; ihre Konzentration h\u00e4ngt von der Sorte und dem Reifegrad ab. F\u00fcr jede Frucht sind charakteristische Konzentrationen festgelegt, die es erm\u00f6glichen, verf\u00e4lschte Produkte zu erkennen (z.B. 0,8 - 3 g\/L bei Orangensaft, mindestens 3 g\/L bei Apfelsaft).<\/td>\n<\/tr>\n<tr class=\"row-17\">\n\t<td class=\"column-1\">Nitrat<\/td><td class=\"column-2\">Demn\u00e4chst verf\u00fcgbar<\/td><td class=\"column-3\">Hohe Konzentrationen weisen darauf hin, dass dem Saft Leitungswasser zugesetzt wurde. Der Grenzwert liegt bei 5 mg\/L (AIJN). Bei Karottens\u00e4ften kann der Nitratgehalt aufgrund der Karotte selbst \u00fcberm\u00e4\u00dfig hoch sein.<\/td>\n<\/tr>\n<tr class=\"row-18\">\n\t<td class=\"column-1\">Oxals\u00e4ure<\/td><td class=\"column-2\"><a href=\"https:\/\/food.r-biopharm.com\/de\/produkte\/enzytec-oxalic-acid\/\">E2100<\/a><\/td><td class=\"column-3\">Oxals\u00e4ure kann in \u00fcberm\u00e4\u00dfiger Menge in Rhabarbersaft enthalten sein.<\/td>\n<\/tr>\n<tr class=\"row-19\">\n\t<td class=\"column-1\">D-Sorbitol\/Xylitol<\/td><td class=\"column-2\">Demn\u00e4chst verf\u00fcgbar<\/td><td class=\"column-3\">D-Sorbitol kommt nur in einigen Steinfr\u00fcchten vor. Es ist ein Parameter zur Bestimmung der Authentizit\u00e4t von rot gef\u00e4rbten S\u00e4ften und zur \u00dcberpr\u00fcfung des Fruchtgehalts. Wenn der zuckerfreie Extrakt von z.B. Orangensaft &gt; 40 g\/L ist, sollten Tests zur Extraktion von Zusatzstoffen wie Sorbit durchgef\u00fchrt werden. Die Konzentration von Sorbitol in Apfels\u00e4ften betr\u00e4gt 2,5 - 7 g\/L.<\/td>\n<\/tr>\n<tr class=\"row-20\">\n\t<td class=\"column-1\">St\u00e4rke<\/td><td class=\"column-2\">Verf\u00fcgbar ab Q1 2023<\/td><td class=\"column-3\">Wenn der zuckerfreie Extrakt von z.B. Orangensaft &gt; 40 g\/L ist, sollten Tests auf extraktsteigernde Zusatzstoffe wie St\u00e4rkehydrolysat durchgef\u00fchrt werden.<\/td>\n<\/tr>\n<tr class=\"row-21\">\n\t<td class=\"column-1\">Bernsteins\u00e4ure<\/td><td class=\"column-2\">Demn\u00e4chst verf\u00fcgbar<\/td><td class=\"column-3\">Der Reifungsprozess in \u00c4pfeln, bei dem die Konzentration von Bernsteins\u00e4ure abnimmt, kann \u00fcberwacht werden.<\/td>\n<\/tr>\n<tr class=\"row-22\">\n\t<td class=\"column-1\">Saccharose\/<br \/>\nD-Glucose<\/td><td class=\"column-2\"><a href=\"https:\/\/food.r-biopharm.com\/de\/produkte\/enzytec-liquid-sucrose-d-glucose\/\">E8180<\/a><\/td><td class=\"column-3\">Die Saccharosekonzentration in Orangens\u00e4ften sollte zwischen 10 - 50 g\/L betragen und in Apfels\u00e4ften 5 - 30 g\/L. F\u00fcr viele Fr\u00fcchte gibt es spezifische Zuckerkonzentrationen, die auch auf zugesetzten Zucker hinweisen k\u00f6nnen.<\/td>\n<\/tr>\n<tr class=\"row-23\">\n\t<td class=\"column-1\">Saccharose\/<br \/>\nD-Glucose\/<br \/>\nD-Fructose<br \/>\n<\/td><td class=\"column-2\"><a href=\"https:\/\/food.r-biopharm.com\/de\/produkte\/enzytec-liquid-sucrose-d-glucose-d-fructose\/\">E8190<\/a><\/td><td class=\"column-3\">Die h\u00e4ufigsten Zuckerarten in S\u00e4ften sind Glucose, Fructose und Saccharose. Der prozentuale Anteil von Saccharose am Gesamtzucker betr\u00e4gt weniger als 50 %. Ein Glucose\u00fcberschuss und\/oder ein zu hoher Anteil von Saccharose am Gesamtzucker deuten auf ein zus\u00e4tzliches S\u00fc\u00dfen von Orangens\u00e4ften hin.<\/td>\n<\/tr>\n<tr class=\"row-24\">\n\t<td class=\"column-1\">Sulfit<\/td><td class=\"column-2\"><a href=\"https:\/\/food.r-biopharm.com\/de\/produkte\/enzytec-liquid-so2-total\/\">E8600<\/a><\/td><td class=\"column-3\">F\u00fcr S\u00e4fte gilt ein Grenzwert von 10 mg\/L. In Traubensaft deutet eine Konzentration von 10 mg\/L auf eine unvollst\u00e4ndige Entsulfatierung hin.<\/td>\n<\/tr>\n<tr class=\"row-25\">\n\t<td class=\"column-1\">Nitrat<\/td><td class=\"column-2\">Demn\u00e4chst verf\u00fcgbar<\/td><td class=\"column-3\">Nitrat wird in Mineralwasser und Leitungswasser \u00fcberwacht.<\/td>\n<\/tr>\n<\/tbody>\n<\/table>\n<!-- #tablepress-136 from cache -->\n\n\n\n<h2 class=\"wp-block-heading\">Kontakt<\/h2>\n\n\n\n\n\t\t\t\t\t\t<script>\n\t\t\t\t\t\t\twindow.hsFormsOnReady = window.hsFormsOnReady || [];\n\t\t\t\t\t\t\twindow.hsFormsOnReady.push(()=>{\n\t\t\t\t\t\t\t\thbspt.forms.create({\n\t\t\t\t\t\t\t\t\tportalId: 4832203,\n\t\t\t\t\t\t\t\t\tformId: \"e26ed821-556f-4eac-8af6-cfd55fe5c656\",\n\t\t\t\t\t\t\t\t\ttarget: \"#hbspt-form-1776855647000-2504285595\",\n\t\t\t\t\t\t\t\t\tregion: \"na1\",\n\t\t\t\t\t\t\t\t\t\n\t\t\t\t\t\t\t})});\n\t\t\t\t\t\t<\/script>\n\t\t\t\t\t\t<div class=\"hbspt-form\" id=\"hbspt-form-1776855647000-2504285595\"><\/div>\n<\/div>\n\n\n\n<div class=\"wp-block-column column column--25 is-layout-flow wp-block-column-is-layout-flow\"><\/div>\n\n\n<\/div>\n\n\n\n<p><\/p>\n","protected":false},"excerpt":{"rendered":"","protected":false},"author":330,"featured_media":0,"parent":0,"menu_order":0,"comment_status":"closed","ping_status":"closed","template":"","meta":{"_acf_changed":false,"_seopress_robots_primary_cat":"","_seopress_titles_title":"","_seopress_titles_desc":"","_seopress_robots_index":"","content-type":"","_relevanssi_hide_post":"","_relevanssi_hide_content":"","_relevanssi_pin_for_all":"","_relevanssi_pin_keywords":"","_relevanssi_unpin_keywords":"","_relevanssi_related_keywords":"","_relevanssi_related_include_ids":"","_relevanssi_related_exclude_ids":"","_relevanssi_related_no_append":"","_relevanssi_related_not_related":"","_relevanssi_related_posts":"26937,41583,60550,68920,31101,71753","_relevanssi_noindex_reason":"","inline_featured_image":false,"footnotes":""},"class_list":["post-328656","page","type-page","status-publish","hentry"],"acf":[],"_links":{"self":[{"href":"https:\/\/food.r-biopharm.com\/de\/wp-json\/wp\/v2\/pages\/328656","targetHints":{"allow":["GET"]}}],"collection":[{"href":"https:\/\/food.r-biopharm.com\/de\/wp-json\/wp\/v2\/pages"}],"about":[{"href":"https:\/\/food.r-biopharm.com\/de\/wp-json\/wp\/v2\/types\/page"}],"author":[{"embeddable":true,"href":"https:\/\/food.r-biopharm.com\/de\/wp-json\/wp\/v2\/users\/330"}],"replies":[{"embeddable":true,"href":"https:\/\/food.r-biopharm.com\/de\/wp-json\/wp\/v2\/comments?post=328656"}],"version-history":[{"count":9,"href":"https:\/\/food.r-biopharm.com\/de\/wp-json\/wp\/v2\/pages\/328656\/revisions"}],"predecessor-version":[{"id":329583,"href":"https:\/\/food.r-biopharm.com\/de\/wp-json\/wp\/v2\/pages\/328656\/revisions\/329583"}],"wp:attachment":[{"href":"https:\/\/food.r-biopharm.com\/de\/wp-json\/wp\/v2\/media?parent=328656"}],"curies":[{"name":"wp","href":"https:\/\/api.w.org\/{rel}","templated":true}]}}