{"id":328664,"date":"2023-03-01T16:19:15","date_gmt":"2023-03-01T15:19:15","guid":{"rendered":"https:\/\/food.r-biopharm.com\/?page_id=328664"},"modified":"2023-03-16T10:48:00","modified_gmt":"2023-03-16T09:48:00","slug":"milchindustrie","status":"publish","type":"page","link":"https:\/\/food.r-biopharm.com\/de\/milchindustrie\/","title":{"rendered":"Milch-Industrie"},"content":{"rendered":"<!-- hero image from block -->\n<div class=\"acf-block block-hero term-slug-- term- \">\n\n    <img decoding=\"async\" class=\"block-hero__image\" src=\"https:\/\/food.r-biopharm.com\/wp-content\/uploads\/2021-11_Milchprodukte_3000x695-scaled.jpg\">\n\n    \n        <div class=\"block-hero__textbox\">\n                             <!-- Default behavior for other pages -->\n                <h1>\n                    <span class=\"block-hero__textbox__headline\">\n                        Milch-Industrie                    <\/span>\n                    <br>\n                    <span class=\"block-hero__textbox__subline\">\n                                            <\/span>\n                <\/h1>\n                    <\/div>\n\n    \n<\/div>\n\n\n\n<div class=\"acf-block row row--narrow background--transparent\">\n        \n\n<div class=\"wp-block-column column column--75 is-layout-flow wp-block-column-is-layout-flow\">\n<h2 class=\"wp-block-heading\">Enzytec\u2122 <em>Liquid<\/em> \u2013 Die n\u00e4chste Generation der enzymatischen Analytik<\/h2>\n\n\n\n<p>Auf dieser kurzen \u00dcbersichtsseite stellen wir Ihnen unser Angebot der Enzytec\u2122 <em>Liquid<\/em> Linie speziell f\u00fcr Ihre Industrie dar. Lernen Sie die Vorteile von Enzytec\u2122 <em>Liquid <\/em>kennen und verschaffen Sie sich einen \u00dcberblick \u00fcber die angebotenen Parameter mit Relevanz f\u00fcr Ihre Industrie. Folgen Sie f\u00fcr Details zu den Testkits den Links direkt auf unsere Produktseiten und z\u00f6gern Sie nicht, uns bei Fragen \u00fcber das unten dargestellte Kontaktformular zu kontaktieren. Wir freuen uns, dass Sie den Weg zu uns gefunden haben und m\u00f6chten Sie bestm\u00f6glich bei Ihren Anliegen unterst\u00fctzen.<\/p>\n\n\n\n<p>Ihr R-Biopharm Team.<\/p>\n\n\n\n<div class=\"block-featuredvideo row\">\n\n    \n        <div class=\"iframe-wrapper\">\n             <div class=\"brlbs-cmpnt-container brlbs-cmpnt-content-blocker brlbs-cmpnt-with-individual-styles\" data-borlabs-cookie-content-blocker-id=\"youtube-content-blocker\" data-borlabs-cookie-content=\"PGlmcmFtZSB0aXRsZT0iRW56eXRlY+KEoiBMaXF1aWQiIHdpZHRoPSI2NDAiIGhlaWdodD0iMzYwIiBzcmM9Imh0dHBzOi8vd3d3LnlvdXR1YmUtbm9jb29raWUuY29tL2VtYmVkLzJGSFBLTzhweWRNP2ZlYXR1cmU9b2VtYmVkIiBmcmFtZWJvcmRlcj0iMCIgYWxsb3c9ImFjY2VsZXJvbWV0ZXI7IGF1dG9wbGF5OyBjbGlwYm9hcmQtd3JpdGU7IGVuY3J5cHRlZC1tZWRpYTsgZ3lyb3Njb3BlOyBwaWN0dXJlLWluLXBpY3R1cmU7IHdlYi1zaGFyZSIgcmVmZXJyZXJwb2xpY3k9InN0cmljdC1vcmlnaW4td2hlbi1jcm9zcy1vcmlnaW4iIGFsbG93ZnVsbHNjcmVlbj48L2lmcmFtZT4=\"><div class=\"brlbs-cmpnt-cb-preset-c brlbs-cmpnt-cb-youtube\"> <div class=\"brlbs-cmpnt-cb-thumbnail\" style=\"background-image: url('https:\/\/food.r-biopharm.com\/wp-content\/uploads\/borlabs-cookie\/1\/yt_2FHPKO8pydM_hqdefault.jpg')\"><\/div> <div class=\"brlbs-cmpnt-cb-main\"> <div class=\"brlbs-cmpnt-cb-play-button\"><\/div> <div class=\"brlbs-cmpnt-cb-content\"> <p class=\"brlbs-cmpnt-cb-description\">Sie sehen gerade einen Platzhalterinhalt von <strong>YouTube<\/strong>. Um auf den eigentlichen Inhalt zuzugreifen, klicken Sie auf die Schaltfl\u00e4che unten. Bitte beachten Sie, dass dabei Daten an Drittanbieter weitergegeben werden.<\/p> <a class=\"brlbs-cmpnt-cb-provider-toggle\" href=\"#\" data-borlabs-cookie-show-provider-information role=\"button\">Mehr Informationen<\/a> <\/div> <div class=\"brlbs-cmpnt-cb-buttons\"> <a class=\"brlbs-cmpnt-cb-btn\" href=\"#\" data-borlabs-cookie-unblock role=\"button\">Inhalt entsperren<\/a> <a class=\"brlbs-cmpnt-cb-btn\" href=\"#\" data-borlabs-cookie-accept-service role=\"button\" style=\"display: inherit\">Erforderlichen Service akzeptieren und Inhalte entsperren<\/a> <\/div> <\/div> <\/div><\/div>        <\/div>\n\n    \n<\/div>\n\n\n\n\n<table id=\"tablepress-137\" class=\"tablepress tablepress-id-137\">\n<thead>\n<tr class=\"row-1\">\n\t<th class=\"column-1\">Parameter<\/th><th class=\"column-2\">Art. Nr. <\/th><th class=\"column-3\">Beschreibung<\/th>\n<\/tr>\n<\/thead>\n<tbody class=\"row-striping row-hover\">\n<tr class=\"row-2\">\n\t<td class=\"column-1\">Acetaldehyd<\/td><td class=\"column-2\">Demn\u00e4chst verf\u00fcgbar<\/td><td class=\"column-3\">Acetaldehyd ist ein wichtiges Aroma in Joghurts.<\/td>\n<\/tr>\n<tr class=\"row-3\">\n\t<td class=\"column-1\">Essigs\u00e4ure<\/td><td class=\"column-2\"><a href=\"https:\/\/food.r-biopharm.com\/de\/produkte\/enzytec-liquid-essigsaeure\/\">E8226<\/a><\/td><td class=\"column-3\">Die Essigs\u00e4urekonzentration kann in bestimmten K\u00e4sesorten bis zu 360 mg\/100 g betragen.<\/td>\n<\/tr>\n<tr class=\"row-4\">\n\t<td class=\"column-1\">Ammoniak<\/td><td class=\"column-2\"><a href=\"https:\/\/food.r-biopharm.com\/de\/produkte\/enzytec-liquid-harnstoff-ammoniak\/\">E8395<\/a><\/td><td class=\"column-3\">Ammoniak ist ein Stoffwechselprodukt der mikrobiellen Aktivit\u00e4t in der Milch und reagiert nicht auf eine thermische Behandlung (Pasteurisierung), weshalb es ein zuverl\u00e4ssiger Indikator f\u00fcr die hygienische Qualit\u00e4t der Milch ist.<br \/>\nAmmoniak in Joghurt = 117 mg\/kg, Emmentaler K\u00e4se = 550 mg\/kg, Camembert K\u00e4se = 970 mg\/kg.<br \/>\n<\/td>\n<\/tr>\n<tr class=\"row-5\">\n\t<td class=\"column-1\">L-Ascorbins\u00e4ure<\/td><td class=\"column-2\">Demn\u00e4chst verf\u00fcgbar<\/td><td class=\"column-3\">Rohmilch enth\u00e4lt 20 mg\/L Vitamin C (L-Ascorbins\u00e4ure). Ascorbins\u00e4ure ist auch ein Zusatzstoff f\u00fcr Milchprodukte.<\/td>\n<\/tr>\n<tr class=\"row-6\">\n\t<td class=\"column-1\">Cholesterin<\/td><td class=\"column-2\">Verf\u00fcgbar ab Q2 2023<\/td><td class=\"column-3\">Eine cholesterinreiche Ern\u00e4hrung kann Herz-, Leber- und Nierenerkrankungen verursachen.<\/td>\n<\/tr>\n<tr class=\"row-7\">\n\t<td class=\"column-1\">Citronens\u00e4ure<\/td><td class=\"column-2\"><a href=\"https:\/\/food.r-biopharm.com\/de\/produkte\/enzytec-liquid-citronensaeure\/\">E8230<\/a><\/td><td class=\"column-3\">Citronens\u00e4ure wird in K\u00e4se und Schmelzk\u00e4se gemessen. Citronens\u00e4ure ist auch ein Zusatzstoff f\u00fcr andere Milchprodukte wie z.B. Molkepulver (kann bis zu 2,5 % der Trockenmasse ausmachen).<\/td>\n<\/tr>\n<tr class=\"row-8\">\n\t<td class=\"column-1\">Ethanol<\/td><td class=\"column-2\"><a href=\"https:\/\/food.r-biopharm.com\/de\/produkte\/enzytec-liquid-ethanol\/\">E8340<\/a><\/td><td class=\"column-3\">Die Ethanolkonzentration wird in Kefir \u00fcberwacht (0,7 - 3 %). In Quark bedeutet dies, dass Hefe vorhanden ist.<\/td>\n<\/tr>\n<tr class=\"row-9\">\n\t<td class=\"column-1\">Ameisens\u00e4ure<\/td><td class=\"column-2\">Verf\u00fcgbar ab Q1 2023<\/td><td class=\"column-3\">Ameisens\u00e4ure ist in der Milch in geringen Konzentrationen vorhanden, als Ergebnis von Sterilisationsprozessen. Das Ergebnis (5 - 10 mg\/L in pasteurisierter Milch, aber 20 - 200 mg\/kg in Milchpulver). Die Hauptquelle f\u00fcr Ameisens\u00e4ure ist die Stoffwechselaktivit\u00e4t von Streptococcus thermophiles, die f\u00fcr die Herstellung von fermentierter Milch, Joghurt und K\u00e4se verwendet wird und Konzentrationen von bis zu 3 g\/kg liefert. Da sie es erm\u00f6glicht, den Fermentationsprozess zu verbessern, kann sie auch als exogene Ameisens\u00e4ure zugesetzt werden.<\/td>\n<\/tr>\n<tr class=\"row-10\">\n\t<td class=\"column-1\">D-Glucons\u00e4ure<\/td><td class=\"column-2\"><a href=\"https:\/\/food.r-biopharm.com\/de\/produkte\/enzytec-liquid-d-gluconsaeure\/\">E8520<\/a><\/td><td class=\"column-3\">Die Bestimmung von D-Gluconat in Milch und Milchprodukten spielt eine wichtige Rolle.<\/td>\n<\/tr>\n<tr class=\"row-11\">\n\t<td class=\"column-1\">D-Glukose\/<br \/>\nD-Fructose (Lactulose)<br \/>\n<\/td><td class=\"column-2\"><a href=\"https:\/\/food.r-biopharm.com\/de\/produkte\/enzytec-liquid-d-glucose-d-fructose-2\/\">E8160<\/a><\/td><td class=\"column-3\">Lactulose ist ein wichtiger Parameter mit einem in einigen L\u00e4ndern zul\u00e4ssigen H\u00f6chstwert. Er wird mit dem enzymatischen Glucose\/Fructose-Test nach Hydrolyse von Lactulose mit \u00df-Galactosidase gemessen.<\/td>\n<\/tr>\n<tr class=\"row-12\">\n\t<td class=\"column-1\">L-Glutamins\u00e4ure<br \/>\n<\/td><td class=\"column-2\">Demn\u00e4chst verf\u00fcgbar<\/td><td class=\"column-3\">Glutamins\u00e4ure ist ein Produkt des Proteinabbaus und kann als Indikator f\u00fcr die Proteolyse in K\u00e4se verwendet werden. Die Glutamins\u00e4urekonzentration steigt stetig an und kann am Ende der Reifung 6000 mg\/100 g erreichen.<\/td>\n<\/tr>\n<tr class=\"row-13\">\n\t<td class=\"column-1\">L-Milchs\u00e4ure<\/td><td class=\"column-2\"><a href=\"https:\/\/food.r-biopharm.com\/de\/produkte\/enzytec-liquid-l-lactic-acid\/\">E8260<\/a><\/td><td class=\"column-3\">Die Milchs\u00e4urekonzentration liegt in frischer Milch nahe bei null, steigt aber an, wenn die Fermentation von Lactose durch Milchs\u00e4urebakterien stattfindet. Diese Aktivit\u00e4t ist f\u00fcr die Herstellung von K\u00e4se notwendig und wird als \"S\u00e4uerungskraft\" bezeichnet.<\/td>\n<\/tr>\n<tr class=\"row-14\">\n\t<td class=\"column-1\">D-\/L-Milchs\u00e4ure<\/td><td class=\"column-2\"><a href=\"https:\/\/food.r-biopharm.com\/de\/produkte\/enzytec-liquid-dl-lactic-acid-2\/\">E8240<\/a><\/td><td class=\"column-3\">Zur Herstellung von Sauermilchprodukten werden der Milch Mikroorganismen zugesetzt und es bildet sich D-\/L-Milchs\u00e4ure.<\/td>\n<\/tr>\n<tr class=\"row-15\">\n\t<td class=\"column-1\">Lactose\/D-Galactose<\/td><td class=\"column-2\"><a href=\"https:\/\/food.r-biopharm.com\/de\/produkte\/enzytec-liquid-lactose-d-galactose\/\">E8110<\/a><\/td><td class=\"column-3\">Die Lactosekonzentration in Milch liegt bei etwa 50 g\/L (ISO 5765-2) und sinkt in Schmelzk\u00e4se auf fast null. D-Galactose ist ein wichtiger Parameter in Schmelzk\u00e4se und Molkenpulver.<\/td>\n<\/tr>\n<tr class=\"row-16\">\n\t<td class=\"column-1\">Lactose\/D-Glucose<\/td><td class=\"column-2\"><a href=\"https:\/\/food.r-biopharm.com\/de\/produkte\/enzytec-liquid-lactosed-glucose-2\/\">E8130<\/a><\/td><td class=\"column-3\">Der Lactosegehalt kann \u00fcber die Glucosekomponente bestimmt werden (ISO 5765-1). Der Lactosegehalt von lactosefreien Produkten kann nach der Glucoseoxidation bestimmt werden. Die D-Glucosekonzentration wird in Trockenmilch, Trockeneismischungen und Molkepulver gemessen.<\/td>\n<\/tr>\n<tr class=\"row-17\">\n\t<td class=\"column-1\">Nitrat\/(Nitrit)<\/td><td class=\"column-2\">Demn\u00e4chst verf\u00fcgbar<\/td><td class=\"column-3\">Nat\u00fcrliche Milch sollte einen Nitratgehalt von nahezu Null haben, aber es kann bis zu 0,01 - zugesetzt werden. 0,02 %, um das Aufbl\u00e4hen von K\u00e4se durch Bakterien zu verhindern. Er wird auch verwendet, um das Verh\u00e4ltnis zwischen Essigs\u00e4ure und Propions\u00e4ure im K\u00e4se zu kontrollieren.<\/td>\n<\/tr>\n<tr class=\"row-18\">\n\t<td class=\"column-1\">St\u00e4rke<\/td><td class=\"column-2\">Verf\u00fcgbar ab Q1 2023<\/td><td class=\"column-3\">St\u00e4rke wird verwendet, um die Dicke von Desserts auf Milchbasis zu erh\u00f6hen.<\/td>\n<\/tr>\n<tr class=\"row-19\">\n\t<td class=\"column-1\">Bernsteins\u00e4ure<\/td><td class=\"column-2\">Demn\u00e4chst verf\u00fcgbar<\/td><td class=\"column-3\">Wird verwendet, um die G\u00e4rung von K\u00e4se zu \u00fcberwachen.<\/td>\n<\/tr>\n<tr class=\"row-20\">\n\t<td class=\"column-1\">Saccharose\/D-Glucose<\/td><td class=\"column-2\"><a href=\"https:\/\/food.r-biopharm.com\/de\/produkte\/enzytec-liquid-sucrose-d-glucose\/\">E8180<\/a><\/td><td class=\"column-3\">Saccharose wird als S\u00fc\u00dfungsmittel f\u00fcr Desserts auf Milchbasis hinzugef\u00fcgt.<\/td>\n<\/tr>\n<tr class=\"row-21\">\n\t<td class=\"column-1\">Harnstoff\/Ammoniak<\/td><td class=\"column-2\"><a href=\"https:\/\/food.r-biopharm.com\/de\/produkte\/enzytec-liquid-harnstoff-ammoniak\/\">E8395<\/a><\/td><td class=\"column-3\">Der Harnstoffgehalt in der Milch ist ein Indikator f\u00fcr die Effizienz der F\u00fctterung von Milchvieh, da er mit dem Verh\u00e4ltnis zwischen Energie und Proteinen in den Nahrungsmitteln zusammenh\u00e4ngt. Die Analyse des Harnstoffs erm\u00f6glicht es auch, den Harnstoffgehalt vom Proteingehalt der Milch zu unterscheiden. Normalerweise liegt die Harnstoffkonzentration in der Milch bei 18 - 32 mg\/dL.<\/td>\n<\/tr>\n<\/tbody>\n<\/table>\n<!-- #tablepress-137 from cache -->\n\n\n\n<h2 class=\"wp-block-heading\">Kontakt<\/h2>\n\n\n\n\n\t\t\t\t\t\t<script>\n\t\t\t\t\t\t\twindow.hsFormsOnReady = window.hsFormsOnReady || [];\n\t\t\t\t\t\t\twindow.hsFormsOnReady.push(()=>{\n\t\t\t\t\t\t\t\thbspt.forms.create({\n\t\t\t\t\t\t\t\t\tportalId: 4832203,\n\t\t\t\t\t\t\t\t\tformId: \"e26ed821-556f-4eac-8af6-cfd55fe5c656\",\n\t\t\t\t\t\t\t\t\ttarget: \"#hbspt-form-1777581293000-9111367038\",\n\t\t\t\t\t\t\t\t\tregion: \"na1\",\n\t\t\t\t\t\t\t\t\t\n\t\t\t\t\t\t\t})});\n\t\t\t\t\t\t<\/script>\n\t\t\t\t\t\t<div class=\"hbspt-form\" id=\"hbspt-form-1777581293000-9111367038\"><\/div>\n<\/div>\n\n\n\n<div class=\"wp-block-column column column--25 is-layout-flow wp-block-column-is-layout-flow\"><\/div>\n\n\n<\/div>\n\n\n\n<div class=\"acf-block row row-- background--\">\n        \n\n<div class=\"wp-block-column column column--75 is-layout-flow wp-block-column-is-layout-flow\"><\/div>\n\n\n\n<div class=\"wp-block-column column column--25 is-layout-flow wp-block-column-is-layout-flow\"><\/div>\n\n\n<\/div>\n","protected":false},"excerpt":{"rendered":"","protected":false},"author":330,"featured_media":0,"parent":0,"menu_order":0,"comment_status":"closed","ping_status":"closed","template":"","meta":{"_acf_changed":false,"_seopress_robots_primary_cat":"","_seopress_titles_title":"","_seopress_titles_desc":"","_seopress_robots_index":"","content-type":"","_relevanssi_hide_post":"","_relevanssi_hide_content":"","_relevanssi_pin_for_all":"","_relevanssi_pin_keywords":"","_relevanssi_unpin_keywords":"","_relevanssi_related_keywords":"","_relevanssi_related_include_ids":"","_relevanssi_related_exclude_ids":"","_relevanssi_related_no_append":"","_relevanssi_related_not_related":"","_relevanssi_related_posts":"143222,75538,52508,140016,97525,69005","_relevanssi_noindex_reason":"","inline_featured_image":false,"footnotes":""},"class_list":["post-328664","page","type-page","status-publish","hentry"],"acf":[],"_links":{"self":[{"href":"https:\/\/food.r-biopharm.com\/de\/wp-json\/wp\/v2\/pages\/328664","targetHints":{"allow":["GET"]}}],"collection":[{"href":"https:\/\/food.r-biopharm.com\/de\/wp-json\/wp\/v2\/pages"}],"about":[{"href":"https:\/\/food.r-biopharm.com\/de\/wp-json\/wp\/v2\/types\/page"}],"author":[{"embeddable":true,"href":"https:\/\/food.r-biopharm.com\/de\/wp-json\/wp\/v2\/users\/330"}],"replies":[{"embeddable":true,"href":"https:\/\/food.r-biopharm.com\/de\/wp-json\/wp\/v2\/comments?post=328664"}],"version-history":[{"count":8,"href":"https:\/\/food.r-biopharm.com\/de\/wp-json\/wp\/v2\/pages\/328664\/revisions"}],"predecessor-version":[{"id":329587,"href":"https:\/\/food.r-biopharm.com\/de\/wp-json\/wp\/v2\/pages\/328664\/revisions\/329587"}],"wp:attachment":[{"href":"https:\/\/food.r-biopharm.com\/de\/wp-json\/wp\/v2\/media?parent=328664"}],"curies":[{"name":"wp","href":"https:\/\/api.w.org\/{rel}","templated":true}]}}