{"id":328669,"date":"2023-03-02T16:31:41","date_gmt":"2023-03-02T15:31:41","guid":{"rendered":"https:\/\/food.r-biopharm.com\/?page_id=328669"},"modified":"2023-03-16T10:46:01","modified_gmt":"2023-03-16T09:46:01","slug":"fleisch-und-fischindustrie","status":"publish","type":"page","link":"https:\/\/food.r-biopharm.com\/de\/fleisch-und-fischindustrie\/","title":{"rendered":"Fleisch- und Fisch-Industrie"},"content":{"rendered":"<!-- hero image from block -->\n<div class=\"acf-block block-hero term-slug-- term- \">\n\n    <img decoding=\"async\" class=\"block-hero__image\" src=\"https:\/\/food.r-biopharm.com\/wp-content\/uploads\/2021-11_Fleisch_3000x695-scaled.jpg\">\n\n    \n        <div class=\"block-hero__textbox\">\n                             <!-- Default behavior for other pages -->\n                <h1>\n                    <span class=\"block-hero__textbox__headline\">\n                        Fleisch- und Fisch-Industrie                    <\/span>\n                    <br>\n                    <span class=\"block-hero__textbox__subline\">\n                                            <\/span>\n                <\/h1>\n                    <\/div>\n\n    \n<\/div>\n\n\n\n<div class=\"acf-block row row--narrow background--transparent\">\n        \n\n<div class=\"wp-block-column column column--75 is-layout-flow wp-block-column-is-layout-flow\">\n<h2 class=\"wp-block-heading\">Enzytec\u2122 <em>Liquid<\/em> \u2013 Die n\u00e4chste Generation der enzymatischen Analytik<\/h2>\n\n\n\n<p>Auf dieser kurzen \u00dcbersichtsseite stellen wir Ihnen unser Angebot der Enzytec\u2122 <em>Liquid<\/em> Linie speziell f\u00fcr Ihre Industrie dar. Lernen Sie die Vorteile von Enzytec\u2122 <em>Liquid <\/em>kennen und verschaffen Sie sich einen \u00dcberblick \u00fcber die angebotenen Parameter mit Relevanz f\u00fcr Ihre Industrie. Folgen Sie f\u00fcr Details zu den Testkits den Links direkt auf unsere Produktseiten und z\u00f6gern Sie nicht, uns bei Fragen \u00fcber das unten dargestellte Kontaktformular zu kontaktieren. Wir freuen uns, dass Sie den Weg zu uns gefunden haben und m\u00f6chten Sie bestm\u00f6glich bei Ihren Anliegen unterst\u00fctzen.<\/p>\n\n\n\n<p>Ihr R-Biopharm Team.<\/p>\n\n\n\n<div class=\"block-featuredvideo row\">\n\n    \n        <div class=\"iframe-wrapper\">\n             <div class=\"brlbs-cmpnt-container brlbs-cmpnt-content-blocker brlbs-cmpnt-with-individual-styles\" data-borlabs-cookie-content-blocker-id=\"youtube-content-blocker\" data-borlabs-cookie-content=\"PGlmcmFtZSB0aXRsZT0iRW56eXRlY+KEoiBMaXF1aWQiIHdpZHRoPSI2NDAiIGhlaWdodD0iMzYwIiBzcmM9Imh0dHBzOi8vd3d3LnlvdXR1YmUtbm9jb29raWUuY29tL2VtYmVkLzJGSFBLTzhweWRNP2ZlYXR1cmU9b2VtYmVkIiBmcmFtZWJvcmRlcj0iMCIgYWxsb3c9ImFjY2VsZXJvbWV0ZXI7IGF1dG9wbGF5OyBjbGlwYm9hcmQtd3JpdGU7IGVuY3J5cHRlZC1tZWRpYTsgZ3lyb3Njb3BlOyBwaWN0dXJlLWluLXBpY3R1cmU7IHdlYi1zaGFyZSIgcmVmZXJyZXJwb2xpY3k9InN0cmljdC1vcmlnaW4td2hlbi1jcm9zcy1vcmlnaW4iIGFsbG93ZnVsbHNjcmVlbj48L2lmcmFtZT4=\"><div class=\"brlbs-cmpnt-cb-preset-c brlbs-cmpnt-cb-youtube\"> <div class=\"brlbs-cmpnt-cb-thumbnail\" style=\"background-image: url('https:\/\/food.r-biopharm.com\/wp-content\/uploads\/borlabs-cookie\/1\/yt_2FHPKO8pydM_hqdefault.jpg')\"><\/div> <div class=\"brlbs-cmpnt-cb-main\"> <div class=\"brlbs-cmpnt-cb-play-button\"><\/div> <div class=\"brlbs-cmpnt-cb-content\"> <p class=\"brlbs-cmpnt-cb-description\">Sie sehen gerade einen Platzhalterinhalt von <strong>YouTube<\/strong>. Um auf den eigentlichen Inhalt zuzugreifen, klicken Sie auf die Schaltfl\u00e4che unten. Bitte beachten Sie, dass dabei Daten an Drittanbieter weitergegeben werden.<\/p> <a class=\"brlbs-cmpnt-cb-provider-toggle\" href=\"#\" data-borlabs-cookie-show-provider-information role=\"button\">Mehr Informationen<\/a> <\/div> <div class=\"brlbs-cmpnt-cb-buttons\"> <a class=\"brlbs-cmpnt-cb-btn\" href=\"#\" data-borlabs-cookie-unblock role=\"button\">Inhalt entsperren<\/a> <a class=\"brlbs-cmpnt-cb-btn\" href=\"#\" data-borlabs-cookie-accept-service role=\"button\" style=\"display: inherit\">Erforderlichen Service akzeptieren und Inhalte entsperren<\/a> <\/div> <\/div> <\/div><\/div>        <\/div>\n\n    \n<\/div>\n\n\n\n\n<table id=\"tablepress-141\" class=\"tablepress tablepress-id-141\">\n<thead>\n<tr class=\"row-1\">\n\t<th class=\"column-1\">Parameter<\/th><th class=\"column-2\">Art. Nr. <\/th><th class=\"column-3\">Beschreibung<\/th>\n<\/tr>\n<\/thead>\n<tbody class=\"row-striping row-hover\">\n<tr class=\"row-2\">\n\t<td class=\"column-1\">Essigs\u00e4ure<\/td><td class=\"column-2\"><a href=\"https:\/\/food.r-biopharm.com\/de\/produkte\/enzytec-liquid-essigsaeure\/\">E8226<\/a><\/td><td class=\"column-3\">Natriumacetat (E262) wird zugesetzt, um die mikrobiologische Stabilit\u00e4t von Fleisch und Fleischerzeugnissen zu erh\u00f6hen. Normalerweise werden 0,3 g\/100 g zu Fleischprodukten hinzugef\u00fcgt. Einige Bakterien produzieren auch Essigs\u00e4ure.<br \/>\nOrganische S\u00e4uren beeinflussen die Wachstumsrate von pathogenen Bakterien in Lebensmitteln. Milchs\u00e4ure und Acetat werden h\u00e4ufig als Zusatzstoff\/Konservierungsmittel verwendet. Wenn die Konservierungsstoffe zum Fisch zugegeben werden, ist die Konzentration genau bekannt. Wenn der Fisch jedoch in eine L\u00f6sung getaucht wird, muss die Konzentration im Gewebe \u00fcberpr\u00fcft werden. Diacetat wird ebenfalls als Konservierungsmittel verwendet und kann mit Hilfe des Essigs\u00e4ure-Assays \u00fcberwacht werden.<br \/>\nAnsonsten sind nat\u00fcrlich vorkommende organische S\u00e4uren in einigen F\u00e4llen wichtig. Milchs\u00e4ure ist in Milchprodukten und Fleisch wichtiger als in Fisch, aber wenn Milchs\u00e4urebakterien in der Bakterienflora vorhanden sind, kann die Milchs\u00e4uremenge auch in Fisch wichtig sein.<\/td>\n<\/tr>\n<tr class=\"row-3\">\n\t<td class=\"column-1\">L-Ascorbins\u00e4ure<\/td><td class=\"column-2\">Demn\u00e4chst verf\u00fcgbar<\/td><td class=\"column-3\">L-Ascorbins\u00e4ure (E300) wird als R\u00f6temittel f\u00fcr Fleisch und als Antioxidationsmittel verwendet (ebenso bei Fisch- und Meeresfr\u00fcchteprodukten)<\/td>\n<\/tr>\n<tr class=\"row-4\">\n\t<td class=\"column-1\">Cholesterin<\/td><td class=\"column-2\">Verf\u00fcgbar ab Q2 2023<\/td><td class=\"column-3\">Cholesterin ist in Lebensmitteln wie Fleisch, Gefl\u00fcgel, Meeresfr\u00fcchten und Milchprodukten enthalten. Eine cholesterinreiche Ern\u00e4hrung kann zu Herz-, Leber- und Nierenkrankheiten f\u00fchren. Die t\u00e4gliche Cholesterinaufnahme sollte weniger als 300 mg\/Tag betragen.<\/td>\n<\/tr>\n<tr class=\"row-5\">\n\t<td class=\"column-1\">Citronens\u00e4ure<\/td><td class=\"column-2\"><a href=\"https:\/\/food.r-biopharm.com\/de\/produkte\/enzytec-liquid-citronensaeure\/\">E8230<\/a><\/td><td class=\"column-3\">Citronens\u00e4ure (E330) verbessert die Sch\u00e4lbarkeit von W\u00fcrsten und stabilisiert Farbe, Geschmack und Aroma von Fleisch und Fleischprodukten. Normalerweise werden 0,15 g Citronens\u00e4ure\/100 g W\u00fcrstchen zugesetzt.<\/td>\n<\/tr>\n<tr class=\"row-6\">\n\t<td class=\"column-1\">Ethanol<\/td><td class=\"column-2\"><a href=\"https:\/\/food.r-biopharm.com\/de\/produkte\/enzytec-liquid-ethanol\/\">E8340<\/a><\/td><td class=\"column-3\">Ethanol weist auf Verderb in Fleischprodukten hin.<\/td>\n<\/tr>\n<tr class=\"row-7\">\n\t<td class=\"column-1\">D-Glucons\u00e4ure<\/td><td class=\"column-2\"><a href=\"https:\/\/food.r-biopharm.com\/de\/produkte\/enzytec-liquid-d-gluconsaeure\/\">E8520<\/a><\/td><td class=\"column-3\">D-Glucons\u00e4ure (E575) wird als langsam freisetzendes S\u00e4uerungsmittel in Fleischprodukten und als Kutterhilfsmittel verwendet. Normalerweise werden 0,1 g\/100 g zu Wurstwaren hinzugef\u00fcgt.<\/td>\n<\/tr>\n<tr class=\"row-8\">\n\t<td class=\"column-1\">D-Glucose<\/td><td class=\"column-2\"><a href=\"https:\/\/food.r-biopharm.com\/de\/produkte\/enzytec-liquid-d-glucose\/\">E8140<\/a><\/td><td class=\"column-3\">Glucose wird als S\u00fc\u00dfungsmittel f\u00fcr Fleisch und Fleischprodukte verwendet. Mit Glucose mariniertes Fleisch weist eine bessere Magerfarbe auf. Normalerweise werden 0,5 g\/100 g Glucose zu Wurstwaren hinzugef\u00fcgt.<\/td>\n<\/tr>\n<tr class=\"row-9\">\n\t<td class=\"column-1\">D-Glucose\/<br \/>\nD-Fructose<\/td><td class=\"column-2\"><a href=\"https:\/\/food.r-biopharm.com\/de\/produkte\/enzytec-liquid-d-glucose-d-fructose-2\/\">E8160<\/a><\/td><td class=\"column-3\">Glucose und Fructose werden als S\u00fc\u00dfungsmittel f\u00fcr Fleisch und Fleischprodukte verwendet.<\/td>\n<\/tr>\n<tr class=\"row-10\">\n\t<td class=\"column-1\">D-Glutamins\u00e4ure<\/td><td class=\"column-2\">Demn\u00e4chst verf\u00fcgbar<\/td><td class=\"column-3\">Mononatriumglutamat (E621) intensiviert den Geschmack von Fleischprodukten. Normalerweise werden zwischen 0,13 g\/100 g zu Wurstwaren zugesetzt. Glutamat ist ebenfalls ein Allergen.<\/td>\n<\/tr>\n<tr class=\"row-11\">\n\t<td class=\"column-1\">D-\/L-Milchs\u00e4ure<\/td><td class=\"column-2\"><a href=\"https:\/\/food.r-biopharm.com\/de\/produkte\/enzytec-liquid-dl-lactic-acid-2\/\">E8240<\/a><\/td><td class=\"column-3\">Natriumlactat (E325) wird als S\u00e4ureregulator verwendet, um die mikrobiologische Stabilit\u00e4t von Fleisch und Fleischprodukten zu verbessern. Bis zu 0,3 % wird Wurstwaren zugesetzt. L-Milchs\u00e4ure stammt aus dem Glykogenstoffwechsel, w\u00e4hrend D-Milchs\u00e4ure von Bakterien produziert wird. Fleischerzeugnisse enthalten normalerweise zwischen 0,55 g\/100 g L-Milchs\u00e4ure und 0,02 g\/100 g D-Milchs\u00e4ure.<\/td>\n<\/tr>\n<tr class=\"row-12\">\n\t<td class=\"column-1\">Lactose\/<br \/>\nD-Galactose<br \/>\n<\/td><td class=\"column-2\"><a href=\"https:\/\/food.r-biopharm.com\/de\/produkte\/enzytec-liquid-lactose-d-galactose\/\">E8110<\/a><\/td><td class=\"column-3\">Lactose wird als S\u00fc\u00dfungsmittel verwendet; au\u00dferdem verbessert sie die F\u00e4rbung von Fleisch und Fleischprodukten. Normalerweise wird Wurstwaren 0,5 g\/100 g zugesetzt. Andere Fleischprodukte werden dagegen als lactosefrei verkauft und m\u00fcssen getestet werden.<\/td>\n<\/tr>\n<tr class=\"row-13\">\n\t<td class=\"column-1\">Maltose<\/td><td class=\"column-2\">Verf\u00fcgbar ab Q1 2023<\/td><td class=\"column-3\">Maltose wird als S\u00fc\u00dfungsmittel und als Geschmacksverst\u00e4rker f\u00fcr Glucose hinzugef\u00fcgt.<\/td>\n<\/tr>\n<tr class=\"row-14\">\n\t<td class=\"column-1\">Nitrat\/Nitrit<\/td><td class=\"column-2\">Demn\u00e4chst verf\u00fcgbar<\/td><td class=\"column-3\">Kaliumnitrat (E252) wird als P\u00f6kel- und R\u00f6temittel f\u00fcr Fleischprodukte verwendet. Beim Salzen wird bis zu 2,4 % Nitrit zugesetzt, von dem 20 - 50 mg\/kg in Nitrat umgewandelt werden. Die Nitrat-\/Nitritkonzentration in Fleischerzeugnissen darf 100 mg\/kg nicht \u00fcberschreiten.<\/td>\n<\/tr>\n<tr class=\"row-15\">\n\t<td class=\"column-1\">L-Milchs\u00e4ure<\/td><td class=\"column-2\"><a href=\"https:\/\/food.r-biopharm.com\/de\/produkte\/enzytec-liquid-l-lactic-acid\/\">E8260<\/a><\/td><td class=\"column-3\">Organische S\u00e4uren beeinflussen die Wachstumsrate von pathogenen Bakterien in Lebensmitteln. Milchs\u00e4ure und Acetat werden h\u00e4ufig als Zusatzstoff\/Konservierungsmittel verwendet. Wenn die Konservierungsstoffe zum Fisch zugegeben werden, ist die Konzentration genau bekannt. Wenn der Fisch jedoch in eine L\u00f6sung getaucht wird, muss die Konzentration im Gewebe \u00fcberpr\u00fcft werden. Diacetat wird ebenfalls als Konservierungsmittel verwendet und kann mit Hilfe des Essigs\u00e4ure-Assays \u00fcberwacht werden.<br \/>\nAnsonsten sind nat\u00fcrlich vorkommende organische S\u00e4uren in einigen F\u00e4llen wichtig. Milchs\u00e4ure ist in Milchprodukten und Fleisch wichtiger als in Fisch, aber wenn Milchs\u00e4urebakterien in der Bakterienflora vorhanden sind, kann die Milchs\u00e4uremenge auch in Fisch wichtig sein.<br \/>\n<\/td>\n<\/tr>\n<tr class=\"row-16\">\n\t<td class=\"column-1\">Sulfit<\/td><td class=\"column-2\"><a href=\"https:\/\/food.r-biopharm.com\/de\/produkte\/enzytec-generic-sulfite-so2-total\/\">E6275<\/a><\/td><td class=\"column-3\">Sulfit wird h\u00e4ufig als Konservierungsmittel verwendet, insbesondere f\u00fcr Garnelen. Je nach Land gibt es gesetzliche Grenzwerte.<\/td>\n<\/tr>\n<\/tbody>\n<\/table>\n<!-- #tablepress-141 from cache -->\n\n\n\n<h2 class=\"wp-block-heading\">Kontakt<\/h2>\n\n\n\n\n\t\t\t\t\t\t<script>\n\t\t\t\t\t\t\twindow.hsFormsOnReady = window.hsFormsOnReady || [];\n\t\t\t\t\t\t\twindow.hsFormsOnReady.push(()=>{\n\t\t\t\t\t\t\t\thbspt.forms.create({\n\t\t\t\t\t\t\t\t\tportalId: 4832203,\n\t\t\t\t\t\t\t\t\tformId: \"e26ed821-556f-4eac-8af6-cfd55fe5c656\",\n\t\t\t\t\t\t\t\t\ttarget: \"#hbspt-form-1777478882000-7650086901\",\n\t\t\t\t\t\t\t\t\tregion: \"na1\",\n\t\t\t\t\t\t\t\t\t\n\t\t\t\t\t\t\t})});\n\t\t\t\t\t\t<\/script>\n\t\t\t\t\t\t<div class=\"hbspt-form\" id=\"hbspt-form-1777478882000-7650086901\"><\/div>\n<\/div>\n\n\n\n<div class=\"wp-block-column column column--25 is-layout-flow wp-block-column-is-layout-flow\"><\/div>\n\n\n<\/div>\n","protected":false},"excerpt":{"rendered":"","protected":false},"author":330,"featured_media":0,"parent":0,"menu_order":0,"comment_status":"closed","ping_status":"closed","template":"","meta":{"_acf_changed":false,"_seopress_robots_primary_cat":"","_seopress_titles_title":"","_seopress_titles_desc":"","_seopress_robots_index":"","content-type":"","_relevanssi_hide_post":"","_relevanssi_hide_content":"","_relevanssi_pin_for_all":"","_relevanssi_pin_keywords":"","_relevanssi_unpin_keywords":"","_relevanssi_related_keywords":"","_relevanssi_related_include_ids":"","_relevanssi_related_exclude_ids":"","_relevanssi_related_no_append":"","_relevanssi_related_not_related":"","_relevanssi_related_posts":"68138,10885,98849,97544,68538,74337","_relevanssi_noindex_reason":"","inline_featured_image":false,"footnotes":""},"class_list":["post-328669","page","type-page","status-publish","hentry"],"acf":[],"_links":{"self":[{"href":"https:\/\/food.r-biopharm.com\/de\/wp-json\/wp\/v2\/pages\/328669","targetHints":{"allow":["GET"]}}],"collection":[{"href":"https:\/\/food.r-biopharm.com\/de\/wp-json\/wp\/v2\/pages"}],"about":[{"href":"https:\/\/food.r-biopharm.com\/de\/wp-json\/wp\/v2\/types\/page"}],"author":[{"embeddable":true,"href":"https:\/\/food.r-biopharm.com\/de\/wp-json\/wp\/v2\/users\/330"}],"replies":[{"embeddable":true,"href":"https:\/\/food.r-biopharm.com\/de\/wp-json\/wp\/v2\/comments?post=328669"}],"version-history":[{"count":8,"href":"https:\/\/food.r-biopharm.com\/de\/wp-json\/wp\/v2\/pages\/328669\/revisions"}],"predecessor-version":[{"id":329586,"href":"https:\/\/food.r-biopharm.com\/de\/wp-json\/wp\/v2\/pages\/328669\/revisions\/329586"}],"wp:attachment":[{"href":"https:\/\/food.r-biopharm.com\/de\/wp-json\/wp\/v2\/media?parent=328669"}],"curies":[{"name":"wp","href":"https:\/\/api.w.org\/{rel}","templated":true}]}}