{"id":328672,"date":"2023-03-02T16:06:12","date_gmt":"2023-03-02T15:06:12","guid":{"rendered":"https:\/\/food.r-biopharm.com\/?page_id=328672"},"modified":"2023-03-16T10:50:14","modified_gmt":"2023-03-16T09:50:14","slug":"zuckerindustrie","status":"publish","type":"page","link":"https:\/\/food.r-biopharm.com\/de\/zuckerindustrie\/","title":{"rendered":"Zucker-Industrie"},"content":{"rendered":"<!-- hero image from block -->\n<div class=\"acf-block block-hero term-slug-- term- \">\n\n    <img decoding=\"async\" class=\"block-hero__image\" src=\"https:\/\/food.r-biopharm.com\/wp-content\/uploads\/2023-02_Zucker_3000x695-scaled.jpg\">\n\n    \n        <div class=\"block-hero__textbox\">\n                             <!-- Default behavior for other pages -->\n                <h1>\n                    <span class=\"block-hero__textbox__headline\">\n                        Zucker-Industrie                    <\/span>\n                    <br>\n                    <span class=\"block-hero__textbox__subline\">\n                                            <\/span>\n                <\/h1>\n                    <\/div>\n\n    \n<\/div>\n\n\n\n<div class=\"acf-block row row--narrow background--transparent\">\n        \n\n<div class=\"wp-block-column column column--75 is-layout-flow wp-block-column-is-layout-flow\">\n<h2 class=\"wp-block-heading\">Enzytec\u2122 <em>Liquid<\/em> \u2013 Die n\u00e4chste Generation der enzymatischen Analytik<\/h2>\n\n\n\n<p>Auf dieser kurzen \u00dcbersichtsseite stellen wir Ihnen unser Angebot der Enzytec\u2122 <em>Liquid<\/em> Linie speziell f\u00fcr Ihre Industrie dar. Lernen Sie die Vorteile von Enzytec\u2122 <em>Liquid <\/em>kennen und verschaffen Sie sich einen \u00dcberblick \u00fcber die angebotenen Parameter mit Relevanz f\u00fcr Ihre Industrie. Folgen Sie f\u00fcr Details zu den Testkits den Links direkt auf unsere Produktseiten und z\u00f6gern Sie nicht, uns bei Fragen \u00fcber das unten dargestellte Kontaktformular zu kontaktieren. Wir freuen uns, dass Sie den Weg zu uns gefunden haben und m\u00f6chten Sie bestm\u00f6glich bei Ihren Anliegen unterst\u00fctzen.<\/p>\n\n\n\n<p>Ihr R-Biopharm Team.<\/p>\n\n\n\n<div class=\"block-featuredvideo row\">\n\n    \n        <div class=\"iframe-wrapper\">\n             <div class=\"brlbs-cmpnt-container brlbs-cmpnt-content-blocker brlbs-cmpnt-with-individual-styles\" data-borlabs-cookie-content-blocker-id=\"youtube-content-blocker\" data-borlabs-cookie-content=\"PGlmcmFtZSB0aXRsZT0iRW56eXRlY+KEoiBMaXF1aWQiIHdpZHRoPSI2NDAiIGhlaWdodD0iMzYwIiBzcmM9Imh0dHBzOi8vd3d3LnlvdXR1YmUtbm9jb29raWUuY29tL2VtYmVkLzJGSFBLTzhweWRNP2ZlYXR1cmU9b2VtYmVkIiBmcmFtZWJvcmRlcj0iMCIgYWxsb3c9ImFjY2VsZXJvbWV0ZXI7IGF1dG9wbGF5OyBjbGlwYm9hcmQtd3JpdGU7IGVuY3J5cHRlZC1tZWRpYTsgZ3lyb3Njb3BlOyBwaWN0dXJlLWluLXBpY3R1cmU7IHdlYi1zaGFyZSIgcmVmZXJyZXJwb2xpY3k9InN0cmljdC1vcmlnaW4td2hlbi1jcm9zcy1vcmlnaW4iIGFsbG93ZnVsbHNjcmVlbj48L2lmcmFtZT4=\"><div class=\"brlbs-cmpnt-cb-preset-c brlbs-cmpnt-cb-youtube\"> <div class=\"brlbs-cmpnt-cb-thumbnail\" style=\"background-image: url('https:\/\/food.r-biopharm.com\/wp-content\/uploads\/borlabs-cookie\/1\/yt_2FHPKO8pydM_hqdefault.jpg')\"><\/div> <div class=\"brlbs-cmpnt-cb-main\"> <div class=\"brlbs-cmpnt-cb-play-button\"><\/div> <div class=\"brlbs-cmpnt-cb-content\"> <p class=\"brlbs-cmpnt-cb-description\">Sie sehen gerade einen Platzhalterinhalt von <strong>YouTube<\/strong>. Um auf den eigentlichen Inhalt zuzugreifen, klicken Sie auf die Schaltfl\u00e4che unten. Bitte beachten Sie, dass dabei Daten an Drittanbieter weitergegeben werden.<\/p> <a class=\"brlbs-cmpnt-cb-provider-toggle\" href=\"#\" data-borlabs-cookie-show-provider-information role=\"button\">Mehr Informationen<\/a> <\/div> <div class=\"brlbs-cmpnt-cb-buttons\"> <a class=\"brlbs-cmpnt-cb-btn\" href=\"#\" data-borlabs-cookie-unblock role=\"button\">Inhalt entsperren<\/a> <a class=\"brlbs-cmpnt-cb-btn\" href=\"#\" data-borlabs-cookie-accept-service role=\"button\" style=\"display: inherit\">Erforderlichen Service akzeptieren und Inhalte entsperren<\/a> <\/div> <\/div> <\/div><\/div>        <\/div>\n\n    \n<\/div>\n\n\n\n\n<table id=\"tablepress-140\" class=\"tablepress tablepress-id-140\">\n<thead>\n<tr class=\"row-1\">\n\t<th class=\"column-1\">Parameter<\/th><th class=\"column-2\">Art. Nr.<\/th><th class=\"column-3\">Beschreibung<\/th>\n<\/tr>\n<\/thead>\n<tbody class=\"row-striping row-hover\">\n<tr class=\"row-2\">\n\t<td class=\"column-1\">Essigs\u00e4ure<\/td><td class=\"column-2\"><a href=\"https:\/\/food.r-biopharm.com\/de\/produkte\/enzytec-liquid-essigsaeure\/\">E8226<\/a><\/td><td class=\"column-3\">Der Zuckersaft (aus Zuckerr\u00fcben) enth\u00e4lt ca. 18 % Saccharose, die der Produktion ihren Wert verleiht. Im Falle einer bakteriellen Verunreinigung sinkt der Saccharosegehalt und verursacht einen sofortigen finanziellen Verlust. Die Milchs\u00e4ure und die Essigs\u00e4ure werden zu Beginn des Prozesses (bei R\u00fcben, R\u00fcbensaft und Verarbeitungsfl\u00fcssigkeiten) gemessen. Die \u00fcblichen Konzentrationen liegen bei etwa 50 - 60 mg\/L im Zuckerr\u00fcbensaft. Ab 150 mg\/L ist der Saft bakteriell verunreinigt und eine bakterient\u00f6tende Behandlung ist erforderlich.<br \/>\nEssigs\u00e4ure, allein oder in Verbindung mit Ameisens\u00e4ure, wird zur Behandlung der Bienen gegen Varroamilben und gegen Nosema apis verwendet. R\u00fcckst\u00e4nde von Essigs\u00e4ure k\u00f6nnen im Honig zu finden sein.<\/td>\n<\/tr>\n<tr class=\"row-3\">\n\t<td class=\"column-1\">L-Milchs\u00e4ure<\/td><td class=\"column-2\"><a href=\"https:\/\/food.r-biopharm.com\/de\/produkte\/enzytec-liquid-l-lactic-acid\/\">E8260<\/a><\/td><td class=\"column-3\">Der Zuckersaft (aus Zuckerr\u00fcben) enth\u00e4lt ca. 18 % Saccharose, die der Produktion ihren Wert verleiht. Im Falle einer bakteriellen Verunreinigung sinkt der Saccharosegehalt und verursacht einen sofortigen finanziellen Verlust. Die Milchs\u00e4ure und die Essigs\u00e4ure werden zu Beginn des Prozesses (bei R\u00fcben, R\u00fcbensaft und Verarbeitungsfl\u00fcssigkeiten) gemessen. Die \u00fcblichen Konzentrationen liegen bei etwa 50 - 60 mg\/L im Zuckerr\u00fcbensaft. Ab 150 mg\/L ist der Saft bakteriell verunreinigt und eine bakterient\u00f6tende Behandlung ist erforderlich.<\/td>\n<\/tr>\n<tr class=\"row-4\">\n\t<td class=\"column-1\">Ethanol<\/td><td class=\"column-2\"><a href=\"https:\/\/food.r-biopharm.com\/de\/produkte\/enzytec-liquid-ethanol\/\">E8340<\/a><\/td><td class=\"column-3\">Ethanol ist vorhanden, wenn der Zuckersaft (Melasse) vergoren ist, was nat\u00fcrlich unerw\u00fcnscht ist.<br \/>\nEthanol ist ein Produkt der mikrobiologischen Fermentation (\u00e4hnlich wie Glycerin). Normalerweise sollte er 100 mg\/kg nicht \u00fcberschreiten.<\/td>\n<\/tr>\n<tr class=\"row-5\">\n\t<td class=\"column-1\">D-Glucose\/<br \/>\nD-Fructose<\/td><td class=\"column-2\"><a href=\"https:\/\/food.r-biopharm.com\/de\/produkte\/enzytec-liquid-d-glucose-d-fructose-2\/\">E8160<\/a><\/td><td class=\"column-3\">D-Glucose\/D-Fructose kann unter zwei Umst\u00e4nden getestet werden:<br \/>\n\u2022\tWenn Saccharose durch bakterielle Kontamination hydrolysiert wird, kann dies \u00fcber die steigenden Glucose- und Fructosekonzentrationen \u00fcberwacht werden.<br \/>\n\u2022\tWenn aus dem Zuckersaft Fermentationsprodukte hergestellt werden, ist die \u00dcberwachung von Glucose\/Fructose ein wichtiges Mittel.<br \/>\nF\u00fcr viele Honigsorten gibt es spezifische D-Glucose\/D-Fructose-Verh\u00e4ltnisse:<br \/>\n\u2022\tEin anderes Verh\u00e4ltnis kann auf einen Glukoseabbau durch G\u00e4rung hinweisen.<br \/>\n\u2022\tEin hohes Verh\u00e4ltnis von Glukose\/Fruktose (typischerweise &gt; 1,25) f\u00fchrt zu einer unerw\u00fcnschten Kristallisation des Honigs, w\u00e4hrend ein niedriges Verh\u00e4ltnis dies verhindert.<br \/>\n<\/td>\n<\/tr>\n<tr class=\"row-6\">\n\t<td class=\"column-1\">Citronens\u00e4ure<\/td><td class=\"column-2\"><a href=\"https:\/\/food.r-biopharm.com\/de\/produkte\/enzytec-liquid-citronensaeure\/\">E8230<\/a><\/td><td class=\"column-3\">Citronens\u00e4ure wird in Gelierzucker (f\u00fcr Marmelade) analysiert. Der Gelierzucker wird aus Kristallzucker (reine Saccharose), trockenem Pektin und Weins\u00e4ure (0,4 - 0,7 %) oder Citronens\u00e4ure (0,6 - 0,9 %) hergestellt.<\/td>\n<\/tr>\n<tr class=\"row-7\">\n\t<td class=\"column-1\">Raffinose<\/td><td class=\"column-2\">Demn\u00e4chst verf\u00fcgbar<\/td><td class=\"column-3\">\u00dcberwachung von Raffinose in Zuckerr\u00fcben. Raffinose st\u00f6rt die Kristallisation des Zuckers: Wenn die Konzentration &gt; 1 % der Trockenmasse liegt, wird die Geschwindigkeit der Kristallisation stark reduziert und die Kristalle nehmen die Form einer Nadel an.<\/td>\n<\/tr>\n<tr class=\"row-8\">\n\t<td class=\"column-1\">St\u00e4rke<\/td><td class=\"column-2\">Verf\u00fcgbar ab Q1 2023<\/td><td class=\"column-3\">\u00dcberwachung von St\u00e4rke in fertiger Glasur und Fondant. Fondant hat einen Gehalt von ca. 88 - 89,5 % Trockenmasse und 10,5 - 12 % Wasser. Die Trockenmasse besteht aus Saccharose (90 %) und Glukosesirup (10 %).<\/td>\n<\/tr>\n<tr class=\"row-9\">\n\t<td class=\"column-1\">D-Sorbitol\/<br \/>\nXylitol<\/td><td class=\"column-2\">Demn\u00e4chst verf\u00fcgbar<\/td><td class=\"column-3\">D-Sorbitol wird in gemischtem Sirup analysiert.<\/td>\n<\/tr>\n<tr class=\"row-10\">\n\t<td class=\"column-1\">Sulfit gesamt<\/td><td class=\"column-2\"><a href=\"https:\/\/food.r-biopharm.com\/de\/produkte\/enzytec-liquid-so2-total\/\">E8600<\/a><\/td><td class=\"column-3\">Sulfit wird zugesetzt, um einige Raffinerieprodukte zu entf\u00e4rben (Zusatzstoffe E221 bis E228). Da SO3 ein Allergen ist, muss die Konzentration \u00fcberwacht und angegeben werden. Die Konzentration ist gering (ca. 1 mg\/kg Trockenmasse).<\/td>\n<\/tr>\n<tr class=\"row-11\">\n\t<td class=\"column-1\">Saccharose<\/td><td class=\"column-2\"><a href=\"https:\/\/food.r-biopharm.com\/de\/produkte\/enzytec-liquid-sucrose-d-glucose\/\">E8180<\/a><\/td><td class=\"column-3\">Wenn Zuckerr\u00fcben bezahlt werden, ist der Saccharosegehalt der erste Parameter f\u00fcr die Preisbestimmung. Da die Konzentration hoch ist, wird diese Messung normalerweise mit Refraktometrie durchgef\u00fchrt. Allerdings wird die Saccharose Bestimmung mittels enzymatischer Tests bei der \u00dcberwachung von Fermentationsprozessen (wie der Produktion von Zitronens\u00e4ure) durchgef\u00fchrt.<br \/>\nF\u00fcr viele Honigsorten gibt es spezifische Zuckerquoten, die als Hinweis auf den zugesetzten Zucker dienen k\u00f6nnen.<\/td>\n<\/tr>\n<tr class=\"row-12\">\n\t<td class=\"column-1\">Ameisens\u00e4ure<\/td><td class=\"column-2\">Verf\u00fcgbar ab Q1 2023<\/td><td class=\"column-3\">Ameisens\u00e4ure ist ein nat\u00fcrlicher Bestandteil des Honigs (20 - 300 mg\/kg). Ameisens\u00e4ure, allein oder in Verbindung mit Essigs\u00e4ure, wird zur Behandlung der Bienen gegen Varroamilben eingesetzt. Daher wird der Ameisens\u00e4uregehalt im Honig getestet.<\/td>\n<\/tr>\n<tr class=\"row-13\">\n\t<td class=\"column-1\">Glycerin<\/td><td class=\"column-2\"><a href=\"https:\/\/food.r-biopharm.com\/de\/produkte\/enzytec-liquid-glycerol\/\">E8360<\/a><\/td><td class=\"column-3\">Die Ernte von Honig mit zu hohem Wassergehalt (&gt; 20 %) f\u00fchrt zum Verderb durch mikrobiologische Fermentation, was zu einem hohen Glyceringehalt (&gt; 300 mg\/kg) f\u00fchrt.<\/td>\n<\/tr>\n<tr class=\"row-14\">\n\t<td class=\"column-1\">D-\/L-Milchs\u00e4ure<\/td><td class=\"column-2\"><a href=\"https:\/\/food.r-biopharm.com\/de\/produkte\/enzytec-liquid-dl-lactic-acid-2\/\">E8240<\/a><\/td><td class=\"column-3\">Milchs\u00e4urebakterien (LAB) sind im Magen der Bienen vorhanden und werden auf den Honig \u00fcbertragen. Die produzierte Milchs\u00e4ure tr\u00e4gt dazu bei, Verderbniserreger im Honig zu verhindern.<\/td>\n<\/tr>\n<tr class=\"row-15\">\n\t<td class=\"column-1\">Maltose<\/td><td class=\"column-2\">Verf\u00fcgbar ab Q1 2023<\/td><td class=\"column-3\">F\u00fcr viele Honigsorten gibt es bestimmte Zuckerverh\u00e4ltnisse.<\/td>\n<\/tr>\n<tr class=\"row-16\">\n\t<td class=\"column-1\">Oxals\u00e4ure<\/td><td class=\"column-2\"><a href=\"https:\/\/food.r-biopharm.com\/de\/produkte\/enzytec-oxalic-acid\/\">E2100<\/a><\/td><td class=\"column-3\">Oxals\u00e4ure ist ein nat\u00fcrlicher Bestandteil von Honig (10 - 100 mg\/kg). Honigbienenv\u00f6lker werden gegen parasit\u00e4re Milben behandelt, indem sie entweder bespr\u00fcht oder mit Oxals\u00e4ure betr\u00e4ufelt werden.<\/td>\n<\/tr>\n<tr class=\"row-17\">\n\t<td class=\"column-1\">Saccharose\/<br \/>\nD-Glucose\/<br \/>\nD-Fructose<br \/>\n<\/td><td class=\"column-2\"><a href=\"https:\/\/food.r-biopharm.com\/de\/produkte\/enzytec-liquid-sucrose-d-glucose-d-fructose\/\">E8190<\/a><\/td><td class=\"column-3\">Ein Glukose\u00fcberschuss und\/oder ein zu hoher Anteil von Saccharose am Gesamtzucker deutet auf eine zus\u00e4tzliche S\u00fc\u00dfung des Honigs hin.<\/td>\n<\/tr>\n<tr class=\"row-18\">\n\t<td class=\"column-1\">Weins\u00e4ure<\/td><td class=\"column-2\"><a href=\"https:\/\/food.r-biopharm.com\/de\/produkte\/enzytec-color-weinsaeure\/\">E3100<\/a><\/td><td class=\"column-3\">Weins\u00e4ure kann auch zur Behandlung von Bienenv\u00f6lkern verwendet werden, \u00e4hnlich wie die anderen oben genannten S\u00e4uren.<\/td>\n<\/tr>\n<\/tbody>\n<\/table>\n<!-- #tablepress-140 from cache -->\n\n\n\n<h2 class=\"wp-block-heading\">Kontakt<\/h2>\n\n\n\n\n\t\t\t\t\t\t<script>\n\t\t\t\t\t\t\twindow.hsFormsOnReady = window.hsFormsOnReady || [];\n\t\t\t\t\t\t\twindow.hsFormsOnReady.push(()=>{\n\t\t\t\t\t\t\t\thbspt.forms.create({\n\t\t\t\t\t\t\t\t\tportalId: 4832203,\n\t\t\t\t\t\t\t\t\tformId: \"e26ed821-556f-4eac-8af6-cfd55fe5c656\",\n\t\t\t\t\t\t\t\t\ttarget: \"#hbspt-form-1777479286000-8940200586\",\n\t\t\t\t\t\t\t\t\tregion: \"na1\",\n\t\t\t\t\t\t\t\t\t\n\t\t\t\t\t\t\t})});\n\t\t\t\t\t\t<\/script>\n\t\t\t\t\t\t<div class=\"hbspt-form\" id=\"hbspt-form-1777479286000-8940200586\"><\/div>\n<\/div>\n\n\n\n<div class=\"wp-block-column column column--25 is-layout-flow wp-block-column-is-layout-flow\"><\/div>\n\n\n<\/div>\n","protected":false},"excerpt":{"rendered":"","protected":false},"author":330,"featured_media":0,"parent":0,"menu_order":0,"comment_status":"closed","ping_status":"closed","template":"","meta":{"_acf_changed":false,"_seopress_robots_primary_cat":"","_seopress_titles_title":"","_seopress_titles_desc":"","_seopress_robots_index":"","content-type":"","_relevanssi_hide_post":"","_relevanssi_hide_content":"","_relevanssi_pin_for_all":"","_relevanssi_pin_keywords":"","_relevanssi_unpin_keywords":"","_relevanssi_related_keywords":"","_relevanssi_related_include_ids":"","_relevanssi_related_exclude_ids":"","_relevanssi_related_no_append":"","_relevanssi_related_not_related":"","_relevanssi_related_posts":"58326,69909,74495,65242,61476,300370","_relevanssi_noindex_reason":"","inline_featured_image":false,"footnotes":""},"class_list":["post-328672","page","type-page","status-publish","hentry"],"acf":[],"_links":{"self":[{"href":"https:\/\/food.r-biopharm.com\/de\/wp-json\/wp\/v2\/pages\/328672","targetHints":{"allow":["GET"]}}],"collection":[{"href":"https:\/\/food.r-biopharm.com\/de\/wp-json\/wp\/v2\/pages"}],"about":[{"href":"https:\/\/food.r-biopharm.com\/de\/wp-json\/wp\/v2\/types\/page"}],"author":[{"embeddable":true,"href":"https:\/\/food.r-biopharm.com\/de\/wp-json\/wp\/v2\/users\/330"}],"replies":[{"embeddable":true,"href":"https:\/\/food.r-biopharm.com\/de\/wp-json\/wp\/v2\/comments?post=328672"}],"version-history":[{"count":12,"href":"https:\/\/food.r-biopharm.com\/de\/wp-json\/wp\/v2\/pages\/328672\/revisions"}],"predecessor-version":[{"id":329589,"href":"https:\/\/food.r-biopharm.com\/de\/wp-json\/wp\/v2\/pages\/328672\/revisions\/329589"}],"wp:attachment":[{"href":"https:\/\/food.r-biopharm.com\/de\/wp-json\/wp\/v2\/media?parent=328672"}],"curies":[{"name":"wp","href":"https:\/\/api.w.org\/{rel}","templated":true}]}}