{"id":328681,"date":"2023-03-02T15:10:06","date_gmt":"2023-03-02T14:10:06","guid":{"rendered":"https:\/\/food.r-biopharm.com\/?page_id=328681"},"modified":"2023-03-16T10:43:49","modified_gmt":"2023-03-16T09:43:49","slug":"backwarenindustrie","status":"publish","type":"page","link":"https:\/\/food.r-biopharm.com\/de\/backwarenindustrie\/","title":{"rendered":"Backwaren-Industrie"},"content":{"rendered":"<!-- hero image from block -->\n<div class=\"acf-block block-hero term-slug-- term- \">\n\n    <img decoding=\"async\" class=\"block-hero__image\" src=\"https:\/\/food.r-biopharm.com\/wp-content\/uploads\/2023-02_Backwaren_3000x695-scaled.jpg\">\n\n    \n        <div class=\"block-hero__textbox\">\n                             <!-- Default behavior for other pages -->\n                <h1>\n                    <span class=\"block-hero__textbox__headline\">\n                        Backwaren-Industrie                    <\/span>\n                    <br>\n                    <span class=\"block-hero__textbox__subline\">\n                                            <\/span>\n                <\/h1>\n                    <\/div>\n\n    \n<\/div>\n\n\n\n<div class=\"acf-block row row--narrow background--transparent\">\n        \n\n<div class=\"wp-block-column column column--75 is-layout-flow wp-block-column-is-layout-flow\">\n<h2 class=\"wp-block-heading\">Enzytec\u2122 <em>Liquid<\/em> \u2013 Die n\u00e4chste Generation der enzymatischen Analytik<\/h2>\n\n\n\n<p>Auf dieser kurzen \u00dcbersichtsseite stellen wir Ihnen unser Angebot der Enzytec\u2122 <em>Liquid<\/em> Linie speziell f\u00fcr Ihre Industrie dar. Lernen Sie die Vorteile von Enzytec\u2122 <em>Liquid <\/em>kennen und verschaffen Sie sich einen \u00dcberblick \u00fcber die angebotenen Parameter mit Relevanz f\u00fcr Ihre Industrie. Folgen Sie f\u00fcr Details zu den Testkits den Links direkt auf unsere Produktseiten und z\u00f6gern Sie nicht, uns bei Fragen \u00fcber das unten dargestellte Kontaktformular zu kontaktieren. Wir freuen uns, dass Sie den Weg zu uns gefunden haben und m\u00f6chten Sie bestm\u00f6glich bei Ihren Anliegen unterst\u00fctzen.<\/p>\n\n\n\n<p>Ihr R-Biopharm Team.<\/p>\n\n\n\n<div class=\"block-featuredvideo row\">\n\n    \n        <div class=\"iframe-wrapper\">\n             <div class=\"brlbs-cmpnt-container brlbs-cmpnt-content-blocker brlbs-cmpnt-with-individual-styles\" data-borlabs-cookie-content-blocker-id=\"youtube-content-blocker\" data-borlabs-cookie-content=\"PGlmcmFtZSB0aXRsZT0iRW56eXRlY+KEoiBMaXF1aWQiIHdpZHRoPSI2NDAiIGhlaWdodD0iMzYwIiBzcmM9Imh0dHBzOi8vd3d3LnlvdXR1YmUtbm9jb29raWUuY29tL2VtYmVkLzJGSFBLTzhweWRNP2ZlYXR1cmU9b2VtYmVkIiBmcmFtZWJvcmRlcj0iMCIgYWxsb3c9ImFjY2VsZXJvbWV0ZXI7IGF1dG9wbGF5OyBjbGlwYm9hcmQtd3JpdGU7IGVuY3J5cHRlZC1tZWRpYTsgZ3lyb3Njb3BlOyBwaWN0dXJlLWluLXBpY3R1cmU7IHdlYi1zaGFyZSIgcmVmZXJyZXJwb2xpY3k9InN0cmljdC1vcmlnaW4td2hlbi1jcm9zcy1vcmlnaW4iIGFsbG93ZnVsbHNjcmVlbj48L2lmcmFtZT4=\"><div class=\"brlbs-cmpnt-cb-preset-c brlbs-cmpnt-cb-youtube\"> <div class=\"brlbs-cmpnt-cb-thumbnail\" style=\"background-image: url('https:\/\/food.r-biopharm.com\/wp-content\/uploads\/borlabs-cookie\/1\/yt_2FHPKO8pydM_hqdefault.jpg')\"><\/div> <div class=\"brlbs-cmpnt-cb-main\"> <div class=\"brlbs-cmpnt-cb-play-button\"><\/div> <div class=\"brlbs-cmpnt-cb-content\"> <p class=\"brlbs-cmpnt-cb-description\">Sie sehen gerade einen Platzhalterinhalt von <strong>YouTube<\/strong>. Um auf den eigentlichen Inhalt zuzugreifen, klicken Sie auf die Schaltfl\u00e4che unten. Bitte beachten Sie, dass dabei Daten an Drittanbieter weitergegeben werden.<\/p> <a class=\"brlbs-cmpnt-cb-provider-toggle\" href=\"#\" data-borlabs-cookie-show-provider-information role=\"button\">Mehr Informationen<\/a> <\/div> <div class=\"brlbs-cmpnt-cb-buttons\"> <a class=\"brlbs-cmpnt-cb-btn\" href=\"#\" data-borlabs-cookie-unblock role=\"button\">Inhalt entsperren<\/a> <a class=\"brlbs-cmpnt-cb-btn\" href=\"#\" data-borlabs-cookie-accept-service role=\"button\" style=\"display: inherit\">Erforderlichen Service akzeptieren und Inhalte entsperren<\/a> <\/div> <\/div> <\/div><\/div>        <\/div>\n\n    \n<\/div>\n\n\n\n\n<table id=\"tablepress-139\" class=\"tablepress tablepress-id-139\">\n<thead>\n<tr class=\"row-1\">\n\t<th class=\"column-1\">Parameter<\/th><th class=\"column-2\">Art. Nr.<\/th><th class=\"column-3\">Beschreibung<\/th>\n<\/tr>\n<\/thead>\n<tbody class=\"row-striping row-hover\">\n<tr class=\"row-2\">\n\t<td class=\"column-1\">Essigs\u00e4ure<\/td><td class=\"column-2\"><a href=\"https:\/\/food.r-biopharm.com\/de\/produkte\/enzytec-liquid-essigsaeure\/\">E8226<\/a><\/td><td class=\"column-3\">Siehe deutsche Gesetzgebung \u00a7 64 (ASU 17.00-16, Juni 1990).<\/td>\n<\/tr>\n<tr class=\"row-3\">\n\t<td class=\"column-1\">L-Ascorbins\u00e4ure<\/td><td class=\"column-2\">Demn\u00e4chst verf\u00fcgbar<\/td><td class=\"column-3\">Ascorbins\u00e4ure kann dem Mehl zugesetzt werden; die zul\u00e4ssige H\u00f6chstmenge betr\u00e4gt 300 mg\/kg.<\/td>\n<\/tr>\n<tr class=\"row-4\">\n\t<td class=\"column-1\">Cholesterin<\/td><td class=\"column-2\">Verf\u00fcgbar ab Q2 2023<\/td><td class=\"column-3\">Wenn Ei im Backwarenprodukt enthalten ist, kann der Cholesteringehalt gemessen werden. Bei Nudeln l\u00e4sst sich anhand des Cholesteringehalts berechnen, wie viele Eier hinzugef\u00fcgt wurden, und mit dem offiziellen Rezept vergleichen.<\/td>\n<\/tr>\n<tr class=\"row-5\">\n\t<td class=\"column-1\">Citronens\u00e4ure<\/td><td class=\"column-2\"><a href=\"https:\/\/food.r-biopharm.com\/de\/produkte\/enzytec-liquid-citronensaeure\/\">E8230<\/a><\/td><td class=\"column-3\">Wird Brot und B\u00e4ckereiprodukten zugesetzt.<\/td>\n<\/tr>\n<tr class=\"row-6\">\n\t<td class=\"column-1\">Ethanol<\/td><td class=\"column-2\"><a href=\"https:\/\/food.r-biopharm.com\/de\/produkte\/enzytec-liquid-ethanol\/\">E8340<\/a><\/td><td class=\"column-3\">Viele S\u00fc\u00dfwaren und B\u00e4ckereiprodukte enthalten Sahne. Die Ethanolkonzentration ist kritisch und muss kontrolliert werden.<\/td>\n<\/tr>\n<tr class=\"row-7\">\n\t<td class=\"column-1\">D-Glucose<\/td><td class=\"column-2\"><a href=\"https:\/\/food.r-biopharm.com\/de\/produkte\/enzytec-liquid-d-glucose\/\">E8140<\/a><\/td><td class=\"column-3\">Der Gehalt an D-Glucose und D-Fructose wird bestimmt, um N\u00e4hrwertangaben auf den Etiketten umzusetzen.<\/td>\n<\/tr>\n<tr class=\"row-8\">\n\t<td class=\"column-1\">D-Glucose\/D-Fructose<\/td><td class=\"column-2\"><a href=\"https:\/\/food.r-biopharm.com\/de\/produkte\/enzytec-liquid-d-glucose-d-fructose-2\/\">E8160<\/a><\/td><td class=\"column-3\">Der Gehalt an D-Glucose und D-Fructose wird bestimmt, um N\u00e4hrwertangaben auf den Etiketten umzusetzen.<\/td>\n<\/tr>\n<tr class=\"row-9\">\n\t<td class=\"column-1\">D-3-Hydroxybutters\u00e4ure<\/td><td class=\"column-2\">Demn\u00e4chst verf\u00fcgbar<\/td><td class=\"column-3\">Wenn das Backprodukt Ei enth\u00e4lt, ist der Gehalt an D-3-Hydroxybutters\u00e4ure ein Indikator daf\u00fcr, wie frisch die Eier waren, als sie verwendet wurden.<\/td>\n<\/tr>\n<tr class=\"row-10\">\n\t<td class=\"column-1\">Eisen<\/td><td class=\"column-2\"><a href=\"https:\/\/food.r-biopharm.com\/de\/produkte\/enzytec-color-eisen\/\">E2300<\/a><\/td><td class=\"column-3\">Eisen kann dem Mehl zugef\u00fcgt werden.<\/td>\n<\/tr>\n<tr class=\"row-11\">\n\t<td class=\"column-1\">Lactose\/D-Galactose<\/td><td class=\"column-2\"><a href=\"https:\/\/food.r-biopharm.com\/de\/produkte\/enzytec-liquid-lactose-d-galactose\/\">E8110<\/a><\/td><td class=\"column-3\">Siehe deutsche Gesetzgebung \u00a7 64 (ASU 17.00-7, November 1983).<\/td>\n<\/tr>\n<tr class=\"row-12\">\n\t<td class=\"column-1\">Maltose<\/td><td class=\"column-2\">Verf\u00fcgbar ab Q1 2023<\/td><td class=\"column-3\">Methode Nr. 22-15.01 von der AACC.<\/td>\n<\/tr>\n<tr class=\"row-13\">\n\t<td class=\"column-1\">Raffinose<\/td><td class=\"column-2\">Demn\u00e4chst verf\u00fcgbar<\/td><td class=\"column-3\">Raffinose ist in Getreide (Vollkorn) enthalten, kann aber bei Menschen mit einem Mangel an Alpha-Lactosidase (\u00e4hnlich wie bei Laktoseintoleranz) der Grund f\u00fcr eine Unvertr\u00e4glichkeit sein.<\/td>\n<\/tr>\n<tr class=\"row-14\">\n\t<td class=\"column-1\">D-Sorbitol<\/td><td class=\"column-2\">Demn\u00e4chst verf\u00fcgbar<\/td><td class=\"column-3\">Sorbit ist ein Zuckeraustauschstoff (E420), der B\u00e4ckereiprodukten zugesetzt werden kann.<\/td>\n<\/tr>\n<tr class=\"row-15\">\n\t<td class=\"column-1\">St\u00e4rke<\/td><td class=\"column-2\">Verf\u00fcgbar ab Q1 2023<\/td><td class=\"column-3\">In Mehl schwankt der St\u00e4rkegehalt zwischen 55 - 75 % und muss f\u00fcr die N\u00e4hrwertbewertung kontrolliert werden. Die Analyse kann auch auf \"besch\u00e4digte St\u00e4rke\" ausgeweitet werden.<\/td>\n<\/tr>\n<tr class=\"row-16\">\n\t<td class=\"column-1\">Saccharose<\/td><td class=\"column-2\"><a href=\"https:\/\/food.r-biopharm.com\/de\/produkte\/enzytec-liquid-sucrose-d-glucose\/\">E8180<\/a><\/td><td class=\"column-3\">Saccharose wird B\u00e4ckereiprodukten als S\u00fc\u00dfungsmittel zugesetzt, und der Gehalt wird in der Regel zur Bewertung des N\u00e4hrwerts kontrolliert.<\/td>\n<\/tr>\n<\/tbody>\n<\/table>\n<!-- #tablepress-139 from cache -->\n\n\n\n<h2 class=\"wp-block-heading\">Kontakt<\/h2>\n\n\n\n\n\t\t\t\t\t\t<script>\n\t\t\t\t\t\t\twindow.hsFormsOnReady = window.hsFormsOnReady || [];\n\t\t\t\t\t\t\twindow.hsFormsOnReady.push(()=>{\n\t\t\t\t\t\t\t\thbspt.forms.create({\n\t\t\t\t\t\t\t\t\tportalId: 4832203,\n\t\t\t\t\t\t\t\t\tformId: \"e26ed821-556f-4eac-8af6-cfd55fe5c656\",\n\t\t\t\t\t\t\t\t\ttarget: \"#hbspt-form-1777686383000-9718015719\",\n\t\t\t\t\t\t\t\t\tregion: \"na1\",\n\t\t\t\t\t\t\t\t\t\n\t\t\t\t\t\t\t})});\n\t\t\t\t\t\t<\/script>\n\t\t\t\t\t\t<div class=\"hbspt-form\" id=\"hbspt-form-1777686383000-9718015719\"><\/div>\n<\/div>\n\n\n\n<div class=\"wp-block-column column column--25 is-layout-flow wp-block-column-is-layout-flow\"><\/div>\n\n\n<\/div>\n","protected":false},"excerpt":{"rendered":"","protected":false},"author":330,"featured_media":0,"parent":0,"menu_order":0,"comment_status":"closed","ping_status":"closed","template":"","meta":{"_acf_changed":false,"_seopress_robots_primary_cat":"","_seopress_titles_title":"","_seopress_titles_desc":"","_seopress_robots_index":"","content-type":"","_relevanssi_hide_post":"","_relevanssi_hide_content":"","_relevanssi_pin_for_all":"","_relevanssi_pin_keywords":"","_relevanssi_unpin_keywords":"","_relevanssi_related_keywords":"","_relevanssi_related_include_ids":"","_relevanssi_related_exclude_ids":"","_relevanssi_related_no_append":"","_relevanssi_related_not_related":"","_relevanssi_related_posts":"107364,97542,63282,141703,75430,126033","_relevanssi_noindex_reason":"","inline_featured_image":false,"footnotes":""},"class_list":["post-328681","page","type-page","status-publish","hentry"],"acf":[],"_links":{"self":[{"href":"https:\/\/food.r-biopharm.com\/de\/wp-json\/wp\/v2\/pages\/328681","targetHints":{"allow":["GET"]}}],"collection":[{"href":"https:\/\/food.r-biopharm.com\/de\/wp-json\/wp\/v2\/pages"}],"about":[{"href":"https:\/\/food.r-biopharm.com\/de\/wp-json\/wp\/v2\/types\/page"}],"author":[{"embeddable":true,"href":"https:\/\/food.r-biopharm.com\/de\/wp-json\/wp\/v2\/users\/330"}],"replies":[{"embeddable":true,"href":"https:\/\/food.r-biopharm.com\/de\/wp-json\/wp\/v2\/comments?post=328681"}],"version-history":[{"count":18,"href":"https:\/\/food.r-biopharm.com\/de\/wp-json\/wp\/v2\/pages\/328681\/revisions"}],"predecessor-version":[{"id":329584,"href":"https:\/\/food.r-biopharm.com\/de\/wp-json\/wp\/v2\/pages\/328681\/revisions\/329584"}],"wp:attachment":[{"href":"https:\/\/food.r-biopharm.com\/de\/wp-json\/wp\/v2\/media?parent=328681"}],"curies":[{"name":"wp","href":"https:\/\/api.w.org\/{rel}","templated":true}]}}