{"id":328720,"date":"2023-03-01T16:18:11","date_gmt":"2023-03-01T15:18:11","guid":{"rendered":"https:\/\/food.r-biopharm.com\/?page_id=328720"},"modified":"2023-03-16T10:48:45","modified_gmt":"2023-03-16T09:48:45","slug":"weinindustrie","status":"publish","type":"page","link":"https:\/\/food.r-biopharm.com\/de\/weinindustrie\/","title":{"rendered":"Wein-Industrie"},"content":{"rendered":"<!-- hero image from block -->\n<div class=\"acf-block block-hero term-slug-- term- \">\n\n    <img decoding=\"async\" class=\"block-hero__image\" src=\"https:\/\/food.r-biopharm.com\/wp-content\/uploads\/2022-01_Wein_3000x695.jpg\">\n\n    \n        <div class=\"block-hero__textbox\">\n                             <!-- Default behavior for other pages -->\n                <h1>\n                    <span class=\"block-hero__textbox__headline\">\n                        Wein-Industrie                    <\/span>\n                    <br>\n                    <span class=\"block-hero__textbox__subline\">\n                                            <\/span>\n                <\/h1>\n                    <\/div>\n\n    \n<\/div>\n\n\n\n<div class=\"acf-block row row--narrow background--transparent\">\n        \n\n<div class=\"wp-block-column column column--75 is-layout-flow wp-block-column-is-layout-flow\">\n<h2 class=\"wp-block-heading\">Enzytec\u2122 <em>Liquid<\/em> \u2013 Die n\u00e4chste Generation der enzymatischen Analytik<\/h2>\n\n\n\n<p>Auf dieser kurzen \u00dcbersichtsseite stellen wir Ihnen unser Angebot der Enzytec\u2122 <em>Liquid<\/em> Linie speziell f\u00fcr Ihre Industrie dar. Lernen Sie die Vorteile von Enzytec\u2122 <em>Liquid <\/em>kennen und verschaffen Sie sich einen \u00dcberblick \u00fcber die angebotenen Parameter mit Relevanz f\u00fcr Ihre Industrie. Folgen Sie f\u00fcr Details zu den Testkits den Links direkt auf unsere Produktseiten und z\u00f6gern Sie nicht, uns bei Fragen \u00fcber das unten dargestellte Kontaktformular zu kontaktieren. Wir freuen uns, dass Sie den Weg zu uns gefunden haben und m\u00f6chten Sie bestm\u00f6glich bei Ihren Anliegen unterst\u00fctzen.<\/p>\n\n\n\n<p>Ihr R-Biopharm Team.<\/p>\n\n\n\n<div class=\"block-featuredvideo row\">\n\n    \n        <div class=\"iframe-wrapper\">\n             <div class=\"brlbs-cmpnt-container brlbs-cmpnt-content-blocker brlbs-cmpnt-with-individual-styles\" data-borlabs-cookie-content-blocker-id=\"youtube-content-blocker\" data-borlabs-cookie-content=\"PGlmcmFtZSB0aXRsZT0iRW56eXRlY+KEoiBMaXF1aWQiIHdpZHRoPSI2NDAiIGhlaWdodD0iMzYwIiBzcmM9Imh0dHBzOi8vd3d3LnlvdXR1YmUtbm9jb29raWUuY29tL2VtYmVkLzJGSFBLTzhweWRNP2ZlYXR1cmU9b2VtYmVkIiBmcmFtZWJvcmRlcj0iMCIgYWxsb3c9ImFjY2VsZXJvbWV0ZXI7IGF1dG9wbGF5OyBjbGlwYm9hcmQtd3JpdGU7IGVuY3J5cHRlZC1tZWRpYTsgZ3lyb3Njb3BlOyBwaWN0dXJlLWluLXBpY3R1cmU7IHdlYi1zaGFyZSIgcmVmZXJyZXJwb2xpY3k9InN0cmljdC1vcmlnaW4td2hlbi1jcm9zcy1vcmlnaW4iIGFsbG93ZnVsbHNjcmVlbj48L2lmcmFtZT4=\"><div class=\"brlbs-cmpnt-cb-preset-c brlbs-cmpnt-cb-youtube\"> <div class=\"brlbs-cmpnt-cb-thumbnail\" style=\"background-image: url('https:\/\/food.r-biopharm.com\/wp-content\/uploads\/borlabs-cookie\/1\/yt_2FHPKO8pydM_hqdefault.jpg')\"><\/div> <div class=\"brlbs-cmpnt-cb-main\"> <div class=\"brlbs-cmpnt-cb-play-button\"><\/div> <div class=\"brlbs-cmpnt-cb-content\"> <p class=\"brlbs-cmpnt-cb-description\">Sie sehen gerade einen Platzhalterinhalt von <strong>YouTube<\/strong>. Um auf den eigentlichen Inhalt zuzugreifen, klicken Sie auf die Schaltfl\u00e4che unten. Bitte beachten Sie, dass dabei Daten an Drittanbieter weitergegeben werden.<\/p> <a class=\"brlbs-cmpnt-cb-provider-toggle\" href=\"#\" data-borlabs-cookie-show-provider-information role=\"button\">Mehr Informationen<\/a> <\/div> <div class=\"brlbs-cmpnt-cb-buttons\"> <a class=\"brlbs-cmpnt-cb-btn\" href=\"#\" data-borlabs-cookie-unblock role=\"button\">Inhalt entsperren<\/a> <a class=\"brlbs-cmpnt-cb-btn\" href=\"#\" data-borlabs-cookie-accept-service role=\"button\" style=\"display: inherit\">Erforderlichen Service akzeptieren und Inhalte entsperren<\/a> <\/div> <\/div> <\/div><\/div>        <\/div>\n\n    \n<\/div>\n\n\n\n\n<table id=\"tablepress-135\" class=\"tablepress tablepress-id-135\">\n<thead>\n<tr class=\"row-1\">\n\t<th class=\"column-1\">Parameter<\/th><th class=\"column-2\">Art. Nr.<\/th><th class=\"column-3\">Beschreibung<\/th>\n<\/tr>\n<\/thead>\n<tbody class=\"row-striping row-hover\">\n<tr class=\"row-2\">\n\t<td class=\"column-1\">Acetaldehyd<\/td><td class=\"column-2\">Demn\u00e4chst verf\u00fcgbar<\/td><td class=\"column-3\">Acetaldehyd zeigt die fermentative Produktion von Ethanol an. Eine hohe Konzentration wird durch das Bakterium Acetobacter verursacht, das Ethanol in Acetaldehyd und schlie\u00dflich in Essigs\u00e4ure umwandelt. Ein zu hoher Acetaldehyd-Gehalt kann dem Wein einen unangenehmen \"oxidierten\" Beigeschmack verleihen. Acetaldehyd bindet SO2 und verursacht daher den Unterschied zwischen Gesamt-SO2 und freiem SO2 .<\/td>\n<\/tr>\n<tr class=\"row-3\">\n\t<td class=\"column-1\">Essigs\u00e4ure<\/td><td class=\"column-2\"><a href=\"https:\/\/food.r-biopharm.com\/de\/produkte\/enzytec-liquid-essigsaeure\/\">E8226<\/a><\/td><td class=\"column-3\">Ist eine Verbindung, die dem Wein in kleinen Mengen Geschmack und Komplexit\u00e4t verleiht, aber in hohen Konzentrationen den Wein verdirbt. Sie wird in geringen Mengen von der Hefe und in gro\u00dfen Mengen von Verderbniserregern wie Acetobacter aceti produziert. Sie ist die vorherrschende der S\u00e4uren und macht etwa 95 % der fl\u00fcchtigen S\u00e4uren aus. Die Menge an Essigs\u00e4ure, die w\u00e4hrend der G\u00e4rung gebildet wird, liegt zwischen 0,15 und 0,8 g\/L. Eine Konzentration von mehr als 0,8 g\/L deutet auf die Anwesenheit von Verderbniserregern (Acetobacter) hin.<\/td>\n<\/tr>\n<tr class=\"row-4\">\n\t<td class=\"column-1\">Ammoniak<\/td><td class=\"column-2\"><a href=\"https:\/\/food.r-biopharm.com\/de\/produkte\/enzytec-liquid-ammonia\/\">E8390<\/a><\/td><td class=\"column-3\">Ammoniak ist eine wichtige Stickstoffquelle f\u00fcr Bakterien (siehe auch YAN: Yeast Assimilable Nitrogen). Eine hohe Konzentration deutet darauf hin, dass Aminos\u00e4uren zugesetzt wurden. Ein \u00fcberm\u00e4\u00dfiger Stickstoffgehalt tr\u00e4gt zur Bildung von Harnstoff und damit zu krebserregendem Ethylcarbamat bei. W\u00e4hrend der malolaktischen G\u00e4rung steigt die Ammoniakkonzentration an.<\/td>\n<\/tr>\n<tr class=\"row-5\">\n\t<td class=\"column-1\">L-Ascorbins\u00e4ure<\/td><td class=\"column-2\">Demn\u00e4chst verf\u00fcgbar<\/td><td class=\"column-3\">L-Ascorbins\u00e4ure wird bei der Weinherstellung als Antioxidationsmittel verwendet.<\/td>\n<\/tr>\n<tr class=\"row-6\">\n\t<td class=\"column-1\">Citronens\u00e4ure<\/td><td class=\"column-2\"><a href=\"https:\/\/food.r-biopharm.com\/de\/produkte\/enzytec-liquid-citronensaeure\/\">E8230<\/a><\/td><td class=\"column-3\">Eine wichtige Weins\u00e4ure und auch ein Zusatzstoff (E330), der zum Ausgleich des S\u00e4uregehalts von Wein verwendet wird. Kann Weinen zugesetzt werden, anstelle der Verwendung von Kaliumferrocyanid, das gef\u00e4hrlich ist. F\u00fcr EU-Mitgliedsl\u00e4nder gilt ein Grenzwert von 1 g\/L.<\/td>\n<\/tr>\n<tr class=\"row-7\">\n\t<td class=\"column-1\">Kupfer<\/td><td class=\"column-2\"><a href=\"https:\/\/food.r-biopharm.com\/de\/produkte\/enzytec-color-kupfer\/\">E2400<\/a><\/td><td class=\"column-3\">\u00dcbersch\u00fcssige Kupferionen, z.B. aus der Sch\u00f6nung, k\u00f6nnen zur Bildung eines unansehnlichen Schleiers (Casse) im fertigen Wein f\u00fchren.<\/td>\n<\/tr>\n<tr class=\"row-8\">\n\t<td class=\"column-1\">Ethanol<\/td><td class=\"column-2\"><a href=\"https:\/\/food.r-biopharm.com\/de\/produkte\/enzytec-liquid-ethanol\/\">E8340<\/a><\/td><td class=\"column-3\">Bei &gt; 140 g\/L wurde Ethanol hinzugef\u00fcgt. Normalerweise liegt die Konzentration zwischen 80 und 100 g\/L.<\/td>\n<\/tr>\n<tr class=\"row-9\">\n\t<td class=\"column-1\">Ameisens\u00e4ure<\/td><td class=\"column-2\">Verf\u00fcgbar ab <br \/>\nQ1 2023<\/td><td class=\"column-3\">Ameisens\u00e4ure kommt als Metabolit in vielen biochemischen Reaktionen vor und ist ein typisches Fermentationsprodukt von Pektin. Typische Konzentrationen schwanken zwischen 150 - 250 mg\/L im Wein.<\/td>\n<\/tr>\n<tr class=\"row-10\">\n\t<td class=\"column-1\">Eisen<\/td><td class=\"column-2\"><a href=\"https:\/\/food.r-biopharm.com\/de\/produkte\/enzytec-color-eisen\/\">E2300<\/a><\/td><td class=\"column-3\">Eisenionen, die (zusammen mit Kupfer) an der Tr\u00fcbungsbildung beteiligt sind, k\u00f6nnen den Wein durch den Kontakt mit freiliegenden Eisenoberfl\u00e4chen (nicht rostfreier Stahl) kontaminieren. Die<br \/>\nDer H\u00f6chstwert liegt bei etwa 8 mg\/L; oberhalb dieser Grenze ist die Gefahr von Eisentr\u00fcbungen gro\u00df.<\/td>\n<\/tr>\n<tr class=\"row-11\">\n\t<td class=\"column-1\">D-Glucons\u00e4ure<\/td><td class=\"column-2\"><a href=\"https:\/\/food.r-biopharm.com\/de\/produkte\/enzytec-liquid-d-gluconsaeure\/\">E8520<\/a><\/td><td class=\"column-3\">In von Botrytis befallenen Trauben ist die Glucons\u00e4ure in h\u00f6heren Konzentrationen vorhanden. Bei Wein kann das Verh\u00e4ltnis Glycerin\/Glucons\u00e4ure und Ethanol\/Glucons\u00e4ure Hinweise darauf geben, ob Glycerin oder Ethanol zugesetzt wurde.<\/td>\n<\/tr>\n<tr class=\"row-12\">\n\t<td class=\"column-1\">D-Glucose\/D-Fructose<\/td><td class=\"column-2\"><a href=\"https:\/\/food.r-biopharm.com\/de\/produkte\/enzytec-liquid-d-glucose-d-fructose-2\/\">E8160<\/a><\/td><td class=\"column-3\">Dies sind die wichtigsten fermentierbaren Zucker in Saft und Wein und die Ergebnisse werden in der Regel als Summe dieser beiden Parameter angegeben. Glucose\/Fructose ist nahezu, aber nicht zu 100 % gleichzusetzen mit \"reduzierenden Zuckern\". W\u00e4hrend der alkoholischen G\u00e4rung steigt der Gehalt an Ethanol, w\u00e4hrend der Gehalt an D-Fructose\/D-Glucose von 25 % (w\/v) auf &lt; 0,2 % (w\/v). Nach der Fermentation betr\u00e4gt das Verh\u00e4ltnis von Fruktose zu Glukose etwa 6:1 (die Fermentation von Fruktose verl\u00e4uft langsamer). Ein ungew\u00f6hnliches Glucose\/Fructose-Verh\u00e4ltnis zeigt also an, ob Zucker zugesetzt wurde.<\/td>\n<\/tr>\n<tr class=\"row-13\">\n\t<td class=\"column-1\">Glycerin<\/td><td class=\"column-2\"><a href=\"https:\/\/food.r-biopharm.com\/de\/produkte\/enzytec-liquid-glycerol\/\">E8360<\/a><\/td><td class=\"column-3\">Glycerin wird von der Hefe w\u00e4hrend der ersten G\u00e4rung produziert und tr\u00e4gt zum Mundgef\u00fchl (dem \"K\u00f6rper\" des Weins) bei. Das Ethanol\/Glycerin-Verh\u00e4ltnis zeigt an, ob Glycerin zugesetzt wurde (das durchschnittliche Glycerin\/Ethanol-Verh\u00e4ltnis liegt bei 7 - 10 %).<\/td>\n<\/tr>\n<tr class=\"row-14\">\n\t<td class=\"column-1\">Milchs\u00e4ure<\/td><td class=\"column-2\"><a href=\"https:\/\/food.r-biopharm.com\/de\/produkte\/enzytec-liquid-dl-lactic-acid-2\/\">E8240<\/a><\/td><td class=\"column-3\">Als Ergebnis der malolaktischen G\u00e4rung (MLF) steigt die Milchs\u00e4ure w\u00e4hrend des Weinherstellungsprozesses an.<\/td>\n<\/tr>\n<tr class=\"row-15\">\n\t<td class=\"column-1\">D-Apfels\u00e4ure<\/td><td class=\"column-2\">Verf\u00fcgabr ab <br \/>\nQ2 2023<\/td><td class=\"column-3\">Nur in gestrecktem Wein in nennenswerten Mengen vorhanden (racemische Mischung hinzugef\u00fcgt).<\/td>\n<\/tr>\n<tr class=\"row-16\">\n\t<td class=\"column-1\">L-\u00c4pfels\u00e4ure<\/td><td class=\"column-2\"><a href=\"https:\/\/food.r-biopharm.com\/de\/produkte\/enzytec-liquid-l-malic-acid\/\">E8280<\/a><\/td><td class=\"column-3\">Apfels\u00e4ure wird im Saft gemessen, um zuk\u00fcnftige S\u00e4urekorrekturen zu erm\u00f6glichen oder um zu beurteilen, ob die MLF in einem Wein abgeschlossen ist (&lt; 0,05 g\/L). D-Apfels\u00e4ure wird nur industriell hergestellt, so dass ihr Vorhandensein darauf hinweist, dass D-\/L-\u00c4pfels\u00e4ure zugesetzt wurde.<\/td>\n<\/tr>\n<tr class=\"row-17\">\n\t<td class=\"column-1\">Nitrat<\/td><td class=\"column-2\">Demn\u00e4chst verf\u00fcgbar<\/td><td class=\"column-3\">Eine hohe Nitratkonzentration k\u00f6nnte auf die Zugabe von Leitungswasser hinweisen.<\/td>\n<\/tr>\n<tr class=\"row-18\">\n\t<td class=\"column-1\">D-Sorbitol\/Xylitol<\/td><td class=\"column-2\">Demn\u00e4chst verf\u00fcgbar<\/td><td class=\"column-3\">Die nat\u00fcrliche D-Sorbitol-Konzentration liegt bei ca. 0,02 g\/L. Eine Konzentration von bis zu 60 g\/L deutet auf eine Vermischung mit Steinfr\u00fcchten hin. Sorbit wird h\u00e4ufig auch zugesetzt, um den zuckerfreien Extrakt zu erh\u00f6hen.<\/td>\n<\/tr>\n<tr class=\"row-19\">\n\t<td class=\"column-1\">St\u00e4rke<\/td><td class=\"column-2\">Verf\u00fcgbar ab<br \/>\nQ1 2023<\/td><td class=\"column-3\">Teilweise hydrolysierte St\u00e4rke wird in Erfrischungsgetr\u00e4nken verwendet und illegal dem Wein zugesetzt, um den Trockenextrakt zu erh\u00f6hen (was eine bessere Weinqualit\u00e4t vort\u00e4uscht).<\/td>\n<\/tr>\n<tr class=\"row-20\">\n\t<td class=\"column-1\">Bernsteins\u00e4ure<\/td><td class=\"column-2\">Demn\u00e4chst verf\u00fcgbar<\/td><td class=\"column-3\">Bernsteins\u00e4ure wird w\u00e4hrend der G\u00e4rung gebildet und kann erheblich zum titrierbaren S\u00e4uregehalt beitragen.<\/td>\n<\/tr>\n<tr class=\"row-21\">\n\t<td class=\"column-1\">Saccharose<\/td><td class=\"column-2\"><a href=\"https:\/\/food.r-biopharm.com\/de\/produkte\/enzytec-liquid-sucrose-d-glucose\/\">E8180<\/a><\/td><td class=\"column-3\">Saccharose wird unter den sauren Bedingungen im Wein schnell hydrolysiert. Saccharose kann den Mosten zugesetzt werden, um die Ethanolkonzentration zu erh\u00f6hen.<\/td>\n<\/tr>\n<tr class=\"row-22\">\n\t<td class=\"column-1\">Sulfit (frei und gesamt)<\/td><td class=\"column-2\"><a href=\"https:\/\/food.r-biopharm.com\/de\/produkte\/enzytec-liquid-so2-total\/\">E8600<\/a><br \/>\n<a href=\"https:\/\/food.r-biopharm.com\/de\/produkte\/enzytec-liquid-so2-free-2\/\">E8610<\/a><\/td><td class=\"column-3\">Der Schwefeldioxidgehalt von Wein ist einer der wichtigsten Parameter, die ein Winzer kennen muss. SO2 wird w\u00e4hrend der gesamten G\u00e4rung zugesetzt, um das Wachstum wilder Hefen zu hemmen und so den Wein zu stabilisieren. Der EU-Grenzwert liegt bei 175 mg\/L SO2 f\u00fcr Rotwein. Konzentrationen von &gt; 300 mg\/L SO2 stellen ein Gesundheitsrisiko f\u00fcr den Menschen dar.<\/td>\n<\/tr>\n<tr class=\"row-23\">\n\t<td class=\"column-1\">Weins\u00e4ure<\/td><td class=\"column-2\"><a href=\"https:\/\/food.r-biopharm.com\/de\/produkte\/enzytec-color-weinsaeure\/\">E3100<\/a><\/td><td class=\"column-3\">Weins\u00e4ure ist eine der wichtigsten S\u00e4uren in Weintrauben.<\/td>\n<\/tr>\n<tr class=\"row-24\">\n\t<td class=\"column-1\">Harnstoff<\/td><td class=\"column-2\"><a href=\"https:\/\/food.r-biopharm.com\/de\/produkte\/enzytec-liquid-harnstoff-ammoniak\/\">E8395<\/a><\/td><td class=\"column-3\">Wenn sich \u00fcbersch\u00fcssiger Harnstoff im Wein bildet, verbindet er sich w\u00e4hrend der Lagerung und Reifung mit dem Ethanol im Wein und bildet Ethylcarbamat, ein bekanntes Karzinogen. H\u00e4ufig wird am Ende des G\u00e4rungsprozesses Urease hinzugef\u00fcgt, um Harnstoff in CO2 und NH3 umzuwandeln.<\/td>\n<\/tr>\n<\/tbody>\n<\/table>\n<!-- #tablepress-135 from cache -->\n\n\n\n<h2 class=\"wp-block-heading\">Kontakt<\/h2>\n\n\n\n\n\t\t\t\t\t\t<script>\n\t\t\t\t\t\t\twindow.hsFormsOnReady = window.hsFormsOnReady || [];\n\t\t\t\t\t\t\twindow.hsFormsOnReady.push(()=>{\n\t\t\t\t\t\t\t\thbspt.forms.create({\n\t\t\t\t\t\t\t\t\tportalId: 4832203,\n\t\t\t\t\t\t\t\t\tformId: \"e26ed821-556f-4eac-8af6-cfd55fe5c656\",\n\t\t\t\t\t\t\t\t\ttarget: \"#hbspt-form-1777470280000-5073306455\",\n\t\t\t\t\t\t\t\t\tregion: \"na1\",\n\t\t\t\t\t\t\t\t\t\n\t\t\t\t\t\t\t})});\n\t\t\t\t\t\t<\/script>\n\t\t\t\t\t\t<div class=\"hbspt-form\" id=\"hbspt-form-1777470280000-5073306455\"><\/div>\n<\/div>\n\n\n\n<div class=\"wp-block-column column column--25 is-layout-flow wp-block-column-is-layout-flow\"><\/div>\n\n\n<\/div>\n\n\n\n<div class=\"acf-block row row-- background--\">\n        \n\n<div class=\"wp-block-column column column--75 is-layout-flow wp-block-column-is-layout-flow\"><\/div>\n\n\n\n<div class=\"wp-block-column column column--25 is-layout-flow wp-block-column-is-layout-flow\"><\/div>\n\n\n<\/div>\n","protected":false},"excerpt":{"rendered":"","protected":false},"author":330,"featured_media":0,"parent":0,"menu_order":0,"comment_status":"closed","ping_status":"closed","template":"","meta":{"_acf_changed":false,"_seopress_robots_primary_cat":"","_seopress_titles_title":"","_seopress_titles_desc":"","_seopress_robots_index":"","content-type":"","_relevanssi_hide_post":"","_relevanssi_hide_content":"","_relevanssi_pin_for_all":"","_relevanssi_pin_keywords":"","_relevanssi_unpin_keywords":"","_relevanssi_related_keywords":"","_relevanssi_related_include_ids":"","_relevanssi_related_exclude_ids":"","_relevanssi_related_no_append":"","_relevanssi_related_not_related":"","_relevanssi_related_posts":"29197,141703,17437,143222,97534,11163","_relevanssi_noindex_reason":"","inline_featured_image":false,"footnotes":""},"class_list":["post-328720","page","type-page","status-publish","hentry"],"acf":[],"_links":{"self":[{"href":"https:\/\/food.r-biopharm.com\/de\/wp-json\/wp\/v2\/pages\/328720","targetHints":{"allow":["GET"]}}],"collection":[{"href":"https:\/\/food.r-biopharm.com\/de\/wp-json\/wp\/v2\/pages"}],"about":[{"href":"https:\/\/food.r-biopharm.com\/de\/wp-json\/wp\/v2\/types\/page"}],"author":[{"embeddable":true,"href":"https:\/\/food.r-biopharm.com\/de\/wp-json\/wp\/v2\/users\/330"}],"replies":[{"embeddable":true,"href":"https:\/\/food.r-biopharm.com\/de\/wp-json\/wp\/v2\/comments?post=328720"}],"version-history":[{"count":8,"href":"https:\/\/food.r-biopharm.com\/de\/wp-json\/wp\/v2\/pages\/328720\/revisions"}],"predecessor-version":[{"id":329588,"href":"https:\/\/food.r-biopharm.com\/de\/wp-json\/wp\/v2\/pages\/328720\/revisions\/329588"}],"wp:attachment":[{"href":"https:\/\/food.r-biopharm.com\/de\/wp-json\/wp\/v2\/media?parent=328720"}],"curies":[{"name":"wp","href":"https:\/\/api.w.org\/{rel}","templated":true}]}}