{"id":329822,"date":"2023-03-28T12:05:37","date_gmt":"2023-03-28T10:05:37","guid":{"rendered":"https:\/\/food.r-biopharm.com\/?page_id=329822"},"modified":"2023-03-30T12:49:56","modified_gmt":"2023-03-30T10:49:56","slug":"enzytec-standards","status":"publish","type":"page","link":"https:\/\/food.r-biopharm.com\/de\/enzytec-standards\/","title":{"rendered":"Enzytec Standards"},"content":{"rendered":"<!-- hero image from block -->\n<div class=\"acf-block block-hero term-slug-- term- \">\n\n    <img decoding=\"async\" class=\"block-hero__image\" src=\"https:\/\/food.r-biopharm.com\/wp-content\/uploads\/2021\/11\/2021-11_Inhaltsstoffe_3000x695-scaled.jpg\">\n\n    \n        <div class=\"block-hero__textbox\">\n                             <!-- Default behavior for other pages -->\n                <h1>\n                    <span class=\"block-hero__textbox__headline\">\n                        Enzytec\u2122 <i>Liquid<\/i> Multi Standards                    <\/span>\n                    <br>\n                    <span class=\"block-hero__textbox__subline\">\n                                            <\/span>\n                <\/h1>\n                    <\/div>\n\n    \n<\/div>\n\n\n\n<div class=\"acf-block row row--narrow background--transparent\">\n        \n\n<div class=\"wp-block-column column column--75 is-layout-flow wp-block-column-is-layout-flow\">\n<h2 class=\"wp-block-heading\">Enzytec\u2122 <em>Liquid <\/em>Multi Standards<\/h2>\n\n\n\n<p>Multi-Parameter-Kalibratoren und -Kontrollen sind essentiell bei der enzymatischen Analyse von Zucker- und organischen S\u00e4uregehalten in der Lebensmittel- und Getr\u00e4nkeindustrie. Diese Tools bieten zahlreiche Vorteile f\u00fcr den Anwender, von einer erh\u00f6hten Effizienz und Genauigkeit der Analyse bis hin zur Sicherstellung von Produktqualit\u00e4t und -sicherheit. Bei der automatisierten Abarbeitung werden die Kalibratoren (hohe Konzentration) zum Erstellen einer Standardkurve verwendet. Die Kontrollen (niedrige Konzentration) werden bei der automatisierten und bei der manuellen Abarbeitung als \u00dcberpr\u00fcfung der durchgef\u00fchrten Analyse angewendet.<\/p>\n\n\n\n<p>Hier sind die Top 7 Vorteile der Verwendung von Multi-Parameter-Kalibratoren und -Kontrollen bei der enzymatischen Analyse von Zucker- und organischen S\u00e4uregehalten in der Lebensmittel- und Getr\u00e4nkeindustrie.<\/p>\n\n\n\n<ol class=\"wp-block-list\" type=\"1\">\n<li>Erh\u00f6hte Effizienz und Genauigkeit der Analyse durch die gleichzeitige Kalibrierung mehrerer Parameter bei der automatisierten Abarbeitung.<\/li>\n\n\n\n<li>\u00dcberwachung der Genauigkeit und Konsistenz des Analyse-Systems durch die Verwendung von Kontrollproben mit bekannten Werten f\u00fcr mehrere Parameter.<\/li>\n\n\n\n<li>Steigerung des Vertrauens in eigenen Herstellungsprozess und die Qualit\u00e4t des Endproduktes.<\/li>\n\n\n\n<li>Reduzierung von Kontroll-Fl\u00e4schchen auf der Laborbank bei manueller Durchf\u00fchrung und Einsparen von Proben-Pl\u00e4tzen auf Analyzern<\/li>\n\n\n\n<li>M\u00f6glichkeit zur Identifizierung und Korrektur von Fehlern oder Abweichungen im Herstell- und\/oder Analyseprozess.<\/li>\n\n\n\n<li>Einhaltung von Branchenvorschriften und -standards.<\/li>\n\n\n\n<li>Erh\u00f6hte Wettbewerbsf\u00e4higkeit auf dem Markt durch die Herstellung von hochwertigen Produkten.<\/li>\n<\/ol>\n\n\n\n<p><\/p>\n\n\n\n<p><\/p>\n\n\n\n<figure class=\"wp-block-image size-full\"><img loading=\"lazy\" decoding=\"async\" width=\"900\" height=\"450\" src=\"https:\/\/food.r-biopharm.com\/wp-content\/uploads\/e8440-und-e8445_enzytec-liquid-multi-sugar_neutral_rgb_900x450_2021-01-1.jpg\" alt=\"\" class=\"wp-image-311514\" srcset=\"https:\/\/food.r-biopharm.com\/wp-content\/uploads\/e8440-und-e8445_enzytec-liquid-multi-sugar_neutral_rgb_900x450_2021-01-1.jpg 900w, https:\/\/food.r-biopharm.com\/wp-content\/uploads\/e8440-und-e8445_enzytec-liquid-multi-sugar_neutral_rgb_900x450_2021-01-1-710x355.jpg 710w, https:\/\/food.r-biopharm.com\/wp-content\/uploads\/e8440-und-e8445_enzytec-liquid-multi-sugar_neutral_rgb_900x450_2021-01-1-768x384.jpg 768w\" sizes=\"auto, (max-width: 900px) 100vw, 900px\" \/><\/figure>\n\n\n\n<p><\/p>\n\n\n\n<p><\/p>\n\n\n\n\n<table id=\"tablepress-142\" class=\"tablepress tablepress-id-142\">\n<thead>\n<tr class=\"row-1\">\n\t<th class=\"column-1\">Produkt<\/th><th class=\"column-2\">Art. Nr.<\/th><th class=\"column-3\">Beschreibung<\/th>\n<\/tr>\n<\/thead>\n<tbody class=\"row-striping row-hover\">\n<tr class=\"row-2\">\n\t<td class=\"column-1\">Enzytec\u2122 Multi-sugar standard low<\/td><td class=\"column-2\"><a href=\"https:\/\/food.r-biopharm.com\/de\/produkte\/enzytec-multi-sugar-standard-low-high\/\">E8440<\/a><\/td><td class=\"column-3\">Der Zucker-Kombistandard E8440 ist eine gebrauchsfertige, w\u00e4ssrige L\u00f6sung zur Kontrolle von Pr\u00e4zision und Richtigkeit bei manueller und automatisierter Durchf\u00fchrung. <\/td>\n<\/tr>\n<tr class=\"row-3\">\n\t<td class=\"column-1\">Enzytec\u2122 Multi-sugar standard high<\/td><td class=\"column-2\"><a href=\"https:\/\/food.r-biopharm.com\/de\/produkte\/enzytec-multi-sugar-standard-low-high\/\">E8445<\/a><\/td><td class=\"column-3\">Der Zucker-Kombistandard E8445 ist eine w\u00e4ssrige L\u00f6sung zur Kalibration von automatisierten photometrischen Systemen.<\/td>\n<\/tr>\n<tr class=\"row-4\">\n\t<td class=\"column-1\">Enzytec\u2122 Multi-acid standard low<\/td><td class=\"column-2\"><a href=\"https:\/\/food.r-biopharm.com\/de\/produkte\/enzytec-multi-acid-standard-low-high\/\">E8460<\/a><\/td><td class=\"column-3\">Der S\u00e4ure-Kombistandard E8460 ist eine gebrauchsfertige, w\u00e4ssrige L\u00f6sung zur Kontrolle von Pr\u00e4zision und Richtigkeit bei manueller und automatisierter Durchf\u00fchrung.<\/td>\n<\/tr>\n<tr class=\"row-5\">\n\t<td class=\"column-1\">Enzytec\u2122 Multi-acid standard high<\/td><td class=\"column-2\"><a href=\"https:\/\/food.r-biopharm.com\/de\/produkte\/enzytec-multi-acid-standard-low-high\/\">E8465<\/a><\/td><td class=\"column-3\">Der S\u00e4ure-Kombistandard E8465 ist eine w\u00e4ssrige L\u00f6sung zur Kalibration von automatisierten photometrischen Systemen.<\/td>\n<\/tr>\n<\/tbody>\n<\/table>\n<!-- #tablepress-142 from cache -->\n\n\n\n<h2 class=\"wp-block-heading\">Kontakt<\/h2>\n\n\n\n\n\t\t\t\t\t\t<script>\n\t\t\t\t\t\t\twindow.hsFormsOnReady = window.hsFormsOnReady || [];\n\t\t\t\t\t\t\twindow.hsFormsOnReady.push(()=>{\n\t\t\t\t\t\t\t\thbspt.forms.create({\n\t\t\t\t\t\t\t\t\tportalId: 4832203,\n\t\t\t\t\t\t\t\t\tformId: \"e26ed821-556f-4eac-8af6-cfd55fe5c656\",\n\t\t\t\t\t\t\t\t\ttarget: \"#hbspt-form-1777470279000-8354786802\",\n\t\t\t\t\t\t\t\t\tregion: \"na1\",\n\t\t\t\t\t\t\t\t\t\n\t\t\t\t\t\t\t})});\n\t\t\t\t\t\t<\/script>\n\t\t\t\t\t\t<div class=\"hbspt-form\" id=\"hbspt-form-1777470279000-8354786802\"><\/div>\n<\/div>\n\n\n\n<div class=\"wp-block-column column column--25 is-layout-flow wp-block-column-is-layout-flow\"><\/div>\n\n\n<\/div>\n\n\n\n<p><\/p>\n","protected":false},"excerpt":{"rendered":"","protected":false},"author":330,"featured_media":0,"parent":0,"menu_order":0,"comment_status":"closed","ping_status":"closed","template":"","meta":{"_acf_changed":false,"_seopress_robots_primary_cat":"","_seopress_titles_title":"","_seopress_titles_desc":"","_seopress_robots_index":"","content-type":"","_relevanssi_hide_post":"","_relevanssi_hide_content":"","_relevanssi_pin_for_all":"","_relevanssi_pin_keywords":"","_relevanssi_unpin_keywords":"","_relevanssi_related_keywords":"","_relevanssi_related_include_ids":"","_relevanssi_related_exclude_ids":"","_relevanssi_related_no_append":"","_relevanssi_related_not_related":"","_relevanssi_related_posts":"59079,116351,64949,111406,97529,62056","_relevanssi_noindex_reason":"","inline_featured_image":false,"footnotes":""},"class_list":["post-329822","page","type-page","status-publish","hentry"],"acf":[],"_links":{"self":[{"href":"https:\/\/food.r-biopharm.com\/de\/wp-json\/wp\/v2\/pages\/329822","targetHints":{"allow":["GET"]}}],"collection":[{"href":"https:\/\/food.r-biopharm.com\/de\/wp-json\/wp\/v2\/pages"}],"about":[{"href":"https:\/\/food.r-biopharm.com\/de\/wp-json\/wp\/v2\/types\/page"}],"author":[{"embeddable":true,"href":"https:\/\/food.r-biopharm.com\/de\/wp-json\/wp\/v2\/users\/330"}],"replies":[{"embeddable":true,"href":"https:\/\/food.r-biopharm.com\/de\/wp-json\/wp\/v2\/comments?post=329822"}],"version-history":[{"count":14,"href":"https:\/\/food.r-biopharm.com\/de\/wp-json\/wp\/v2\/pages\/329822\/revisions"}],"predecessor-version":[{"id":331095,"href":"https:\/\/food.r-biopharm.com\/de\/wp-json\/wp\/v2\/pages\/329822\/revisions\/331095"}],"wp:attachment":[{"href":"https:\/\/food.r-biopharm.com\/de\/wp-json\/wp\/v2\/media?parent=329822"}],"curies":[{"name":"wp","href":"https:\/\/api.w.org\/{rel}","templated":true}]}}