{"id":76231,"date":"2017-09-19T09:23:37","date_gmt":"2017-09-19T09:23:37","guid":{"rendered":"http:\/\/food.rbiodev.de\/?page_id=76231"},"modified":"2017-10-26T15:35:19","modified_gmt":"2017-10-26T15:35:19","slug":"schalentiere","status":"publish","type":"page","link":"https:\/\/food.r-biopharm.com\/de\/analyten\/lebensmittelallergene\/schalentiere\/","title":{"rendered":"Schalentiere"},"content":{"rendered":"<p><strong>Krustentiere und Weichtiere m\u00fcssen gem\u00e4\u00df EU-Verordnung (EC 1829\/2003 und EC 1830\/2002) als allergene Zutat in Lebensmitteln deklariert werden.<\/strong><\/p>\n<p>Krustentiere z\u00e4hlen zudem zu den 8 Allergen, die in den USA und in vielen weiteren L\u00e4ndern deklariert werden m\u00fcssen. In der EU und in S\u00fcdafrika m\u00fcssen auch Mollusken gekennzeichnet werden. Allergien gegen\u00fcber Meeresfr\u00fcchten sind je nach Region unterschiedlich weit verbreitet; in K\u00fcstenregionen, wo vermehrt Meeresfr\u00fcchte auf dem Speiseplan stehen, sind deutlich mehr Menschen betroffen als im Landesinneren. Ein allgemeines Risikomanagement ist daher schwierig.<\/p>\n<h3 class=\"knubbel\">Krustentiere (Crustaceen)<\/h3>\n<p>Zu der Gattung der Krustentiere (Crustaceen) z\u00e4hlen Garnelen, Krabben, Shrimps, Hummer, Langusten, Krill, Fluss- und Taschenkrebse. Der Verzehr von Krustentieren kann bei Allergikern schwere allergische Reaktionen ausl\u00f6sen, die die Haut, den Magen-Darm-Trakt oder die Atemwege betreffen. Verantwortlich daf\u00fcr ist vor allem das Muskelprotein Tropomyosin. Dieses hitzestabile Protein macht 20 % des Gesamteiwei\u00dfgehaltes in Krustentieren aus. Allergien gegen Krustentiere treten vermehrt im Erwachsenenalter auf und bleiben oft lebenslang bestehen. Hochgradige Sensibilisierungen sind nicht selten. Um diese allergischen Reaktionen zu vermeiden, m\u00fcssen Lebensmittel-Produktionslinien frei von R\u00fcckst\u00e4nden sein. Die Effektivit\u00e4t der Reinigung von Produktionsanlagen kann mit einem Lateral Flow-Wischtest \u00fcberpr\u00fcft werden, w\u00e4hrend f\u00fcr die Analyse von Lebensmitteln ELISA- und PCR-Tests zur Verf\u00fcgung stehen.<\/p>\n<h3 class=\"knubbel\">Weichtiere (Mollusken)<\/h3>\n<p>Zu der Gattung der Weichtiere (Mollusken) z\u00e4hlt man Muscheln, Schnecken und Kopff\u00fc\u00dfer (Tintenfische, Kalmare). Vor allem in K\u00fcstenregionen sind Weichtiere wie Miesmuscheln, Austern oder Oktopus eine beliebte Speise. Doch manche Menschen zeigen nach dem Verzehr allergische Reaktionen. Wie bei den Krustentieren ist auch bei Weichtieren das allergene Muskelprotein Tropomyosin die Hauptursache f\u00fcr allergische Reaktionen. Dadurch k\u00f6nnen auch Kreuzallergien auftreten. Hochgradige Sensibilisierungen sind m\u00f6glich, sodass schon kleinste Mengen schwere Reaktionen ausl\u00f6sen k\u00f6nnen.<\/p>\n<h3 style=\"margin-bottom: 25px;\">Technologie w\u00e4hlen<\/h3>\n<p><div class=\"facetwp-facet facetwp-facet-technologies_fselect facetwp-type-fselect\" data-name=\"technologies_fselect\" data-type=\"fselect\"><\/div><\/p>\n<h3>Parameter w\u00e4hlen<\/h3>\n<p><\/p>\n<h3>Passende Produkte zu Ihrer Auswahl<\/h3>\n<p><div class=\"facetwp-template\" data-name=\"shellfish\"><ul class=\"product_facets\"><li>\n<a class=\"facetwp_pimg\" href=\"https:\/\/food.r-biopharm.com\/de\/produkte\/ridascreeneasy-crustacean\/\"><img loading=\"lazy\" decoding=\"async\" width=\"100\" height=\"50\" src=\"https:\/\/food.r-biopharm.com\/wp-content\/uploads\/RAE3001-RIDASREEN-EASY-Crustacean_Neutral_RGB_1200x600_10-2024-710x355.jpg\" class=\"recent-thumbs wp-post-image\" alt=\"\" srcset=\"https:\/\/food.r-biopharm.com\/wp-content\/uploads\/RAE3001-RIDASREEN-EASY-Crustacean_Neutral_RGB_1200x600_10-2024-710x355.jpg 710w, https:\/\/food.r-biopharm.com\/wp-content\/uploads\/RAE3001-RIDASREEN-EASY-Crustacean_Neutral_RGB_1200x600_10-2024-768x384.jpg 768w, https:\/\/food.r-biopharm.com\/wp-content\/uploads\/RAE3001-RIDASREEN-EASY-Crustacean_Neutral_RGB_1200x600_10-2024.jpg 1200w\" sizes=\"auto, (max-width: 100px) 100vw, 100px\" \/><\/a>\n<div class=\"facetwp_title_container\"><a class=\"facetwp_ptitle\" href=\"https:\/\/food.r-biopharm.com\/de\/produkte\/ridascreeneasy-crustacean\/\">RIDASCREEN\u00aeEASY Crustacean<\/a><\/div>\n<\/li>\n\n<li>\n<a class=\"facetwp_pimg\" href=\"https:\/\/food.r-biopharm.com\/de\/produkte\/surefood-allergen-4plex-seafood\/\"><img loading=\"lazy\" decoding=\"async\" width=\"100\" height=\"50\" src=\"https:\/\/food.r-biopharm.com\/wp-content\/uploads\/S3405_SF_ALLERGEN_4plex_SEAFOOD_Neutral_RGB_LowRes_1200x600_2024-10-710x355.jpg\" class=\"recent-thumbs wp-post-image\" alt=\"\" srcset=\"https:\/\/food.r-biopharm.com\/wp-content\/uploads\/S3405_SF_ALLERGEN_4plex_SEAFOOD_Neutral_RGB_LowRes_1200x600_2024-10-710x355.jpg 710w, https:\/\/food.r-biopharm.com\/wp-content\/uploads\/S3405_SF_ALLERGEN_4plex_SEAFOOD_Neutral_RGB_LowRes_1200x600_2024-10-768x384.jpg 768w, https:\/\/food.r-biopharm.com\/wp-content\/uploads\/S3405_SF_ALLERGEN_4plex_SEAFOOD_Neutral_RGB_LowRes_1200x600_2024-10.jpg 1200w\" sizes=\"auto, (max-width: 100px) 100vw, 100px\" \/><\/a>\n<div class=\"facetwp_title_container\"><a class=\"facetwp_ptitle\" href=\"https:\/\/food.r-biopharm.com\/de\/produkte\/surefood-allergen-4plex-seafood\/\">SureFood\u00ae ALLERGEN 4plex SEAFOOD<\/a><\/div>\n<\/li>\n\n<li>\n<a class=\"facetwp_pimg\" href=\"https:\/\/food.r-biopharm.com\/de\/produkte\/bioavid-lateral-flow-crustacean-incl-hook-line\/\"><img loading=\"lazy\" decoding=\"async\" width=\"79\" height=\"50\" src=\"https:\/\/food.r-biopharm.com\/wp-content\/uploads\/bioavid-Hook-Linie_Neutral_RGB_LowRes_2022-10-710x450.jpg\" class=\"recent-thumbs wp-post-image\" alt=\"\" \/><\/a>\n<div class=\"facetwp_title_container\"><a class=\"facetwp_ptitle\" href=\"https:\/\/food.r-biopharm.com\/de\/produkte\/bioavid-lateral-flow-crustacean-incl-hook-line\/\">bioavid Lateral Flow Crustacean incl. Hook line<\/a><\/div>\n<\/li>\n\n<li>\n<a class=\"facetwp_pimg\" href=\"https:\/\/food.r-biopharm.com\/de\/produkte\/surefood-allergen-molluscs-2\/\"><img loading=\"lazy\" decoding=\"async\" width=\"100\" height=\"50\" src=\"https:\/\/food.r-biopharm.com\/wp-content\/uploads\/surefood-pcr_generisch_600x300px-1-1.jpg\" class=\"recent-thumbs wp-post-image\" alt=\"\" \/><\/a>\n<div class=\"facetwp_title_container\"><a class=\"facetwp_ptitle\" href=\"https:\/\/food.r-biopharm.com\/de\/produkte\/surefood-allergen-molluscs-2\/\">SureFood\u00ae ALLERGEN Molluscs \/ Mollusken<\/a><\/div>\n<\/li>\n\n<li>\n<a class=\"facetwp_pimg\" href=\"https:\/\/food.r-biopharm.com\/de\/produkte\/surefood-allergen-crustaceans-2\/\"><img loading=\"lazy\" decoding=\"async\" width=\"100\" height=\"50\" src=\"https:\/\/food.r-biopharm.com\/wp-content\/uploads\/CONGEN-SF-Allergen_Neutral_RGB_1200x600_02-2024-710x355.jpg\" class=\"recent-thumbs wp-post-image\" alt=\"\" srcset=\"https:\/\/food.r-biopharm.com\/wp-content\/uploads\/CONGEN-SF-Allergen_Neutral_RGB_1200x600_02-2024-710x355.jpg 710w, https:\/\/food.r-biopharm.com\/wp-content\/uploads\/CONGEN-SF-Allergen_Neutral_RGB_1200x600_02-2024-768x384.jpg 768w, https:\/\/food.r-biopharm.com\/wp-content\/uploads\/CONGEN-SF-Allergen_Neutral_RGB_1200x600_02-2024.jpg 1200w\" sizes=\"auto, (max-width: 100px) 100vw, 100px\" \/><\/a>\n<div class=\"facetwp_title_container\"><a class=\"facetwp_ptitle\" href=\"https:\/\/food.r-biopharm.com\/de\/produkte\/surefood-allergen-crustaceans-2\/\">SureFood\u00ae ALLERGEN Crustaceans \/ Krustentiere<\/a><\/div>\n<\/li>\n\n<\/ul><\/div><div class=\"facetwp-facet facetwp-facet-load_more_pager facetwp-type-pager\" data-name=\"load_more_pager\" data-type=\"pager\"><button class=\"facetwp-load-more\" data-loading=\"Loading...\">Load more<\/button><\/div><\/p>\n<h2 class=\"knubbel\">Neuigkeiten aus dem Bereich Allergene<\/h2>\n<p>[mk_blog_carousel cat=&#8220;459&#8243;]<\/p>\n<h2 class=\"knubbel\">Das k\u00f6nnte Sie auch interessieren<\/h2>\n<p>[vc_row_inner css=&#8220;.vc_custom_1468404266697{margin-bottom: 40px !important;}&#8220;][vc_column_inner width=&#8220;1\/3&#8243; css=&#8220;.vc_custom_1468416557833{padding-bottom: 10px !important;padding-left: 0px !important;}&#8220;][mk_flipbox_rb taxonomy=&#8220;analyte&#8220; tag_analyte=&#8220;lebensmittelallergene&#8220; min_height=&#8220;200&#8243; button_text=&#8220;More information&#8220; button_bg_color=&#8220;#4d4d4d&#8220; button_bg_hover_color=&#8220;#ffffff&#8220; tag_analytes=&#8220;mycotoxins&#8220;][vc_column_inner width=&#8220;1\/3&#8243; css=&#8220;.vc_custom_1468416552613{padding-right: 7.5px !important;padding-bottom: 10px !important;padding-left: 7.5px !important;}&#8220;][mk_flipbox_rb taxonomy=&#8220;analyte&#8220; tag_analyte=&#8220;lebensmittelallergene&#8220; offset=&#8220;1&#8243; min_height=&#8220;200&#8243; button_text=&#8220;More information&#8220; button_bg_color=&#8220;#4d4d4d&#8220; button_bg_hover_color=&#8220;#ffffff&#8220; tag_analytes=&#8220;mycotoxins&#8220;][vc_column_inner width=&#8220;1\/3&#8243; css=&#8220;.vc_custom_1468416547451{padding-right: 0px !important;padding-bottom: 10px !important;}&#8220;][mk_flipbox_rb taxonomy=&#8220;analyte&#8220; tag_analyte=&#8220;lebensmittelallergene&#8220; offset=&#8220;2&#8243; min_height=&#8220;200&#8243; button_text=&#8220;More information&#8220; button_bg_color=&#8220;#4d4d4d&#8220; button_bg_hover_color=&#8220;#ffffff&#8220; tag_analytes=&#8220;mycotoxins&#8220;]<\/p>\n<h2>Beratung zum Thema Allergenanalytik<\/h2>\n<p>Fragen? Unser erfahrenes Team unterst\u00fctzt Sie gern mit individuell zugeschnittenen L\u00f6sungen f\u00fcr Ihre Analytik.<p><a href=\"\/de\/kontakt\/\">Kontakt<\/a><\/p><\/p>\n","protected":false},"excerpt":{"rendered":"","protected":false},"author":27,"featured_media":0,"parent":76193,"menu_order":0,"comment_status":"closed","ping_status":"closed","template":"","meta":{"_acf_changed":false,"_seopress_robots_primary_cat":"","_seopress_titles_title":"","_seopress_titles_desc":"","_seopress_robots_index":"","content-type":"","_relevanssi_hide_post":"","_relevanssi_hide_content":"","_relevanssi_pin_for_all":"","_relevanssi_pin_keywords":"","_relevanssi_unpin_keywords":"","_relevanssi_related_keywords":"","_relevanssi_related_include_ids":"","_relevanssi_related_exclude_ids":"","_relevanssi_related_no_append":"","_relevanssi_related_not_related":"","_relevanssi_related_posts":"114884,116898,124186,300362,300369,31101","_relevanssi_noindex_reason":"","inline_featured_image":false,"footnotes":""},"class_list":["post-76231","page","type-page","status-publish","hentry"],"acf":[],"_links":{"self":[{"href":"https:\/\/food.r-biopharm.com\/de\/wp-json\/wp\/v2\/pages\/76231","targetHints":{"allow":["GET"]}}],"collection":[{"href":"https:\/\/food.r-biopharm.com\/de\/wp-json\/wp\/v2\/pages"}],"about":[{"href":"https:\/\/food.r-biopharm.com\/de\/wp-json\/wp\/v2\/types\/page"}],"author":[{"embeddable":true,"href":"https:\/\/food.r-biopharm.com\/de\/wp-json\/wp\/v2\/users\/27"}],"replies":[{"embeddable":true,"href":"https:\/\/food.r-biopharm.com\/de\/wp-json\/wp\/v2\/comments?post=76231"}],"version-history":[{"count":3,"href":"https:\/\/food.r-biopharm.com\/de\/wp-json\/wp\/v2\/pages\/76231\/revisions"}],"predecessor-version":[{"id":97820,"href":"https:\/\/food.r-biopharm.com\/de\/wp-json\/wp\/v2\/pages\/76231\/revisions\/97820"}],"up":[{"embeddable":true,"href":"https:\/\/food.r-biopharm.com\/de\/wp-json\/wp\/v2\/pages\/76193"}],"wp:attachment":[{"href":"https:\/\/food.r-biopharm.com\/de\/wp-json\/wp\/v2\/media?parent=76231"}],"curies":[{"name":"wp","href":"https:\/\/api.w.org\/{rel}","templated":true}]}}