{"id":101096,"date":"2018-04-19T18:32:25","date_gmt":"2018-04-19T18:32:25","guid":{"rendered":"https:\/\/food.r-biopharm.com\/servicios-analiticos\/"},"modified":"2019-07-05T11:44:26","modified_gmt":"2019-07-05T11:44:26","slug":"servicios-analiticos","status":"publish","type":"page","link":"https:\/\/food.r-biopharm.com\/es\/soluciones\/servicios-analiticos\/","title":{"rendered":"Servicios anal\u00edticos"},"content":{"rendered":"<p><strong>Nuestros competentes socios de Trilogy Analytical Laboratory y CONGEN ofrecen servicios anal\u00edticos especiales (por ejemplo, investigaci\u00f3n y certificaci\u00f3n por contrato) que le ayudar\u00e1n durante sus procedimientos de rutina de laboratorio.<\/strong>[vc_column_inner width=\u00bb2\/3&#8243;]<\/p>\n<h3 class=\"knubbel\">Servicios anal\u00edticos prestados por Trilogy<\/h3>\n<p>Adem\u00e1s de su gama de columnas de purificaci\u00f3n, est\u00e1ndares de referencia y herramientas de laboratorio, <a href=\"http:\/\/www.trilogylab.com\/\" target=\"_blank\" rel=\"noopener noreferrer\">Trilogy\u00ae Analytical Laboratory<\/a>\u00a0ofrece los siguientes servicios anal\u00edticos para laboratorios:<\/p>\n<ul>\n<li>Investigaci\u00f3n por contrato: an\u00e1lisis de amina bi\u00f3gena, cribado de residuos farmacol\u00f3gicos, an\u00e1lisis de al\u00e9rgenos alimentarios, an\u00e1lisis de micotoxinas, an\u00e1lisis de adsorbentes de micotoxinas<\/li>\n<li>Fabricaci\u00f3n personalizada<\/li>\n<li>Programas de calidad personalizados<\/li>\n<li>Aprobaci\u00f3n de kits de ensayo<\/li>\n<li>Ensayos de aptitud<\/li>\n<\/ul>\n<p>[vc_column_inner width=\u00bb1\/3&#8243;]<img decoding=\"async\" src=\"https:\/\/food.r-biopharm.com\/wp-content\/uploads\/logo-v13.png\" class=\"mk_image\"><\/p>\n<h2>Asistencia<\/h2>\n<p>\u00bfTiene alguna pregunta m\u00e1s en relaci\u00f3n con nuestros servicios anal\u00edticos? Nos complacer\u00e1 asesorarle al respecto.<p><a href=\"\/es\/contacto\/\">Escr\u00edbanos<\/a><\/p><\/p>\n","protected":false},"excerpt":{"rendered":"","protected":false},"author":27,"featured_media":0,"parent":102035,"menu_order":0,"comment_status":"closed","ping_status":"closed","template":"","meta":{"_acf_changed":false,"_seopress_robots_primary_cat":"","_seopress_titles_title":"","_seopress_titles_desc":"","_seopress_robots_index":"","content-type":"","_relevanssi_hide_post":"","_relevanssi_hide_content":"","_relevanssi_pin_for_all":"","_relevanssi_pin_keywords":"","_relevanssi_unpin_keywords":"","_relevanssi_related_keywords":"","_relevanssi_related_include_ids":"","_relevanssi_related_exclude_ids":"","_relevanssi_related_no_append":"","_relevanssi_related_not_related":"","_relevanssi_related_posts":"118231,300574,113156,114579,117436,120839","_relevanssi_noindex_reason":"","inline_featured_image":false,"footnotes":""},"class_list":["post-101096","page","type-page","status-publish","hentry"],"acf":[],"_links":{"self":[{"href":"https:\/\/food.r-biopharm.com\/es\/wp-json\/wp\/v2\/pages\/101096","targetHints":{"allow":["GET"]}}],"collection":[{"href":"https:\/\/food.r-biopharm.com\/es\/wp-json\/wp\/v2\/pages"}],"about":[{"href":"https:\/\/food.r-biopharm.com\/es\/wp-json\/wp\/v2\/types\/page"}],"author":[{"embeddable":true,"href":"https:\/\/food.r-biopharm.com\/es\/wp-json\/wp\/v2\/users\/27"}],"replies":[{"embeddable":true,"href":"https:\/\/food.r-biopharm.com\/es\/wp-json\/wp\/v2\/comments?post=101096"}],"version-history":[{"count":7,"href":"https:\/\/food.r-biopharm.com\/es\/wp-json\/wp\/v2\/pages\/101096\/revisions"}],"predecessor-version":[{"id":118180,"href":"https:\/\/food.r-biopharm.com\/es\/wp-json\/wp\/v2\/pages\/101096\/revisions\/118180"}],"up":[{"embeddable":true,"href":"https:\/\/food.r-biopharm.com\/es\/wp-json\/wp\/v2\/pages\/102035"}],"wp:attachment":[{"href":"https:\/\/food.r-biopharm.com\/es\/wp-json\/wp\/v2\/media?parent=101096"}],"curies":[{"name":"wp","href":"https:\/\/api.w.org\/{rel}","templated":true}]}}