{"id":101102,"date":"2018-04-19T18:32:34","date_gmt":"2018-04-19T18:32:34","guid":{"rendered":"https:\/\/food.r-biopharm.com\/garantia-de-calidad\/"},"modified":"2019-07-05T10:13:02","modified_gmt":"2019-07-05T10:13:02","slug":"garantia-de-calidad","status":"publish","type":"page","link":"https:\/\/food.r-biopharm.com\/es\/soluciones\/garantia-de-calidad\/","title":{"rendered":"Garant\u00eda de calidad"},"content":{"rendered":"<p><strong>El an\u00e1lisis de alimentos y piensos plantea numerosas dificultades. La participaci\u00f3n en los ensayos de aptitud y el uso de materiales de referencia certificados reforzar\u00e1n su sistema de aseguramiento de calidad.<\/strong>[vc_column_inner width=\u00bb2\/3&#8243;]<\/p>\n<h3 class=\"knubbel\">Material de referencia para micotoxinas<\/h3>\n<p>Las pruebas de micotoxinas suponen un reto extraordinario para los laboratorios anal\u00edticos. Matrices complicadas, contaminaci\u00f3n extendida de forma no homog\u00e9nea o a niveles muy bajos: estas son solo algunas de las dificultades que se deben vencer. La importancia de elegir el m\u00e9todo anal\u00edtico y la preparaci\u00f3n adecuada de la muestra es evidente. El uso de materiales de referencia de micotoxina certificados reforzar\u00e1 sus sistemas de garant\u00eda de calidad en los an\u00e1lisis de micotoxinas.<\/p>\n<p>Los materiales de referencia para micotoxinas pueden respaldar sus procesos de aseguramiento de calidad diariamente. Un material certificado de referencia para micotoxinas es un producto homog\u00e9neo contaminado de forma natural cuya concentraci\u00f3n espec\u00edfica de micotoxinas se ha certificado. Estos materiales de referencia se pueden utilizar para diversas aplicaciones, como la certificaci\u00f3n y formaci\u00f3n de t\u00e9cnicos, la documentaci\u00f3n de control de calidad y la validaci\u00f3n de m\u00e9todos.<\/p>\n<p><a href=\"http:\/\/www.trilogylab.com\/\" target=\"_blank\" rel=\"noopener noreferrer\">Trilogy\u00ae Analytical Laboratory<\/a>\u00a0ofrece materiales certificados de referencia para control de calidad de an\u00e1lisis de micotoxinas. Los materiales de referencia para micotoxinas de Trilogy son productos contaminados naturalmente, una herramienta m\u00e1s realista a la hora de evaluar el rendimiento de los m\u00e9todos que las muestras adulteradas. Los materiales de referencia est\u00e1n disponibles tanto para toxinas espec\u00edficas como para m\u00faltiples micotoxinas, en diferentes matrices y niveles de contaminaci\u00f3n.[vc_column_inner width=\u00bb1\/3&#8243;]<img decoding=\"async\" src=\"https:\/\/food.r-biopharm.com\/wp-content\/uploads\/trilogy-certified-mycotoxin-reference-material.jpg\" class=\"mk_image\"><p><a href=\"http:\/\/trilogylab.com\/reference-materials\/mycotoxin-reference-materials\/\">Informaci\u00f3n del producto<\/a><\/p>[vc_column_inner width=\u00bb2\/3&#8243;]<\/p>\n<h3 class=\"knubbel\">Material de referencia para al\u00e9rgenos<\/h3>\n<p>El an\u00e1lisis de al\u00e9rgenos es un campo con una alta demanda de material de referencia certificado. La t\u00e9cnica m\u00e1s frecuente para la detecci\u00f3n de al\u00e9rgenos son los ensayos ELISA, un m\u00e9todo extremadamente efectivo, f\u00e1cil de utilizar y relativamente barato. Sin embargo, la comparabilidad de los resultados medidos resulta dif\u00edcil sin materiales de referencia. Debido a la elevada demanda, se ha realizado un esfuerzo continuado por desarrollar materiales de referencia certificados para el an\u00e1lisis de al\u00e9rgenos. En 2013, la reconocida organizaci\u00f3n <a href=\"http:\/\/www.moniqa.org\/\" target=\"_blank\" rel=\"noopener noreferrer\">MoniQA Association<\/a> (International Association for Monitoring and Quality Assurance in the Total Food Supply Chain) puso en marcha una iniciativa a este respecto.<\/p>\n<p>Desde enero de 2017, el primer material de referencia validado para al\u00e9rgenos alimentarios est\u00e1 disponible en R-Biopharm. La cartera de productos producida por <a href=\"http:\/\/www.trilogylab.com\/\" target=\"_blank\" rel=\"noopener noreferrer\">Trilogy\u00ae Analytical Laboratory<\/a>, incluye cuatro materiales de ensayo para al\u00e9rgenos de la leche: control negativo, control positivo, muestra con baja concentraci\u00f3n de prote\u00edna l\u00e1ctea y muestra con alta concentraci\u00f3n de prote\u00edna l\u00e1ctea.[vc_column_inner width=\u00bb1\/3&#8243;]<img decoding=\"async\" src=\"https:\/\/food.r-biopharm.com\/wp-content\/uploads\/moniqa-milk-reference-material-300x200.jpg\" class=\"mk_image\"><p><a href=\"\/products\/milk-reference-materials\/\">Informaci\u00f3n del producto<\/a><\/p>[vc_column_inner width=\u00bb2\/3&#8243;]<\/p>\n<h3 class=\"knubbel\">Ensayos de aptitud<\/h3>\n<p>Los ensayos de aptitud le permitir\u00e1n comparar, supervisar y mejorar el rendimiento de su propio laboratorio y compararlo con el de laboratorios de todo el mundo. En cooperaci\u00f3n con <a href=\"https:\/\/www.trilogylab.in\/\">Trilogy Analytical Laboratory en la India<\/a>, R-Biopharm ofrece programas de ensayos de aptitud (EA) para an\u00e1lisis de micotoxinas. Los ensayos de aptitud son uno de los pilares de los procesos de aseguramiento de calidad, adem\u00e1s de formar parte de est\u00e1ndares internacionales como ISO 17025.<\/p>\n<p>Trilogy India es un proveedor de ensayos de aptitud acreditado con la certificaci\u00f3n ISO 17043:2010 que ofrece programas de EA para diversos par\u00e1metros microbiol\u00f3gicos y qu\u00edmicos. Puede registrarse directamente en l\u00ednea en el <a href=\"https:\/\/www.trilogylab.in\/proficiency.php\" target=\"_blank\" rel=\"noopener noreferrer\">sitio web de Trilogy India<\/a>.[vc_column_inner width=\u00bb1\/3&#8243;]<img decoding=\"async\" src=\"https:\/\/food.r-biopharm.com\/wp-content\/uploads\/drrr-proficiency-testing-for-mycotoxins.jpg\" class=\"mk_image\"><p><a href=\"https:\/\/www.trilogylab.in\/\">Informaci\u00f3n del producto<\/a><\/p><\/p>\n<h2>Asistencia<\/h2>\n<p>\u00bfTiene alguna pregunta m\u00e1s en relaci\u00f3n con la garant\u00eda de calidad en el laboratorio? Nos complacer\u00e1 asesorarle al respecto.<p><a href=\"\/es\/contacto\/\">Escr\u00edbanos<\/a><\/p><\/p>\n","protected":false},"excerpt":{"rendered":"","protected":false},"author":27,"featured_media":0,"parent":102035,"menu_order":0,"comment_status":"closed","ping_status":"closed","template":"","meta":{"_acf_changed":false,"_seopress_robots_primary_cat":"","_seopress_titles_title":"","_seopress_titles_desc":"","_seopress_robots_index":"","content-type":"","_relevanssi_hide_post":"","_relevanssi_hide_content":"","_relevanssi_pin_for_all":"","_relevanssi_pin_keywords":"","_relevanssi_unpin_keywords":"","_relevanssi_related_keywords":"","_relevanssi_related_include_ids":"","_relevanssi_related_exclude_ids":"","_relevanssi_related_no_append":"","_relevanssi_related_not_related":"","_relevanssi_related_posts":"","_relevanssi_noindex_reason":"","inline_featured_image":false,"footnotes":""},"class_list":["post-101102","page","type-page","status-publish","hentry"],"acf":[],"_links":{"self":[{"href":"https:\/\/food.r-biopharm.com\/es\/wp-json\/wp\/v2\/pages\/101102","targetHints":{"allow":["GET"]}}],"collection":[{"href":"https:\/\/food.r-biopharm.com\/es\/wp-json\/wp\/v2\/pages"}],"about":[{"href":"https:\/\/food.r-biopharm.com\/es\/wp-json\/wp\/v2\/types\/page"}],"author":[{"embeddable":true,"href":"https:\/\/food.r-biopharm.com\/es\/wp-json\/wp\/v2\/users\/27"}],"replies":[{"embeddable":true,"href":"https:\/\/food.r-biopharm.com\/es\/wp-json\/wp\/v2\/comments?post=101102"}],"version-history":[{"count":14,"href":"https:\/\/food.r-biopharm.com\/es\/wp-json\/wp\/v2\/pages\/101102\/revisions"}],"predecessor-version":[{"id":118170,"href":"https:\/\/food.r-biopharm.com\/es\/wp-json\/wp\/v2\/pages\/101102\/revisions\/118170"}],"up":[{"embeddable":true,"href":"https:\/\/food.r-biopharm.com\/es\/wp-json\/wp\/v2\/pages\/102035"}],"wp:attachment":[{"href":"https:\/\/food.r-biopharm.com\/es\/wp-json\/wp\/v2\/media?parent=101102"}],"curies":[{"name":"wp","href":"https:\/\/api.w.org\/{rel}","templated":true}]}}