{"id":101387,"date":"2018-04-19T20:34:10","date_gmt":"2018-04-19T20:34:10","guid":{"rendered":"https:\/\/food.r-biopharm.com\/histamina\/"},"modified":"2018-04-24T12:31:27","modified_gmt":"2018-04-24T12:31:27","slug":"histamina","status":"publish","type":"page","link":"https:\/\/food.r-biopharm.com\/es\/analitos\/alergenos-alimentarios\/histamina\/","title":{"rendered":"Histamina"},"content":{"rendered":"<strong>La intolerancia a la histamina es un trastorno relativamente desconocido. Sin embargo, afecta aproximadamente al 1\u00a0% de la poblaci\u00f3n humana, principalmente a mujeres.<\/strong><\/p>\n<p>El organismo de las personas afectadas no es capaz de descomponer adecuadamente la histamina. El exceso de histamina resultante provoca diversos s\u00edntomas, como dolor de cabeza, exantemas, diarrea o v\u00f3mitos.<\/p>\n<p>Las personas que sufren intolerancia a la histamina deben evitar el consumo de alimentos ricos en histamina. Esto incluye cervezas y alimentos fermentados, como vino, queso, chucrut, vinagre o salsa de soja. Las personas que sufren este tipo de alergia pueden tener dificultades para digerir otros alimentos, como huevos, productos c\u00e1rnicos, levadura, champi\u00f1ones, tomates o c\u00edtricos.<\/p>\n<p>Adem\u00e1s del potencial alerg\u00e9nico, la histamina tambi\u00e9n es un indicador de pescado deteriorado. El pescado con alto contenido en histamina est\u00e1 asociado a la llamada intoxicaci\u00f3n por escombroides. El contenido de histamina del pescado fresco de alta calidad es inferior a 10\u00a0ppm. Sin embargo, si el pescado fresco se expone a temperaturas elevadas, el crecimiento de los microorganismos presentes de forma natural se acelera en los alimentos ricos en prote\u00ednas. Esto provoca un aumento de la descomposici\u00f3n de la histidina en histamina. Como consecuencia, dependiendo de la especie de bacteria, la temperatura y la duraci\u00f3n de la exposici\u00f3n, los niveles de histamina pueden alcanzar las 1000\u00a0ppm.<\/p>\n<p>Debido a posibles problemas sanitarios tras el consumo de alimentos con un nivel alto de histamina, varios pa\u00edses han establecido valores l\u00edmite. En muchos pa\u00edses, este valor l\u00edmite para el pescado y sus productos derivados se encuentra en torno a 100\u00a0mg\/kg, en otros se ha reducido incluso a 50\u00a0mg\/kg. En Suiza, el valor l\u00edmite de 10\u00a0mg\/l introducido para el vino se ha anulado.<\/p>\n<h3>Seleccione una\u00a0tecnolog\u00eda<\/h3>\n<p><div class=\"facetwp-facet facetwp-facet-technologies_fselect facetwp-type-fselect\" data-name=\"technologies_fselect\" data-type=\"fselect\"><\/div><\/p>\n<h3>Seleccione un par\u00e1metro<\/h3>\n<p><\/p>\n<h3>Elija un producto<\/h3>\n<p><div class=\"facetwp-template\" data-name=\"allergens_histamine\"><ul class=\"product_facets\"><li>\n<a class=\"facetwp_pimg\" href=\"https:\/\/food.r-biopharm.com\/es\/productos\/ridascreen-histamin-enzymatic\/\"><img loading=\"lazy\" decoding=\"async\" width=\"79\" height=\"50\" src=\"https:\/\/food.r-biopharm.com\/wp-content\/uploads\/2018-10_r1605-ridascreen-histamine_rgb_lowres-scaled-1-710x450.jpg\" class=\"recent-thumbs wp-post-image\" alt=\"\" \/><\/a>\n<div class=\"facetwp_title_container\"><a class=\"facetwp_ptitle\" href=\"https:\/\/food.r-biopharm.com\/es\/productos\/ridascreen-histamin-enzymatic\/\">RIDASCREEN\u00ae Histamine (enzymatic)<\/a><\/div>\n<\/li>\n\n<\/ul><\/div><div class=\"facetwp-facet facetwp-facet-load_more_pager facetwp-type-pager\" data-name=\"load_more_pager\" data-type=\"pager\"><button class=\"facetwp-load-more\" data-loading=\"Loading...\">Load more<\/button><\/div>\n","protected":false},"excerpt":{"rendered":"","protected":false},"author":27,"featured_media":0,"parent":101648,"menu_order":0,"comment_status":"closed","ping_status":"closed","template":"","meta":{"_acf_changed":false,"_seopress_robots_primary_cat":"","_seopress_titles_title":"Histamina: Kits de ensayo para la detecci\u00f3n de histamina en los alimentos | R-Biopharm","_seopress_titles_desc":"\u00bfDesea garantizar que sus productos son seguros para las personas con intolerancia a la histamina? Los kits de ensayo de R-Biopharm le ayudar\u00e1n a detectar la histamina en alimentos y piensos.","_seopress_robots_index":"","_seopress_analysis_target_kw":"histamina","content-type":"","_relevanssi_hide_post":"","_relevanssi_hide_content":"","_relevanssi_pin_for_all":"","_relevanssi_pin_keywords":"","_relevanssi_unpin_keywords":"","_relevanssi_related_keywords":"","_relevanssi_related_include_ids":"","_relevanssi_related_exclude_ids":"","_relevanssi_related_no_append":"","_relevanssi_related_not_related":"","_relevanssi_related_posts":"","_relevanssi_noindex_reason":"","inline_featured_image":false,"footnotes":""},"class_list":["post-101387","page","type-page","status-publish","hentry"],"acf":[],"_links":{"self":[{"href":"https:\/\/food.r-biopharm.com\/es\/wp-json\/wp\/v2\/pages\/101387","targetHints":{"allow":["GET"]}}],"collection":[{"href":"https:\/\/food.r-biopharm.com\/es\/wp-json\/wp\/v2\/pages"}],"about":[{"href":"https:\/\/food.r-biopharm.com\/es\/wp-json\/wp\/v2\/types\/page"}],"author":[{"embeddable":true,"href":"https:\/\/food.r-biopharm.com\/es\/wp-json\/wp\/v2\/users\/27"}],"replies":[{"embeddable":true,"href":"https:\/\/food.r-biopharm.com\/es\/wp-json\/wp\/v2\/comments?post=101387"}],"version-history":[{"count":6,"href":"https:\/\/food.r-biopharm.com\/es\/wp-json\/wp\/v2\/pages\/101387\/revisions"}],"predecessor-version":[{"id":103627,"href":"https:\/\/food.r-biopharm.com\/es\/wp-json\/wp\/v2\/pages\/101387\/revisions\/103627"}],"up":[{"embeddable":true,"href":"https:\/\/food.r-biopharm.com\/es\/wp-json\/wp\/v2\/pages\/101648"}],"wp:attachment":[{"href":"https:\/\/food.r-biopharm.com\/es\/wp-json\/wp\/v2\/media?parent=101387"}],"curies":[{"name":"wp","href":"https:\/\/api.w.org\/{rel}","templated":true}]}}