{"id":101497,"date":"2018-04-19T20:36:50","date_gmt":"2018-04-19T20:36:50","guid":{"rendered":"https:\/\/food.r-biopharm.com\/eficiencia-analitica\/"},"modified":"2019-07-05T08:15:28","modified_gmt":"2019-07-05T08:15:28","slug":"eficiencia-analitica","status":"publish","type":"page","link":"https:\/\/food.r-biopharm.com\/es\/soluciones\/eficiencia-analitica\/","title":{"rendered":"Eficiencia anal\u00edtica"},"content":{"rendered":"<p><strong>Muchos laboratorios deben afrontar el reto de analizar cada vez m\u00e1s muestras en periodos de tiempo m\u00e1s breves, al mismo tiempo que aumentan las exigencias de calidad y precisi\u00f3n. Cumplimos estos requisitos mediante soluciones innovadoras y eficientes, como sistemas de automatizaci\u00f3n de laboratorio o ensayos m\u00faltiples.<\/strong><\/p>\n<h2 class=\"knubbel\">Automatizaci\u00f3n del laboratorio<\/h2>\n<p>Las soluciones automatizadas son cada vez m\u00e1s importantes en el an\u00e1lisis alimentario. No solo son adecuadas para laboratorios a gran escala con altos vol\u00famenes de muestras. Los laboratorios peque\u00f1os tambi\u00e9n pueden sufrir dificultades a la hora de procesar muestras de forma estandarizada y eficiente. Los dispositivos autom\u00e1ticos son compatibles con diversos procesos y facilitan la rutina diaria del laboratorio.<figure><a href=\"\/products\/rida-smart-app-mycotoxin\/\" class=\"mk_image_wrapper\"><img decoding=\"async\" src=\"https:\/\/food.r-biopharm.com\/wp-content\/uploads\/zrsan6p_rida-smart-app_600x300px.jpg\" class=\"mk_image\"><\/a><figcaption>RIDA\u00aeSMART APPThe RIDA\u00aeSMART APP is a complete new evaluation technology for the quantification of mycotoxins. The app evaluates lateral flow tests (LFDs) ...<\/figcaption><\/figure><figure><a href=\"\/products\/ridacube-scan\/\" class=\"mk_image_wrapper\"><img decoding=\"async\" src=\"https:\/\/food.r-biopharm.com\/wp-content\/uploads\/zrcs0505_cubescan_600x300px.jpg\" class=\"mk_image\"><\/a><figcaption>RIDA\u00aeCUBE SCANRIDA\u00aeCUBE SCAN es un nuevo sistema fotom\u00e9trico que permite realizar ensayos de bioqu\u00edmica y abarca ensayos enzim\u00e1ticos y colorim\u00e9tricos de todo tipo...<\/figcaption><\/figure><figure><a href=\"\/products\/ridacrest\/\" class=\"mk_image_wrapper\"><img decoding=\"async\" src=\"https:\/\/food.r-biopharm.com\/wp-content\/uploads\/zridacrest2000_rida-crest_600x300px.jpg\" class=\"mk_image\"><\/a><figcaption>RIDA\u00aeCRESTRIDA\u00aeCREST y RIDA\u00aeCREST ICE son sistemas de manipulaci\u00f3n en l\u00ednea que se combinan con los cartuchos IMMUNOPREP\u00ae ONLINE...<\/figcaption><\/figure>Proporcionan numerosas ventajas en comparaci\u00f3n con el procesamiento manual de muestras:<\/p>\n<ul>\n<li><strong>Eficiencia:<\/strong> La automatizaci\u00f3n permite analizar m\u00e1s muestras en periodos de tiempo m\u00e1s breves, lo que permite ahorrar tiempo y costes. Los recursos liberados se pueden dedicar a otros an\u00e1lisis, as\u00ed como a tareas de rutina. Adem\u00e1s, los sistemas rob\u00f3ticos son capaces de procesar vol\u00famenes de muestras muchos mayores.<\/li>\n<li><strong>Transparencia:<\/strong> Los sistemas estandarizados autom\u00e1ticos incrementan la transparencia y sencillez de los procesos de laboratorio. Esto optimiza la colaboraci\u00f3n y documentaci\u00f3n en el laboratorio.<\/li>\n<li><strong>Armonizaci\u00f3n:<\/strong> Los dispositivos autom\u00e1ticos estandarizan las condiciones den ensayo y estabilizan los procesos, de forma que se obtienen resultados m\u00e1s precisos, reproducibles y comparables.<\/li>\n<\/ul>\n<p><\/p>\n<ul>\n<li><strong>Estandarizaci\u00f3n:<\/strong> El uso de dispositivos automatizados permite realizar muchas secuencias de mediciones en paralelo siguiendo el mismo procedimiento. Se elimina la posibilidad de errores humanos, que pueden surgir r\u00e1pidamente al realizar tareas repetitivas.<\/li>\n<li><strong>Seguridad:<\/strong> El procesamiento autom\u00e1tico de muestras reduce el riesgo de contaminaci\u00f3n y lesiones para el personal, lo que garantiza la calidad anal\u00edtica y mejora las condiciones de trabajo de los empleados.<\/li>\n<li><strong>Conectividad:<\/strong> La digitalizaci\u00f3n cada vez es m\u00e1s importante, tambi\u00e9n en los laboratorios. Los dispositivos autom\u00e1ticos pueden conectarse f\u00e1cilmente, lo que permite acceder a los datos del ensayo y procesarlos en cualquier momento y lugar.<\/li>\n<\/ul>\n<p>En colaboraci\u00f3n con socios reconocidos, ofrecemos soluciones de automatizaci\u00f3n adaptadas espec\u00edficamente a sus necesidades. Nuestros instrumentos son adecuados para diversas aplicaciones: desde procesamiento completamente autom\u00e1tico de ensayos ELISA (incluidos dispositivos de pipeteado, fot\u00f3metros y cabezales de lavado para procesamiento de ensayos enzim\u00e1ticos y columnas de inmunoafinidad) hasta termocicladores para ensayos de PCR en tiempo real.<\/p>\n<h2 class=\"knubbel\">Ensayos m\u00faltiples<\/h2>\n<p>Los ensayos m\u00faltiples (o ensayos multianalito) permiten cuantificar varios par\u00e1metros simult\u00e1neamente, de forma que se puedan realizar m\u00e1s an\u00e1lisis en el mismo periodo de tiempo. Esta soluci\u00f3n ahorra tiempo y recursos y se utiliza en diversas aplicaciones de an\u00e1lisis alimentario. Por ejemplo, ofrecemos kits de PCR m\u00faltiple para control de al\u00e9rgenos y columnas de limpieza para an\u00e1lisis simult\u00e1neo de m\u00faltiples micotoxinas mediante HPLC, GC o LC-MS\/MS.<figure><a href=\"\/products\/surefood-allergen-4plex-peanuthazelnutwalnutiac\/\" class=\"mk_image_wrapper\"><img decoding=\"async\" src=\"https:\/\/food.r-biopharm.com\/wp-content\/uploads\/s3402_surefood_allergen-4plex-nuss_600x300px.jpg\" class=\"mk_image\"><\/a><figcaption>SureFood\u00ae ALLERGEN 4plexEste ensayo m\u00faltiple detecta secuencias de ADN espec\u00edficas de cacahuete, avellana y nuez. El ensayo de PCR en tiempo real se puede utilizar con establecidos ...<\/figcaption><\/figure><figure><a href=\"\/products\/puritox-total-myco-ms\/\" class=\"mk_image_wrapper\"><img decoding=\"async\" src=\"https:\/\/food.r-biopharm.com\/wp-content\/uploads\/rbr_columns_general-motif_600x300px.jpg\" class=\"mk_image\"><\/a><figcaption>PuriTox Total Myco-MSColumnas de limpieza de fase s\u00f3lida para purificaci\u00f3n de 11 micotoxinas. PuriTox Total Myco-MS se puede utilizar para la detecci\u00f3n simult\u00e1nea de aflatoxinas...<\/figcaption><\/figure><figure><a href=\"\/products\/aflaochra-prep\/\" class=\"mk_image_wrapper\"><img decoding=\"async\" src=\"https:\/\/food.r-biopharm.com\/wp-content\/uploads\/p89_aflaochraprep_600x300px.jpg\" class=\"mk_image\"><\/a><figcaption>AFLAOCHRA PREP\u00aeColumnas de inmunoafinidad multimicotoxinas para la detecci\u00f3n simult\u00e1nea de aflatoxinas B1, B2, G1, G2 y ocratoxina A en productos muy diferentes...<\/figcaption><\/figure><\/p>\n<h2>Asistencia<\/h2>\n<p>Gracias a nuestra dilatada experiencia, podemos ayudarle a aumentar la eficiencia de su laboratorio. Por supuesto, tambi\u00e9n nos encargaremos de la validaci\u00f3n y adaptaci\u00f3n in situ de los instrumentos de su laboratorio. \u00bfTiene alguna pregunta m\u00e1s en relaci\u00f3n con nuestras soluciones de eficiencia para laboratorio? Nos complacer\u00e1 asesorarle al respecto.<p><a href=\"\/es\/contacto\/\">Escr\u00edbanos<\/a><\/p><\/p>\n","protected":false},"excerpt":{"rendered":"","protected":false},"author":1,"featured_media":0,"parent":102035,"menu_order":0,"comment_status":"closed","ping_status":"closed","template":"","meta":{"_acf_changed":false,"_seopress_robots_primary_cat":"","_seopress_titles_title":"","_seopress_titles_desc":"","_seopress_robots_index":"","content-type":"","_relevanssi_hide_post":"","_relevanssi_hide_content":"","_relevanssi_pin_for_all":"","_relevanssi_pin_keywords":"","_relevanssi_unpin_keywords":"","_relevanssi_related_keywords":"","_relevanssi_related_include_ids":"","_relevanssi_related_exclude_ids":"","_relevanssi_related_no_append":"","_relevanssi_related_not_related":"","_relevanssi_related_posts":"","_relevanssi_noindex_reason":"","inline_featured_image":false,"footnotes":""},"class_list":["post-101497","page","type-page","status-publish","hentry"],"acf":[],"_links":{"self":[{"href":"https:\/\/food.r-biopharm.com\/es\/wp-json\/wp\/v2\/pages\/101497","targetHints":{"allow":["GET"]}}],"collection":[{"href":"https:\/\/food.r-biopharm.com\/es\/wp-json\/wp\/v2\/pages"}],"about":[{"href":"https:\/\/food.r-biopharm.com\/es\/wp-json\/wp\/v2\/types\/page"}],"author":[{"embeddable":true,"href":"https:\/\/food.r-biopharm.com\/es\/wp-json\/wp\/v2\/users\/1"}],"replies":[{"embeddable":true,"href":"https:\/\/food.r-biopharm.com\/es\/wp-json\/wp\/v2\/comments?post=101497"}],"version-history":[{"count":21,"href":"https:\/\/food.r-biopharm.com\/es\/wp-json\/wp\/v2\/pages\/101497\/revisions"}],"predecessor-version":[{"id":118152,"href":"https:\/\/food.r-biopharm.com\/es\/wp-json\/wp\/v2\/pages\/101497\/revisions\/118152"}],"up":[{"embeddable":true,"href":"https:\/\/food.r-biopharm.com\/es\/wp-json\/wp\/v2\/pages\/102035"}],"wp:attachment":[{"href":"https:\/\/food.r-biopharm.com\/es\/wp-json\/wp\/v2\/media?parent=101497"}],"curies":[{"name":"wp","href":"https:\/\/api.w.org\/{rel}","templated":true}]}}