{"id":104612,"date":"2018-06-05T10:02:15","date_gmt":"2018-06-05T10:02:15","guid":{"rendered":"https:\/\/food.r-biopharm.com\/contacto\/"},"modified":"2023-06-06T10:23:24","modified_gmt":"2023-06-06T08:23:24","slug":"contacto","status":"publish","type":"page","link":"https:\/\/food.r-biopharm.com\/es\/contacto\/","title":{"rendered":"Contacto"},"content":{"rendered":"<!-- hero image from block -->\n<div class=\"acf-block block-hero term-slug-- term- \">\n\n    <img decoding=\"async\" class=\"block-hero__image\" src=\"https:\/\/food.r-biopharm.com\/wp-content\/uploads\/2022-03_Subsidiaries_3000x695.jpg\">\n\n    \n        <div class=\"block-hero__textbox\">\n                             <!-- Default behavior for other pages -->\n                <h1>\n                    <span class=\"block-hero__textbox__headline\">\n                        Contacto                    <\/span>\n                    <br>\n                    <span class=\"block-hero__textbox__subline\">\n                        P\u00f3ngase en contacto con R-Biopharm                    <\/span>\n                <\/h1>\n                    <\/div>\n\n    \n<\/div>\n\n\n\n<div class=\"acf-block row row--narrow background--transparent\">\n        \n\n<div class=\"wp-block-column a1 column column--100 is-layout-flow wp-block-column-is-layout-flow\">\n<h1 class=\"wp-block-heading\">Contacto<\/h1>\n<\/div>\n\n\n<\/div>\n\n\n\n<div class=\"acf-block row row--narrow background--transparent\">\n        \n\n<div class=\"wp-block-column a1 column column--50 is-layout-flow wp-block-column-is-layout-flow\">\n<p><strong>R-Biopharm AG<\/strong><\/p>\n\n\n\n<p>An der neuen Bergstra\u00dfe 17<br>64297 Darmstadt, Germany<\/p>\n\n\n\n<p>Phone: <a href=\"tel:+49 (0) 61 51 %E2%80%93 81 02-0\">+49 (0) 61 51 \u2013 81 02-0<\/a><br>Fax: +49 (0) 61 51 \u2013 81 02-20<\/p>\n\n\n\n<p>Website: <a href=\"http:\/\/r-biopharm.com\/\">r-biopharm.com<\/a><\/p>\n<\/div>\n\n\n\n<div class=\"wp-block-column a2 column column--50 is-layout-flow wp-block-column-is-layout-flow\">\n<p><strong>Correo electr\u00f3nico para pedidos:<\/strong><br><a href=\"mailto:sales@r-biopharm.de\">sales@r-biopharm.de<\/a><\/p>\n\n\n\n<p><strong>Correo electr\u00f3nico para informaci\u00f3n:<\/strong><br><a href=\"mailto:sales@r-biopharm.de\">sales@r-biopharm.de<\/a><\/p>\n\n\n\n<p><strong>R-Biopharm worldwide:<\/strong><br><a rel=\"noreferrer noopener\" href=\"https:\/\/r-biopharm.com\/contact\/subsidiaries\/\" target=\"_blank\">View and contact our subsidiaries<\/a><\/p>\n<\/div>\n\n\n<\/div>\n\n\n\n<div class=\"acf-block row row--narrow background--transparent\">\n        \n\n<div class=\"wp-block-column a1 column column--50 is-layout-flow wp-block-column-is-layout-flow\">\n<div class=\"wpcf7 no-js\" id=\"wpcf7-f104954-o1\" lang=\"en-US\" dir=\"ltr\" data-wpcf7-id=\"104954\">\n<div class=\"screen-reader-response\"><p role=\"status\" aria-live=\"polite\" aria-atomic=\"true\"><\/p> <ul><\/ul><\/div>\n<form action=\"\/es\/wp-json\/wp\/v2\/pages\/104612#wpcf7-f104954-o1\" method=\"post\" class=\"wpcf7-form init\" id=\"DefaultForm:FoodES\" aria-label=\"Contact form\" novalidate=\"novalidate\" data-status=\"init\">\n<fieldset class=\"hidden-fields-container\"><input type=\"hidden\" name=\"_wpcf7\" value=\"104954\" \/><input type=\"hidden\" name=\"_wpcf7_version\" value=\"6.1.6\" \/><input type=\"hidden\" name=\"_wpcf7_locale\" value=\"en_US\" \/><input type=\"hidden\" name=\"_wpcf7_unit_tag\" value=\"wpcf7-f104954-o1\" \/><input type=\"hidden\" name=\"_wpcf7_container_post\" value=\"0\" \/><input type=\"hidden\" name=\"_wpcf7_posted_data_hash\" value=\"\" \/><input type=\"hidden\" name=\"_wpcf7dtx_version\" value=\"5.0.5\" \/>\n<\/fieldset>\n<p><span class=\"wpcf7-form-control-wrap\" data-name=\"your-name\"><input size=\"40\" maxlength=\"400\" class=\"wpcf7-form-control wpcf7-text wpcf7-validates-as-required\" aria-required=\"true\" aria-invalid=\"false\" placeholder=\"Nombre\" value=\"\" type=\"text\" name=\"your-name\" \/><\/span><br \/>\n<span class=\"wpcf7-form-control-wrap\" data-name=\"your-email\"><input size=\"40\" maxlength=\"400\" class=\"wpcf7-form-control wpcf7-email wpcf7-validates-as-required wpcf7-text wpcf7-validates-as-email\" aria-required=\"true\" aria-invalid=\"false\" placeholder=\"Correo electr\u00f3nico\" value=\"\" type=\"email\" name=\"your-email\" \/><\/span><br \/>\n<span class=\"wpcf7-form-control-wrap\" data-name=\"your-country\"><input size=\"40\" maxlength=\"400\" class=\"wpcf7-form-control wpcf7-text wpcf7-validates-as-required\" aria-required=\"true\" aria-invalid=\"false\" placeholder=\"Pa\u00eds\" value=\"\" type=\"text\" name=\"your-country\" \/><\/span><br \/>\n<span class=\"wpcf7-form-control-wrap\" data-name=\"zip\"><input size=\"40\" maxlength=\"400\" class=\"wpcf7-form-control wpcf7-text wpcf7-validates-as-required\" aria-required=\"true\" aria-invalid=\"false\" placeholder=\"C\u00f3digo postal\" value=\"\" type=\"text\" name=\"zip\" \/><\/span><br \/>\n<span class=\"wpcf7-form-control-wrap\" data-name=\"your-company\"><input size=\"40\" maxlength=\"400\" class=\"wpcf7-form-control wpcf7-text wpcf7-validates-as-required\" aria-required=\"true\" aria-invalid=\"false\" placeholder=\"Empresa\" value=\"\" type=\"text\" name=\"your-company\" \/><\/span><br \/>\n<span class=\"wpcf7-form-control-wrap\" data-name=\"your-subject\"><input size=\"40\" maxlength=\"400\" class=\"wpcf7-form-control wpcf7-text\" aria-invalid=\"false\" placeholder=\"Asunto\" value=\"\" type=\"text\" name=\"your-subject\" \/><\/span><br \/>\n<span class=\"wpcf7-form-control-wrap\" data-name=\"your-message\"><textarea cols=\"40\" rows=\"10\" maxlength=\"2000\" class=\"wpcf7-form-control wpcf7-textarea\" aria-invalid=\"false\" placeholder=\"Su mensaje\" name=\"your-message\"><\/textarea><\/span>\n<\/p>\n<p>Al enviar esta solicitud de contacto, el remitente accede a que, con el fin de procesar la consulta, podamos guardar y transmitir datos personales a las compa\u00f1\u00edas asociadas si es necesario. Si desea m\u00e1s informaci\u00f3n, consulte <a href=\"https:\/\/r-biopharm.com\/data-privacy-statement\/\" target=\"blank\" rel=\"nofollow\">nuestra declaraci\u00f3n de privacidad de datos.<\/a>\n<\/p>\n<p><span id=\"wpcf7-6a0803863b87d-wrapper\" class=\"wpcf7-form-control-wrap blubbwaawa-wrap\" ><input type=\"hidden\" name=\"blubbwaawa-random-hash\" value=\"21290587\"><label\n\t\t    for=\"wpcf7-6a0803863b87d-field\"\n\t\t    class=\"hp-message\"\n        >Please leave this field empty.<\/label><input\n\t    id=\"wpcf7-6a0803863b87d-field\"\n\t    \n\t    class=\"wpcf7-form-control wpcf7-text\"\n\t    type=\"text\"\n\t    name=\"irqdauj6y08d\"\n\t    value=\"\"\n\t    size=\"40\"\n\t    autocomplete=\"new-password\"\n\t    tabindex=\"1000\"\n    \/><\/span>\n<\/p>\n<p><span class=\"wpcf7-form-control-wrap\" data-name=\"capital-quiz\"><label><span class=\"wpcf7-quiz-label\">\u00bfQu\u00e9 es m\u00e1s grande, rat\u00f3n o elefante?<\/span> <input size=\"40\" class=\"wpcf7-form-control wpcf7-quiz\" autocomplete=\"off\" aria-required=\"true\" aria-invalid=\"false\" type=\"text\" name=\"capital-quiz\" \/><\/label><input type=\"hidden\" name=\"_wpcf7_quiz_answer_capital-quiz\" value=\"75144274105d08304f3c5419f61443a9\" \/><\/span>\n<\/p>\n<p><input class=\"wpcf7-form-control wpcf7-submit has-spinner\" type=\"submit\" value=\"Enviar\" \/>\n<\/p><input type='hidden' class='wpcf7-pum' value='{\"closepopup\":false,\"closedelay\":0,\"openpopup\":false,\"openpopup_id\":0}' \/><div class=\"wpcf7-response-output\" aria-hidden=\"true\"><\/div>\n<\/form>\n<\/div>\n\n<\/div>\n\n\n\n<div class=\"wp-block-column a2 column column--50 is-layout-flow wp-block-column-is-layout-flow\"><\/div>\n\n\n<\/div>\n\n\n<div class=\"leaflet-map WPLeafletMap\" style=\"height:450px; width:100%;\"><\/div><script>\nwindow.WPLeafletMapPlugin = window.WPLeafletMapPlugin || [];\nwindow.WPLeafletMapPlugin.push(function WPLeafletMapShortcode() {\/*<script>*\/\nvar baseUrl = atob('aHR0cHM6Ly9mb29kLnItYmlvcGhhcm0uY29tL3dwLWNvbnRlbnQvdXBsb2Fkcy9vc20tdGlsZXMvbGlnaHRfYWxsL3t6fS97eH0ve3l9LnBuZw==');\nvar base = (!baseUrl && window.MQ) ?\n    window.MQ.mapLayer() : L.tileLayer(baseUrl,\n        L.Util.extend({}, {\n            detectRetina: 0,\n        },\n        {\"subdomains\":\"abc\",\"noWrap\":false,\"maxZoom\":19}        )\n    );\n    var options = L.Util.extend({}, {\n        layers: [base],\n        attributionControl: false\n    },\n    {\"zoomControl\":true,\"scrollWheelZoom\":false,\"doubleClickZoom\":false,\"fitBounds\":false,\"minZoom\":0,\"maxZoom\":19,\"maxBounds\":null,\"attribution\":\"<a href=\\\"http:\\\/\\\/leafletjs.com\\\" title=\\\"A JS library for interactive maps\\\">Leaflet<\\\/a>; \\u00a9 <a href=\\\"http:\\\/\\\/www.openstreetmap.org\\\/copyright\\\">OpenStreetMap<\\\/a> contributors\"},\n    {});\nwindow.WPLeafletMapPlugin.createMap(options).setView([49.8012235,8.634138],13);});<\/script>\n\n\n<script>\nwindow.WPLeafletMapPlugin = window.WPLeafletMapPlugin || [];\nwindow.WPLeafletMapPlugin.push(function WPLeafletMarkerShortcode() {\/*<script>*\/\nvar map = window.WPLeafletMapPlugin.getCurrentMap();\nvar group = window.WPLeafletMapPlugin.getCurrentGroup();\nvar marker_options = window.WPLeafletMapPlugin.getIconOptions({\"svg\":true,\"background\":\"#9cb2bf\"});\nvar marker = new L.SVGMarker(\n    [0,0],\n    marker_options\n);\nvar is_image = map.is_image_map;\n    marker.setLatLng( map.getCenter() );\nif (marker_options.draggable) {\n    marker.on('dragend', function () {\n        var latlng = this.getLatLng();\n        var lat = latlng.lat;\n        var lng = latlng.lng;\n        if (is_image) {\n            console.log('leaflet-marker y=' + lat + ' x=' + lng);\n        } else {\n            console.log('leaflet-marker lat=' + lat + ' lng=' + lng);\n        }\n    });\n}\nmarker.addTo( group );\nwindow.WPLeafletMapPlugin.markers.push( marker );\n        });<\/script>\n","protected":false},"excerpt":{"rendered":"","protected":false},"author":1,"featured_media":0,"parent":0,"menu_order":0,"comment_status":"closed","ping_status":"closed","template":"","meta":{"_acf_changed":false,"_seopress_robots_primary_cat":"","_seopress_titles_title":"","_seopress_titles_desc":"","_seopress_robots_index":"","_seopress_analysis_target_kw":"","content-type":"","_relevanssi_hide_post":"","_relevanssi_hide_content":"","_relevanssi_pin_for_all":"","_relevanssi_pin_keywords":"","_relevanssi_unpin_keywords":"","_relevanssi_related_keywords":"","_relevanssi_related_include_ids":"","_relevanssi_related_exclude_ids":"","_relevanssi_related_no_append":"","_relevanssi_related_not_related":"","_relevanssi_related_posts":"118989,128064,106664,106676,114579,116485","_relevanssi_noindex_reason":"","inline_featured_image":false,"footnotes":""},"class_list":["post-104612","page","type-page","status-publish","hentry"],"acf":[],"_links":{"self":[{"href":"https:\/\/food.r-biopharm.com\/es\/wp-json\/wp\/v2\/pages\/104612","targetHints":{"allow":["GET"]}}],"collection":[{"href":"https:\/\/food.r-biopharm.com\/es\/wp-json\/wp\/v2\/pages"}],"about":[{"href":"https:\/\/food.r-biopharm.com\/es\/wp-json\/wp\/v2\/types\/page"}],"author":[{"embeddable":true,"href":"https:\/\/food.r-biopharm.com\/es\/wp-json\/wp\/v2\/users\/1"}],"replies":[{"embeddable":true,"href":"https:\/\/food.r-biopharm.com\/es\/wp-json\/wp\/v2\/comments?post=104612"}],"version-history":[{"count":19,"href":"https:\/\/food.r-biopharm.com\/es\/wp-json\/wp\/v2\/pages\/104612\/revisions"}],"predecessor-version":[{"id":332115,"href":"https:\/\/food.r-biopharm.com\/es\/wp-json\/wp\/v2\/pages\/104612\/revisions\/332115"}],"wp:attachment":[{"href":"https:\/\/food.r-biopharm.com\/es\/wp-json\/wp\/v2\/media?parent=104612"}],"curies":[{"name":"wp","href":"https:\/\/api.w.org\/{rel}","templated":true}]}}