{"id":111244,"date":"2018-11-29T14:31:20","date_gmt":"2018-11-29T14:31:20","guid":{"rendered":"https:\/\/food.r-biopharm.com\/soluzioni\/efficienza-nelle-analisi\/"},"modified":"2019-07-05T07:58:28","modified_gmt":"2019-07-05T07:58:28","slug":"efficienza-nelle-analisi","status":"publish","type":"page","link":"https:\/\/food.r-biopharm.com\/it\/soluzioni\/efficienza-nelle-analisi\/","title":{"rendered":"Efficienza nelle analisi"},"content":{"rendered":"<p><strong>Molti laboratori si trovano ad analizzare sempre pi\u00f9 campioni in tempi ridotti; le esigenze dal punto di vista della qualit\u00e0 e della precisione diventano al contempo sempre pi\u00f9 stringenti. Per affrontare queste nuove sfide offriamo soluzioni innovative ed efficienti, come dispositivi automatizzati e saggi multipli.<\/strong><\/p>\n<h2 class=\"knubbel\">Automazione in laboratorio<\/h2>\n<p>L\u2019automazione riveste un ruolo sempre pi\u00f9 importante nell\u2019analisi degli alimenti, e questa rilevanza non \u00e8 pi\u00f9 limitata ai laboratori di maggiori dimensioni. Anche i laboratori pi\u00f9 piccoli possono infatti trovare difficolt\u00e0 nell\u2019analizzare i campioni con l\u2019efficienza necessaria. I dispositivi automatici intervengono facilitando lo svolgimento di numerosi processi di routine.<figure><a href=\"\/products\/rida-smart-app-mycotoxin\/\" class=\"mk_image_wrapper\"><img decoding=\"async\" src=\"https:\/\/food.r-biopharm.com\/wp-content\/uploads\/zrsan6p_rida-smart-app_600x300px.jpg\" class=\"mk_image\"><\/a><figcaption>RIDA\u00aeSMART APPThe RIDA\u00aeSMART APP is a complete new evaluation technology for the quantification of mycotoxins. The app evaluates lateral flow tests (LFDs) ...<\/figcaption><\/figure><figure><a href=\"\/products\/ridacube-scan\/\" class=\"mk_image_wrapper\"><img decoding=\"async\" src=\"https:\/\/food.r-biopharm.com\/wp-content\/uploads\/zrcs0505_cubescan_600x300px.jpg\" class=\"mk_image\"><\/a><figcaption>RIDA\u00aeCUBE SCANThe RIDA\u00aeCUBE SCAN is a new photometric system that allows biochemistry testing, covering all enzymatic and colorimetric assays ...<\/figcaption><\/figure><figure><a href=\"\/products\/ridacrest\/\" class=\"mk_image_wrapper\"><img decoding=\"async\" src=\"https:\/\/food.r-biopharm.com\/wp-content\/uploads\/zridacrest2000_rida-crest_600x300px.jpg\" class=\"mk_image\"><\/a><figcaption>RIDA\u00aeCRESTThe RIDA\u00aeCREST and RIDA\u00aeCREST ICE are online handling systems to be used in conjunction with IMMUNOPREP\u00ae ONLINE cartridges ...<\/figcaption><\/figure>Questi dispositivi offrono numerosi vantaggi rispetto alla gestione manuale dei campioni:<\/p>\n<ul>\n<li><strong>Efficienza:<\/strong> i processi automatizzati permettono di analizzare pi\u00f9 campioni in un tempo minore, liberando risorse per lo svolgimento di analisi differenti da quelle di routine. I sistemi robotici possono inoltre lavorare su quantit\u00e0 assai maggiori di campioni<\/li>\n<li><strong>Standardizzazione:<\/strong> grazie ai dispositivi automatici \u00e8 possibile compiere analisi in parallelo su pi\u00f9 campioni, assicurando l\u2019invariabilit\u00e0 della procedura ed eliminando il rischio di errori umani, particolarmente comuni a fronte di compiti ripetitivi<\/li>\n<li><strong>Armonizzazione:<\/strong> i dispositivi automatici normalizzano le condizioni d\u2019analisi e stabilizzano i processi, portando a risultati pi\u00f9 precisi, riproducibili e comparabili<\/li>\n<\/ul>\n<p><\/p>\n<ul>\n<li><strong>Trasparenza:<\/strong> i sistemi automatici contribuiscono a rendere pi\u00f9 trasparenti e comprensibili i processi di laboratorio, ottimizzando al contempo la collaborazione e la documentazione dei risultati ottenuti<\/li>\n<li><strong>Sicurezza:<\/strong> la manipolazione automatizzata dei campioni riduce il rischio di contaminazioni e infortuni, garantendo analisi pi\u00f9 accurate e migliorando le condizioni lavorative dei dipendenti<\/li>\n<li><strong>Connettivit\u00e0:<\/strong> la digitalizzazione riveste un ruolo sempre pi\u00f9 importante nei laboratori moderni. I dispositivi automatici offrono connettivit\u00e0 migliorata e permettono di accedere ai dati di laboratorio ovunque e in qualsiasi momento<\/li>\n<\/ul>\n<p>Grazie alla collaborazione con partner rinomati, siamo in grado di offrire soluzioni automatizzate create ad hoc per soddisfare le vostre richieste. I nostri strumenti trovano applicazioni in numerosi campi: dall\u2019esecuzione automatizzata di test ELISA comprensivi di dispositivo per la pipettatura, fotometro e testine per il lavaggio, all\u2019elaborazione di test enzimatici e colonne di immunoaffinit\u00e0, fino alla gestione dei termociclatori per la real-time PCR.<\/p>\n<h2 class=\"knubbel\">Saggi multipli<\/h2>\n<p>I saggi multipli (o multianalitici) permettono di quantificare pi\u00f9 parametri nello stesso momento. Questo significa che pi\u00f9 analisi possono essere completate entro il medesimo termine. Soluzioni di questo tipo trovano numerose applicazioni nel campo dell\u2019analisi alimentare. Offriamo per esempio kit PCR multipli per l\u2019analisi degli allergeni e colonne di purificazione per l\u2019analisi simultanea di pi\u00f9 micotossine tramite HPLC, GC o LC-MS\/MS.<figure><a href=\"\/products\/surefood-allergen-4plex-peanuthazelnutwalnutiac\/\" class=\"mk_image_wrapper\"><img decoding=\"async\" src=\"https:\/\/food.r-biopharm.com\/wp-content\/uploads\/s3402_surefood_allergen-4plex-nuss_600x300px.jpg\" class=\"mk_image\"><\/a><figcaption>SureFood\u00ae ALLERGEN 4plexThis multiplex test detects specific DNA sequences of peanut, hazelnut and walnut. The real-time PCR assay can be used with established real-time PCR ...<\/figcaption><\/figure><figure><a href=\"\/products\/puritox-total-myco-ms\/\" class=\"mk_image_wrapper\"><img decoding=\"async\" src=\"https:\/\/food.r-biopharm.com\/wp-content\/uploads\/rbr_columns_general-motif_600x300px.jpg\" class=\"mk_image\"><\/a><figcaption>PuriTox Total Myco-MSSolid phase clean-up columns for the purification of 11 mycotoxins. PuriTox Total Myco-MS can be used for the simultaneous detection of aflatoxins ...<\/figcaption><\/figure><figure><a href=\"\/products\/aflaochra-prep\/\" class=\"mk_image_wrapper\"><img decoding=\"async\" src=\"https:\/\/food.r-biopharm.com\/wp-content\/uploads\/p89_aflaochraprep_600x300px.jpg\" class=\"mk_image\"><\/a><figcaption>AFLAOCHRA PREP\u00aeMulti-mycotoxin immunoaffinity columns for simultaneous detection of aflatoxins B1, B2, G1, G2 and ochratoxin A in a wide range of commodities ...<\/figcaption><\/figure><\/p>\n<h2>Supporto<\/h2>\n<p>Vantiamo un\u2019esperienza pluriennale nello sviluppo di soluzioni per rendere pi\u00f9 efficiente il tuo laboratorio, anche mediante la validazione e l\u2019adattamento degli strumenti gi\u00e0 presenti in sito. Hai domande sulle nostre soluzioni per l\u2019efficienza nelle analisi? Contattaci e saremo felici di aiutarti.<p><a href=\"\/it\/contatti\/\">Contattaci<\/a><\/p><\/p>\n","protected":false},"excerpt":{"rendered":"","protected":false},"author":1,"featured_media":0,"parent":110663,"menu_order":0,"comment_status":"closed","ping_status":"closed","template":"","meta":{"_acf_changed":false,"_seopress_robots_primary_cat":"","_seopress_titles_title":"","_seopress_titles_desc":"","_seopress_robots_index":"","content-type":"","_relevanssi_hide_post":"","_relevanssi_hide_content":"","_relevanssi_pin_for_all":"","_relevanssi_pin_keywords":"","_relevanssi_unpin_keywords":"","_relevanssi_related_keywords":"","_relevanssi_related_include_ids":"","_relevanssi_related_exclude_ids":"","_relevanssi_related_no_append":"","_relevanssi_related_not_related":"","_relevanssi_related_posts":"","_relevanssi_noindex_reason":"","inline_featured_image":false,"footnotes":""},"class_list":["post-111244","page","type-page","status-publish","hentry"],"acf":[],"_links":{"self":[{"href":"https:\/\/food.r-biopharm.com\/it\/wp-json\/wp\/v2\/pages\/111244","targetHints":{"allow":["GET"]}}],"collection":[{"href":"https:\/\/food.r-biopharm.com\/it\/wp-json\/wp\/v2\/pages"}],"about":[{"href":"https:\/\/food.r-biopharm.com\/it\/wp-json\/wp\/v2\/types\/page"}],"author":[{"embeddable":true,"href":"https:\/\/food.r-biopharm.com\/it\/wp-json\/wp\/v2\/users\/1"}],"replies":[{"embeddable":true,"href":"https:\/\/food.r-biopharm.com\/it\/wp-json\/wp\/v2\/comments?post=111244"}],"version-history":[{"count":4,"href":"https:\/\/food.r-biopharm.com\/it\/wp-json\/wp\/v2\/pages\/111244\/revisions"}],"predecessor-version":[{"id":118148,"href":"https:\/\/food.r-biopharm.com\/it\/wp-json\/wp\/v2\/pages\/111244\/revisions\/118148"}],"up":[{"embeddable":true,"href":"https:\/\/food.r-biopharm.com\/it\/wp-json\/wp\/v2\/pages\/110663"}],"wp:attachment":[{"href":"https:\/\/food.r-biopharm.com\/it\/wp-json\/wp\/v2\/media?parent=111244"}],"curies":[{"name":"wp","href":"https:\/\/api.w.org\/{rel}","templated":true}]}}