{"id":340640,"date":"2024-08-22T04:10:21","date_gmt":"2024-08-22T02:10:21","guid":{"rendered":"https:\/\/food.r-biopharm.com\/?page_id=340640"},"modified":"2024-08-22T17:24:03","modified_gmt":"2024-08-22T15:24:03","slug":"contato","status":"publish","type":"page","link":"https:\/\/food.r-biopharm.com\/pt-br\/contato\/","title":{"rendered":"Contato"},"content":{"rendered":"<!-- hero image from block -->\n<div class=\"acf-block block-hero term-slug-- term- \">\n\n    <img decoding=\"async\" class=\"block-hero__image\" src=\"https:\/\/food.r-biopharm.com\/wp-content\/uploads\/2022-03_Subsidiaries_3000x695.jpg\">\n\n    \n        <div class=\"block-hero__textbox\">\n                             <!-- Default behavior for other pages -->\n                <h1>\n                    <span class=\"block-hero__textbox__headline\">\n                        Contato                    <\/span>\n                    <br>\n                    <span class=\"block-hero__textbox__subline\">\n                        Entre em contato com a R-Biopharm                    <\/span>\n                <\/h1>\n                    <\/div>\n\n    \n<\/div>\n\n\n\n<div class=\"acf-block row row--narrow background--transparent\">\n        \n\n<div class=\"wp-block-column a1 column column--100 is-layout-flow wp-block-column-is-layout-flow\">\n<h1 class=\"wp-block-heading\">Contato<\/h1>\n<\/div>\n\n\n<\/div>\n\n\n\n<div class=\"acf-block row row--narrow background--transparent\">\n        \n\n<div class=\"wp-block-column a1 column column--50 is-layout-flow wp-block-column-is-layout-flow\">\n<p><strong>R-Biopharm Brasil<\/strong><\/p>\n\n\n\n<p>R. Dr. Em\u00edlio Ribas, 467 &#8211; Cambu\u00ed,<br>Campinas &#8211; S\u00e3o Paulo &#8211; Brasil<br>CEP: 13025-142<\/p>\n\n\n\n<p>Telefone: (19) 3305-7351<\/p>\n\n\n\n<p>Website: <a href=\"http:\/\/r-biopharm.com\/\">r-biopharm.com<\/a><\/p>\n<\/div>\n\n\n\n<div class=\"wp-block-column a2 column column--50 is-layout-flow wp-block-column-is-layout-flow\">\n<p><strong>E-mail:<\/strong><br><a href=\"mailto:sales@r-biopharm.de\">vendas@r-biopharmbrasil.com.br<\/a><\/p>\n\n\n\n<p><strong>R-Biopharm no mundo:<\/strong><br><a href=\"https:\/\/r-biopharm.com\/contact\/subsidiaries\/\" target=\"_blank\" rel=\"noreferrer noopener\">Veja o contato de nossas outras subsidi\u00e1rias<\/a><\/p>\n\n\n\n<p><\/p>\n\n\n\n<p><\/p>\n<\/div>\n\n\n<\/div>\n\n\n\n<div class=\"acf-block row row--narrow background--transparent\">\n        \n\n<div class=\"wp-block-column a1 column column--50 is-layout-flow wp-block-column-is-layout-flow\">\n<div class=\"wpcf7 no-js\" id=\"wpcf7-f341025-o1\" lang=\"en-US\" dir=\"ltr\" data-wpcf7-id=\"341025\">\n<div class=\"screen-reader-response\"><p role=\"status\" aria-live=\"polite\" aria-atomic=\"true\"><\/p> <ul><\/ul><\/div>\n<form action=\"\/pt-br\/wp-json\/wp\/v2\/pages\/340640#wpcf7-f341025-o1\" method=\"post\" class=\"wpcf7-form init\" aria-label=\"Contact form\" novalidate=\"novalidate\" data-status=\"init\">\n<fieldset class=\"hidden-fields-container\"><input type=\"hidden\" name=\"_wpcf7\" value=\"341025\" \/><input type=\"hidden\" name=\"_wpcf7_version\" value=\"6.1.5\" \/><input type=\"hidden\" name=\"_wpcf7_locale\" value=\"en_US\" \/><input type=\"hidden\" name=\"_wpcf7_unit_tag\" value=\"wpcf7-f341025-o1\" \/><input type=\"hidden\" name=\"_wpcf7_container_post\" value=\"0\" \/><input type=\"hidden\" name=\"_wpcf7_posted_data_hash\" value=\"\" \/><input type=\"hidden\" name=\"_wpcf7dtx_version\" value=\"5.0.5\" \/>\n<\/fieldset>\n<h2>Deixe-nos uma mensagem\n<\/h2>\n<p><span class=\"wpcf7-form-control-wrap\" data-name=\"your-name\"><input size=\"40\" maxlength=\"400\" class=\"wpcf7-form-control wpcf7-text wpcf7-validates-as-required\" aria-required=\"true\" aria-invalid=\"false\" placeholder=\"Seu Nome *\" value=\"\" type=\"text\" name=\"your-name\" \/><\/span><br \/>\n<span class=\"wpcf7-form-control-wrap\" data-name=\"your-email\"><input size=\"40\" maxlength=\"400\" class=\"wpcf7-form-control wpcf7-email wpcf7-validates-as-required wpcf7-text wpcf7-validates-as-email\" aria-required=\"true\" aria-invalid=\"false\" placeholder=\"Seu Email *\" value=\"\" type=\"email\" name=\"your-email\" \/><\/span><br \/>\n<span class=\"wpcf7-form-control-wrap\" data-name=\"your-country\"><input size=\"40\" maxlength=\"400\" class=\"wpcf7-form-control wpcf7-text wpcf7-validates-as-required\" aria-required=\"true\" aria-invalid=\"false\" placeholder=\"Pa\u00eds *\" value=\"\" type=\"text\" name=\"your-country\" \/><\/span><br \/>\n<span class=\"wpcf7-form-control-wrap\" data-name=\"zip\"><input size=\"40\" maxlength=\"400\" class=\"wpcf7-form-control wpcf7-text wpcf7-validates-as-required\" aria-required=\"true\" aria-invalid=\"false\" placeholder=\"C\u00f3digo Postal *\" value=\"\" type=\"text\" name=\"zip\" \/><\/span><br \/>\n<span class=\"wpcf7-form-control-wrap\" data-name=\"your-company\"><input size=\"40\" maxlength=\"400\" class=\"wpcf7-form-control wpcf7-text wpcf7-validates-as-required\" aria-required=\"true\" aria-invalid=\"false\" placeholder=\"Nome da Empresa *\" value=\"\" type=\"text\" name=\"your-company\" \/><\/span><br \/>\n<span class=\"wpcf7-form-control-wrap\" data-name=\"your-subject\"><input size=\"40\" maxlength=\"400\" class=\"wpcf7-form-control wpcf7-text\" aria-invalid=\"false\" placeholder=\"Assunto\" value=\"\" type=\"text\" name=\"your-subject\" \/><\/span><br \/>\n<span class=\"wpcf7-form-control-wrap\" data-name=\"your-message\"><textarea cols=\"40\" rows=\"10\" maxlength=\"2000\" class=\"wpcf7-form-control wpcf7-textarea\" aria-invalid=\"false\" placeholder=\"Sua Mensagem\" name=\"your-message\"><\/textarea><\/span>\n<\/p>\n<p><span class=\"data-privacy\">* Obrigat\u00f3rio<\/span>\n<\/p>\n<p class=\"data-privacy\">Ao enviar esta solicita\u00e7\u00e3o de contato, o remetente concorda que, para processar a solicita\u00e7\u00e3o, podemos salvar e transmitir dados pessoais para empresas associadas, se necess\u00e1rio. Para mais informa\u00e7\u00f5es, consulte nossa <a href=\"https:\/\/r-biopharm.com\/data-privacy-statement\/\" target=\"blank\" rel=\"nofollow\">declara\u00e7\u00e3o de privacidade de dados.<\/a>\n<\/p>\n<p><span class=\"wpcf7-form-control-wrap\" data-name=\"capital-quiz\"><label><span class=\"wpcf7-quiz-label\">Quanto \u00e9 3 vezes 5?<\/span> <input size=\"40\" class=\"wpcf7-form-control wpcf7-quiz\" autocomplete=\"off\" aria-required=\"true\" aria-invalid=\"false\" type=\"text\" name=\"capital-quiz\" \/><\/label><input type=\"hidden\" name=\"_wpcf7_quiz_answer_capital-quiz\" value=\"872144c0f523181dc4608180a4f5c66c\" \/><\/span>\n<\/p>\n<p><span id=\"wpcf7-69f3cc4742923-wrapper\" class=\"wpcf7-form-control-wrap blubbwaawa-wrap\" ><label for=\"wpcf7-69f3cc4742923-field\" class=\"hp-message\">Please leave this field empty.<\/label><input id=\"wpcf7-69f3cc4742923-field\"  class=\"wpcf7-form-control wpcf7-text\" type=\"text\" name=\"blubbwaawa\" value=\"\" size=\"40\" tabindex=\"-1\" autocomplete=\"new-password\" \/><\/span>\n<\/p>\n<p><input class=\"wpcf7-form-control wpcf7-submit has-spinner\" type=\"submit\" value=\"Enviar\" \/>\n<\/p><input type='hidden' class='wpcf7-pum' value='{\"closepopup\":false,\"closedelay\":0,\"openpopup\":false,\"openpopup_id\":0}' \/><div class=\"wpcf7-response-output\" aria-hidden=\"true\"><\/div>\n<\/form>\n<\/div>\n\n<\/div>\n\n\n\n<div class=\"wp-block-column a2 column column--50 is-layout-flow wp-block-column-is-layout-flow\"><\/div>\n\n\n<\/div>\n","protected":false},"excerpt":{"rendered":"","protected":false},"author":2273,"featured_media":0,"parent":0,"menu_order":0,"comment_status":"closed","ping_status":"closed","template":"","meta":{"_acf_changed":false,"_seopress_robots_primary_cat":"","_seopress_titles_title":"","_seopress_titles_desc":"","_seopress_robots_index":"","content-type":"","_relevanssi_hide_post":"","_relevanssi_hide_content":"","_relevanssi_pin_for_all":"","_relevanssi_pin_keywords":"","_relevanssi_unpin_keywords":"","_relevanssi_related_keywords":"","_relevanssi_related_include_ids":"","_relevanssi_related_exclude_ids":"","_relevanssi_related_no_append":"","_relevanssi_related_not_related":"","_relevanssi_related_posts":"340296,340487,340706,340464,340709,340704","_relevanssi_noindex_reason":"","inline_featured_image":false,"footnotes":""},"class_list":["post-340640","page","type-page","status-publish","hentry"],"acf":[],"_links":{"self":[{"href":"https:\/\/food.r-biopharm.com\/pt-br\/wp-json\/wp\/v2\/pages\/340640","targetHints":{"allow":["GET"]}}],"collection":[{"href":"https:\/\/food.r-biopharm.com\/pt-br\/wp-json\/wp\/v2\/pages"}],"about":[{"href":"https:\/\/food.r-biopharm.com\/pt-br\/wp-json\/wp\/v2\/types\/page"}],"author":[{"embeddable":true,"href":"https:\/\/food.r-biopharm.com\/pt-br\/wp-json\/wp\/v2\/users\/2273"}],"replies":[{"embeddable":true,"href":"https:\/\/food.r-biopharm.com\/pt-br\/wp-json\/wp\/v2\/comments?post=340640"}],"version-history":[{"count":9,"href":"https:\/\/food.r-biopharm.com\/pt-br\/wp-json\/wp\/v2\/pages\/340640\/revisions"}],"predecessor-version":[{"id":341158,"href":"https:\/\/food.r-biopharm.com\/pt-br\/wp-json\/wp\/v2\/pages\/340640\/revisions\/341158"}],"wp:attachment":[{"href":"https:\/\/food.r-biopharm.com\/pt-br\/wp-json\/wp\/v2\/media?parent=340640"}],"curies":[{"name":"wp","href":"https:\/\/api.w.org\/{rel}","templated":true}]}}