{"id":340726,"date":"2024-08-22T04:07:08","date_gmt":"2024-08-22T02:07:08","guid":{"rendered":"https:\/\/food.r-biopharm.com\/?page_id=340726"},"modified":"2024-08-22T04:07:08","modified_gmt":"2024-08-22T02:07:08","slug":"analise-enzimatica","status":"publish","type":"page","link":"https:\/\/food.r-biopharm.com\/pt-br\/analise-enzimatica\/","title":{"rendered":"An\u00e1lise Enzim\u00e1tica"},"content":{"rendered":"<!-- hero image from block -->\n<div class=\"acf-block block-hero term-slug-- term- \">\n\n    <img decoding=\"async\" class=\"block-hero__image\" src=\"https:\/\/food.r-biopharm.com\/wp-content\/uploads\/2021\/11\/2021-11_Inhaltsstoffe_3000x695-scaled.jpg\">\n\n    \n        <div class=\"block-hero__textbox\">\n                             <!-- Default behavior for other pages -->\n                <h1>\n                    <span class=\"block-hero__textbox__headline\">\n                        An\u00e1lise Enzim\u00e1tica                    <\/span>\n                    <br>\n                    <span class=\"block-hero__textbox__subline\">\n                        Solu\u00e7\u00e3o completa para an\u00e1lise enzim\u00e1tica                    <\/span>\n                <\/h1>\n                    <\/div>\n\n    \n<\/div>\n\n\n\n<div class=\"acf-block row row--narrow background--transparent\">\n        \n\n<div class=\"wp-block-column a1 column column--100 is-layout-flow wp-block-column-is-layout-flow\">\n<p><\/p>\n<\/div>\n\n\n<\/div>\n\n\n\n<div class=\"acf-block row row--narrow background--transparent\">\n        \n\n<div class=\"wp-block-column a1 column column--50 is-layout-flow wp-block-column-is-layout-flow\">\n<figure class=\"wp-block-embed is-type-video is-provider-youtube wp-block-embed-youtube wp-embed-aspect-16-9 wp-has-aspect-ratio\"><div class=\"wp-block-embed__wrapper\">\n <div class=\"brlbs-cmpnt-container brlbs-cmpnt-content-blocker brlbs-cmpnt-with-individual-styles\" data-borlabs-cookie-content-blocker-id=\"default\" data-borlabs-cookie-content=\"PGlmcmFtZSB0aXRsZT0iRW56eXRlY+KEoiBMaXF1aWQiIHdpZHRoPSI1MDAiIGhlaWdodD0iMjgxIiBzcmM9Imh0dHBzOi8vd3d3LnlvdXR1YmUuY29tL2VtYmVkLzJGSFBLTzhweWRNP2ZlYXR1cmU9b2VtYmVkIiBmcmFtZWJvcmRlcj0iMCIgYWxsb3c9ImFjY2VsZXJvbWV0ZXI7IGF1dG9wbGF5OyBjbGlwYm9hcmQtd3JpdGU7IGVuY3J5cHRlZC1tZWRpYTsgZ3lyb3Njb3BlOyBwaWN0dXJlLWluLXBpY3R1cmU7IHdlYi1zaGFyZSIgcmVmZXJyZXJwb2xpY3k9InN0cmljdC1vcmlnaW4td2hlbi1jcm9zcy1vcmlnaW4iIGFsbG93ZnVsbHNjcmVlbj48L2lmcmFtZT4=\"><div class=\"brlbs-cmpnt-cb-preset-a\"> <p class=\"brlbs-cmpnt-cb-description\">You are currently viewing a placeholder content from <strong>Default<\/strong>. To access the actual content, click the button below. Please note that doing so will share data with third-party providers.<\/p> <div class=\"brlbs-cmpnt-cb-buttons\"> <a class=\"brlbs-cmpnt-cb-btn\" href=\"#\" data-borlabs-cookie-unblock role=\"button\">Unblock content<\/a> <a class=\"brlbs-cmpnt-cb-btn\" href=\"#\" data-borlabs-cookie-accept-service role=\"button\" style=\"display: none\">Accept required service and unblock content<\/a> <\/div> <a class=\"brlbs-cmpnt-cb-provider-toggle\" href=\"#\" data-borlabs-cookie-show-provider-information role=\"button\">More Information<\/a> <\/div><\/div>\n<\/div><\/figure>\n<\/div>\n\n\n\n<div class=\"wp-block-column a2 column column--50 is-layout-flow wp-block-column-is-layout-flow\">\n<h4 class=\"wp-block-heading\">An\u00e1lise Enzim\u00e1tica com a linha de produtos Enzytec\u2122 Liquid<\/h4>\n\n\n\n<p>Uso f\u00e1cil e seguro atrav\u00e9s do analisador. A automa\u00e7\u00e3o \u00e9 facilmente poss\u00edvel. Reagentes podem ser utilizados at\u00e9 a data de validade ap\u00f3s a abertura. Alta precis\u00e3o e sensibilidade com an\u00e1lise r\u00e1pida e confi\u00e1vel. Reagentes s\u00e3o l\u00edquidos e prontos para uso, mesmo procedimento de teste para todos os par\u00e2metros. Evita o descarte de reagentes devido \u00e0 alta estabilidade dos reagentes.<\/p>\n\n\n\n<div class=\"wp-block-buttons is-layout-flex wp-block-buttons-is-layout-flex\">\n<div class=\"wp-block-button\"><a class=\"wp-block-button__link wp-element-button\" href=\"https:\/\/food.r-biopharm.com\/enzymatic-analysis\/enzytec-liquid\/\">Enzytec\u2122 <em>Liquid<\/em><\/a><\/div>\n\n\n\n<div class=\"wp-block-button\"><a class=\"wp-block-button__link wp-element-button\" href=\"https:\/\/food.r-biopharm.com\/wp-content\/uploads\/Enzymatic-Analysis_7p_EN_2023-08.pdf\" target=\"_blank\" rel=\"noreferrer noopener\">Download flyer<\/a><\/div>\n<\/div>\n<\/div>\n\n\n<\/div>\n\n\n\n<div class=\"acf-block row row--narrow background--transparent\">\n        \n\n<div class=\"wp-block-column a1 column column--50 is-layout-flow wp-block-column-is-layout-flow\">\n<figure class=\"wp-block-embed is-type-video is-provider-youtube wp-block-embed-youtube wp-embed-aspect-16-9 wp-has-aspect-ratio\"><div class=\"wp-block-embed__wrapper\">\n <div class=\"brlbs-cmpnt-container brlbs-cmpnt-content-blocker brlbs-cmpnt-with-individual-styles\" data-borlabs-cookie-content-blocker-id=\"default\" data-borlabs-cookie-content=\"PGlmcmFtZSB0aXRsZT0iUklEQcKuQ1VCRSBTQ0FOIiB3aWR0aD0iNTAwIiBoZWlnaHQ9IjI4MSIgc3JjPSJodHRwczovL3d3dy55b3V0dWJlLmNvbS9lbWJlZC8zWDNUYU9yVXV5RT9mZWF0dXJlPW9lbWJlZCIgZnJhbWVib3JkZXI9IjAiIGFsbG93PSJhY2NlbGVyb21ldGVyOyBhdXRvcGxheTsgY2xpcGJvYXJkLXdyaXRlOyBlbmNyeXB0ZWQtbWVkaWE7IGd5cm9zY29wZTsgcGljdHVyZS1pbi1waWN0dXJlOyB3ZWItc2hhcmUiIHJlZmVycmVycG9saWN5PSJzdHJpY3Qtb3JpZ2luLXdoZW4tY3Jvc3Mtb3JpZ2luIiBhbGxvd2Z1bGxzY3JlZW4+PC9pZnJhbWU+\"><div class=\"brlbs-cmpnt-cb-preset-a\"> <p class=\"brlbs-cmpnt-cb-description\">You are currently viewing a placeholder content from <strong>Default<\/strong>. To access the actual content, click the button below. Please note that doing so will share data with third-party providers.<\/p> <div class=\"brlbs-cmpnt-cb-buttons\"> <a class=\"brlbs-cmpnt-cb-btn\" href=\"#\" data-borlabs-cookie-unblock role=\"button\">Unblock content<\/a> <a class=\"brlbs-cmpnt-cb-btn\" href=\"#\" data-borlabs-cookie-accept-service role=\"button\" style=\"display: none\">Accept required service and unblock content<\/a> <\/div> <a class=\"brlbs-cmpnt-cb-provider-toggle\" href=\"#\" data-borlabs-cookie-show-provider-information role=\"button\">More Information<\/a> <\/div><\/div>\n<\/div><\/figure>\n<\/div>\n\n\n\n<div class=\"wp-block-column a2 column column--50 is-layout-flow wp-block-column-is-layout-flow\">\n<h4 class=\"wp-block-heading\">Semi-Automa\u00e7\u00e3o com o RIDA\u00aeCUBE SCAN \u2013 sistema walk-away para testes enzim\u00e1ticos sequenciais individuais<\/h4>\n\n\n\n<p>O RIDA\u00aeCUBE SCAN calcula automaticamente os resultados e os exibe na tela. Ele se adapta a qualquer laborat\u00f3rio e \u00e9 realmente leve, com apenas 2,4 kg. O conjunto do analisador \u00e9 composto pelo instrumento e um tablet PC.<\/p>\n\n\n\n<div class=\"wp-block-buttons is-layout-flex wp-block-buttons-is-layout-flex\">\n<div class=\"wp-block-button\"><a class=\"wp-block-button__link wp-element-button\" href=\"https:\/\/food.r-biopharm.com\/products\/ridacube-scan-analytica-2\/\">RIDA\u00aeCUBE SCAN<\/a><\/div>\n\n\n\n<div class=\"wp-block-button\"><a class=\"wp-block-button__link wp-element-button\" href=\"https:\/\/food.r-biopharm.com\/wp-content\/uploads\/RIDA_CUBE_SCAN_5p_EN_2022-03-2.pdf\" target=\"_blank\" rel=\"noreferrer noopener\">Download flyer<\/a><\/div>\n<\/div>\n<\/div>\n\n\n<\/div>\n\n\n\n<div class=\"acf-block row row--narrow background--transparent\">\n        \n\n<div class=\"wp-block-column a1 column column--50 is-layout-flow wp-block-column-is-layout-flow\">\n<figure class=\"wp-block-embed is-type-video is-provider-youtube wp-block-embed-youtube wp-embed-aspect-16-9 wp-has-aspect-ratio\"><div class=\"wp-block-embed__wrapper\">\n <div class=\"brlbs-cmpnt-container brlbs-cmpnt-content-blocker brlbs-cmpnt-with-individual-styles\" data-borlabs-cookie-content-blocker-id=\"default\" data-borlabs-cookie-content=\"PGlmcmFtZSB0aXRsZT0iUGljdHVzIDUwMCIgd2lkdGg9IjUwMCIgaGVpZ2h0PSIyODEiIHNyYz0iaHR0cHM6Ly93d3cueW91dHViZS5jb20vZW1iZWQvcUdvWnF1d09ONGc\/ZmVhdHVyZT1vZW1iZWQiIGZyYW1lYm9yZGVyPSIwIiBhbGxvdz0iYWNjZWxlcm9tZXRlcjsgYXV0b3BsYXk7IGNsaXBib2FyZC13cml0ZTsgZW5jcnlwdGVkLW1lZGlhOyBneXJvc2NvcGU7IHBpY3R1cmUtaW4tcGljdHVyZTsgd2ViLXNoYXJlIiByZWZlcnJlcnBvbGljeT0ic3RyaWN0LW9yaWdpbi13aGVuLWNyb3NzLW9yaWdpbiIgYWxsb3dmdWxsc2NyZWVuPjwvaWZyYW1lPg==\"><div class=\"brlbs-cmpnt-cb-preset-a\"> <p class=\"brlbs-cmpnt-cb-description\">You are currently viewing a placeholder content from <strong>Default<\/strong>. To access the actual content, click the button below. Please note that doing so will share data with third-party providers.<\/p> <div class=\"brlbs-cmpnt-cb-buttons\"> <a class=\"brlbs-cmpnt-cb-btn\" href=\"#\" data-borlabs-cookie-unblock role=\"button\">Unblock content<\/a> <a class=\"brlbs-cmpnt-cb-btn\" href=\"#\" data-borlabs-cookie-accept-service role=\"button\" style=\"display: none\">Accept required service and unblock content<\/a> <\/div> <a class=\"brlbs-cmpnt-cb-provider-toggle\" href=\"#\" data-borlabs-cookie-show-provider-information role=\"button\">More Information<\/a> <\/div><\/div>\n<\/div><\/figure>\n<\/div>\n\n\n\n<div class=\"wp-block-column a2 column column--50 is-layout-flow wp-block-column-is-layout-flow\">\n<h4 class=\"wp-block-heading\">Automa\u00e7\u00e3o total com o Pictus 500<\/h4>\n\n\n\n<p>A automa\u00e7\u00e3o dos testes Enzytec\u2122 Liquid resulta na redu\u00e7\u00e3o de custos, tempo de processamento e erros do usu\u00e1rio durante a execu\u00e7\u00e3o. Redu\u00e7\u00e3o de custos devido ao tempo de processamento mais curto e ao consumo significativamente menor de reagentes. Sistema walk-away e multi-testes para grandes s\u00e9ries de amostras.<\/p>\n\n\n\n<div class=\"wp-block-buttons is-layout-flex wp-block-buttons-is-layout-flex\">\n<div class=\"wp-block-button\"><a class=\"wp-block-button__link wp-element-button\" href=\"https:\/\/food.r-biopharm.com\/products\/pictus-500-analytica\/\">Pictus 500<\/a><\/div>\n\n\n\n<div class=\"wp-block-button\"><a class=\"wp-block-button__link wp-element-button\" href=\"https:\/\/food.r-biopharm.com\/wp-content\/uploads\/Enzymatic_Pictus-500_7p_EN_2022-03-1.pdf\" target=\"_blank\" rel=\"noreferrer noopener\">Download flyer<\/a><\/div>\n<\/div>\n<\/div>\n\n\n<\/div>\n","protected":false},"excerpt":{"rendered":"","protected":false},"author":2273,"featured_media":0,"parent":0,"menu_order":0,"comment_status":"closed","ping_status":"closed","template":"","meta":{"_acf_changed":false,"_seopress_robots_primary_cat":"","_seopress_titles_title":"An\u00e1lise Enzim\u00e1tica","_seopress_titles_desc":"Conhe\u00e7as a solu\u00e7\u00e3o completa para an\u00e1lise enzim\u00e1tica da R-Biopharm.","_seopress_robots_index":"","content-type":"","_relevanssi_hide_post":"","_relevanssi_hide_content":"","_relevanssi_pin_for_all":"","_relevanssi_pin_keywords":"","_relevanssi_unpin_keywords":"","_relevanssi_related_keywords":"","_relevanssi_related_include_ids":"","_relevanssi_related_exclude_ids":"","_relevanssi_related_no_append":"","_relevanssi_related_not_related":"","_relevanssi_related_posts":"","_relevanssi_noindex_reason":"","inline_featured_image":false,"footnotes":""},"class_list":["post-340726","page","type-page","status-publish","hentry"],"acf":[],"_links":{"self":[{"href":"https:\/\/food.r-biopharm.com\/pt-br\/wp-json\/wp\/v2\/pages\/340726","targetHints":{"allow":["GET"]}}],"collection":[{"href":"https:\/\/food.r-biopharm.com\/pt-br\/wp-json\/wp\/v2\/pages"}],"about":[{"href":"https:\/\/food.r-biopharm.com\/pt-br\/wp-json\/wp\/v2\/types\/page"}],"author":[{"embeddable":true,"href":"https:\/\/food.r-biopharm.com\/pt-br\/wp-json\/wp\/v2\/users\/2273"}],"replies":[{"embeddable":true,"href":"https:\/\/food.r-biopharm.com\/pt-br\/wp-json\/wp\/v2\/comments?post=340726"}],"version-history":[{"count":1,"href":"https:\/\/food.r-biopharm.com\/pt-br\/wp-json\/wp\/v2\/pages\/340726\/revisions"}],"predecessor-version":[{"id":340727,"href":"https:\/\/food.r-biopharm.com\/pt-br\/wp-json\/wp\/v2\/pages\/340726\/revisions\/340727"}],"wp:attachment":[{"href":"https:\/\/food.r-biopharm.com\/pt-br\/wp-json\/wp\/v2\/media?parent=340726"}],"curies":[{"name":"wp","href":"https:\/\/api.w.org\/{rel}","templated":true}]}}