{"id":340763,"date":"2024-08-22T04:10:25","date_gmt":"2024-08-22T02:10:25","guid":{"rendered":"https:\/\/food.r-biopharm.com\/?page_id=340763"},"modified":"2024-08-22T04:10:25","modified_gmt":"2024-08-22T02:10:25","slug":"frutas-especiarias-e-nozes","status":"publish","type":"page","link":"https:\/\/food.r-biopharm.com\/pt-br\/industrias\/frutas-especiarias-e-nozes\/","title":{"rendered":"Frutas, especiarias e nozes"},"content":{"rendered":"<!-- hero image from block -->\n<div class=\"acf-block block-hero term-slug-- term- \">\n\n    <img decoding=\"async\" class=\"block-hero__image\" src=\"https:\/\/food.r-biopharm.com\/wp-content\/uploads\/2021-11_Fruechte-Gewuerze-Nuesse_3000x695-scaled.jpg\">\n\n    \n        <div class=\"block-hero__textbox\">\n                             <!-- Default behavior for other pages -->\n                <h1>\n                    <span class=\"block-hero__textbox__headline\">\n                        Frutas, especiarias e nozes                    <\/span>\n                    <br>\n                    <span class=\"block-hero__textbox__subline\">\n                        Garanta produtos seguros e de alta qualidade                    <\/span>\n                <\/h1>\n                    <\/div>\n\n    \n<\/div>\n\n\n\n\n\n<div class=\"acf-block block-taxonomy block-taxonomy__position--header\">\n\t\t\t<!-- Flexy Breadcrumb -->\r\n\t\t\t<div class=\"fbc fbc-page\">\r\n\r\n\t\t\t\t<!-- Breadcrumb wrapper -->\r\n\t\t\t\t<div class=\"fbc-wrap\">\r\n\r\n\t\t\t\t\t<!-- Ordered list-->\r\n\t\t\t\t\t<ol class=\"fbc-items\" itemscope itemtype=\"https:\/\/schema.org\/BreadcrumbList\">\r\n\t\t\t\t\t\t            <li itemprop=\"itemListElement\" itemscope itemtype=\"https:\/\/schema.org\/ListItem\">\r\n                <span itemprop=\"name\">\r\n                    <!-- Home Link -->\r\n                    <a itemprop=\"item\" href=\"https:\/\/food.r-biopharm.com\">\r\n                    \r\n                        Home                    <\/a>\r\n                <\/span>\r\n                <meta itemprop=\"position\" content=\"1\" \/><!-- Meta Position-->\r\n             <\/li><li><span class=\"fbc-separator\">\/<\/span><\/li><li class=\"active\" itemprop=\"itemListElement\" itemscope itemtype=\"https:\/\/schema.org\/ListItem\"><span itemprop=\"name\" title=\"Frutas, especiarias e nozes\">Frutas, especiarias e nozes<\/span><meta itemprop=\"position\" content=\"2\" \/><\/li>\t\t\t\t\t<\/ol>\r\n\t\t\t\t\t<div class=\"clearfix\"><\/div>\r\n\t\t\t\t<\/div>\r\n\t\t\t<\/div>\r\n\t\t\t\n    <span class=\"block__title\">Industrias<\/span>            <div class=\"block__content\n            show-icons            \">\n                    <div class=\"swiper-container\">\n            <div role=\"navigation\" aria-label=\"Industrias navigation\" class=\"swiper-wrapper\">\n                            \n                <\/div>\n            <\/div>\n            <div class=\"swiper-button-prev swiper-button-prev__taxonomy\"><\/div>\n            <div class=\"swiper-button-next swiper-button-next__taxonomy\"><\/div>\n            <\/div>\n<\/div>\n\n\n\n<div class=\"acf-block row row--narrow background--\">\n        \n\n<div class=\"wp-block-column column column--75 is-layout-flow wp-block-column-is-layout-flow\">\n<h1 class=\"wp-block-heading\">Frutas, especiarias e nozes<\/h1>\n\n\n\n<p><strong>Alimentos como frutas, especiarias e nozes devem passar por testes para garantir produtos seguros e de alta qualidade.<\/strong><\/p>\n\n\n\n<p>Frutas, especiarias e nozes s\u00e3o produtos amplamente comercializados. O mercado est\u00e1 crescendo, e cada vez mais (frequentemente ex\u00f3ticos) produtos chegam ao consumidor. Os kits de teste da R-Biopharm podem ser aplicados em toda a cadeia de produ\u00e7\u00e3o: desde as mat\u00e9rias-primas at\u00e9 os produtos finais, desde a inspe\u00e7\u00e3o de mercadorias recebidas at\u00e9 o monitoramento de higiene e, finalmente, a an\u00e1lise do produto para rotulagem correta. Nosso amplo portf\u00f3lio de diferentes formatos de teste pode ser usado para analisar at\u00e9 mesmo matrizes complexas, como:<\/p>\n\n\n\n<ul class=\"wp-block-list\">\n<li>frutas e vegetais secos (por exemplo, passas, figos, damascos, ameixas, t\u00e2maras, p\u00eassegos, ma\u00e7\u00e3s, frutas vermelhas)<\/li>\n\n\n\n<li>especiarias, ervas e misturas de especiarias (por exemplo, pimenta em p\u00f3, noz-moscada, p\u00e1prica em p\u00f3, pimenta-do-reino, alho em p\u00f3, gengibre, curry em p\u00f3, a\u00e7afr\u00e3o ou alca\u00e7uz)<\/li>\n\n\n\n<li>nozes e produtos de nozes (por exemplo, amendoim, am\u00eandoa, castanha-do-par\u00e1, avel\u00e3, caju, macad\u00e2mia, noz-pec\u00e3)<\/li>\n\n\n\n<li>e outros alimentos.<\/li>\n<\/ul>\n\n\n\n<h2 class=\"wp-block-heading\">Micotoxinas<\/h2>\n\n\n\n<p>As micotoxinas s\u00e3o uma das principais causas de recall de nozes, frutas secas e especiarias. Especialmente duas micotoxinas est\u00e3o tipicamente presentes: Aflatoxina e Ochratoxina A. Devido \u00e0 sua alta preval\u00eancia e toxicidade, n\u00edveis m\u00e1ximos regulamentares para o teor de micotoxinas em alimentos est\u00e3o estabelecidos em muitos pa\u00edses. M\u00e9todos de triagem confi\u00e1veis s\u00e3o essenciais para que os fabricantes cumpram com as regulamenta\u00e7\u00f5es e garantam produtos seguros para consumo.<\/p>\n\n\n\n<div class=\"wp-block-buttons is-layout-flex wp-block-buttons-is-layout-flex\">\n<div class=\"wp-block-button\"><a class=\"wp-block-button__link wp-element-button\" href=\"\/analytes\/mycotoxins\">Leia mais sobre micotoxinas<\/a><\/div>\n<\/div>\n\n\n\n<h2 class=\"wp-block-heading\">Alerg\u00eanicos<\/h2>\n\n\n\n<p>Mesmo pequenas quantidades de alerg\u00eanicos podem ser perigosas para pessoas al\u00e9rgicas \u2013 um \u00fanico amendoim em um saco de am\u00eandoas pode ser fatal. Embora os ingredientes alerg\u00eanicos devam ser rotulados na maioria dos pa\u00edses, a contamina\u00e7\u00e3o n\u00e3o intencional durante o armazenamento e a produ\u00e7\u00e3o devido a carryover \u00e9 muito comum. \u00c9 por isso que os fabricantes devem testar as mat\u00e9rias-primas recebidas, bem como os produtos finais, para garantir a rotulagem correta e evitar recalls de produtos.<\/p>\n\n\n\n<div class=\"wp-block-buttons is-layout-flex wp-block-buttons-is-layout-flex\">\n<div class=\"wp-block-button\"><a class=\"wp-block-button__link wp-element-button\" href=\"\/analytes\/food-allergens\">Leia mais sobre alerg\u00eanicos<\/a><\/div>\n<\/div>\n\n\n\n<h2 class=\"wp-block-heading\"><strong>Monitoramento da Higiene<\/strong><\/h2>\n\n\n\n<p>O uso de frutas e vegetais de baixa qualidade (por exemplo, uma alta porcentagem de frutas podres), condi\u00e7\u00f5es higi\u00eanicas inadequadas durante o processamento, bem como problemas t\u00e9cnicos relacionados \u00e0 estabiliza\u00e7\u00e3o t\u00e9rmica e embalagem ass\u00e9ptica, s\u00e3o fatores que favorecem o crescimento microbiano. Embora as nozes tradicionalmente tenham sido consideradas um produto microbiologicamente seguro, recalls de produtos de nozes devido \u00e0 <em>Salmonella<\/em> n\u00e3o s\u00e3o incomuns. Como microrganismos podem causar doen\u00e7as transmitidas por alimentos, o monitoramento de pat\u00f3genos e organismos de deteriora\u00e7\u00e3o ao longo de toda a cadeia de produ\u00e7\u00e3o \u00e9 crucial para garantir a prote\u00e7\u00e3o do consumidor e a estabilidade do produto.<\/p>\n\n\n\n<div class=\"wp-block-buttons is-layout-flex wp-block-buttons-is-layout-flex\">\n<div class=\"wp-block-button\"><a class=\"wp-block-button__link wp-element-button\" href=\"\/analytes\/microbiology\">Leia mais monitoramento da higiene<\/a><\/div>\n<\/div>\n\n\n\n<h2 class=\"wp-block-heading\"><strong>A\u00e7\u00facares, \u00e1cidos e outros constituintes<\/strong><\/h2>\n\n\n\n<p>A qualidade de frutas e vegetais pode ser medida diretamente por m\u00e9todos sensoriais ou indiretamente (e mais precisamente) por an\u00e1lise qu\u00edmica. As enzimas oferecem m\u00e9todos sens\u00edveis e espec\u00edficos de quantifica\u00e7\u00e3o para muitas subst\u00e2ncias presentes em produtos de frutas e vegetais. Indicadores relevantes para a qualidade do produto de frutas e vegetais incluem \u00e1cido c\u00edtrico, \u00e1cido l\u00e1tico, \u00e1cido m\u00e1lico, \u00e1cido ac\u00e9tico, \u00e1cido f\u00f3rmico, \u00e1cido D-isoc\u00edtrico, \u00e1cido L-glut\u00e2mico, D-glicose, D-frutose, sacarose, sulfito, SO2 e etanol.<\/p>\n\n\n\n<div class=\"wp-block-buttons is-layout-flex wp-block-buttons-is-layout-flex\">\n<div class=\"wp-block-button\"><a class=\"wp-block-button__link wp-element-button\" href=\"\/analytes\/constituents\">Leia mais sobre constituintes<\/a><\/div>\n<\/div>\n\n\n\n    <div class=\"block-productportfolio\">\n\n        <h3 class=\"block__title\">Product portfolio<\/h3>\n\n        <div class=\"block__content\">\n\n            <div class=\"accordion\"><!-- blocks\/product-portfolio -->\n\n                <div class=\"accordion__section\"><input class=\"accordion__checkbox\" type=\"checkbox\" id=\"accordion__checkbox--1885\"><label class=\"accordion__label\" for=\"accordion__checkbox--1885\"><i class=\"accordion__icon icon\"><?xml version=\"1.0\" encoding=\"utf-8\"?>\r\n<!-- Generator: Adobe Illustrator 25.4.1, SVG Export Plug-In . SVG Version: 6.00 Build 0)  -->\r\n<svg version=\"1.1\" baseProfile=\"tiny\" id=\"Analytes_x5F_Foodallergens\"\r\n\t xmlns=\"http:\/\/www.w3.org\/2000\/svg\" xmlns:xlink=\"http:\/\/www.w3.org\/1999\/xlink\" x=\"0px\" y=\"0px\" viewBox=\"0 0 57.9 58\"\r\n\t overflow=\"visible\" xml:space=\"preserve\">\r\n<g>\r\n\t<circle fill=\"none\" stroke=\"#88A938\" stroke-width=\"1.2\" stroke-miterlimit=\"10\" cx=\"29\" cy=\"29\" r=\"28.3\"\/>\r\n\t<g>\r\n\t\t<g>\r\n\t\t\t<line fill=\"none\" stroke=\"#88A938\" stroke-width=\"1.2\" stroke-miterlimit=\"10\" x1=\"20.1\" y1=\"22.5\" x2=\"20.1\" y2=\"48.5\"\/>\r\n\t\t\t<path fill=\"none\" stroke=\"#88A938\" stroke-width=\"1.2\" stroke-miterlimit=\"10\" d=\"M20.2,23c0,0,2.2,0.1,2.2-3.1S20.2,15,20.2,15\r\n\t\t\t\tS18,16.7,18,19.9S20.2,23,20.2,23z\"\/>\r\n\t\t\t<path fill=\"none\" stroke=\"#88A938\" stroke-width=\"1.2\" stroke-miterlimit=\"10\" d=\"M21.2,26.7c0,0,1.7,1.4,3.6-1.2\r\n\t\t\t\tc1.9-2.6,1.1-5.2,1.1-5.2s-2.7,0.1-4.6,2.7C19.3,25.5,21.2,26.7,21.2,26.7z\"\/>\r\n\t\t\t<path fill=\"none\" stroke=\"#88A938\" stroke-width=\"1.2\" stroke-miterlimit=\"10\" d=\"M18.9,26.7c0,0-1.7,1.4-3.6-1.2\r\n\t\t\t\ts-1.1-5.2-1.1-5.2s2.7,0.1,4.6,2.7C20.8,25.5,18.9,26.7,18.9,26.7z\"\/>\r\n\t\t\t<path fill=\"none\" stroke=\"#88A938\" stroke-width=\"1.2\" stroke-miterlimit=\"10\" d=\"M21.2,32.7c0,0,1.7,1.4,3.6-1.2\r\n\t\t\t\tc1.9-2.6,1.1-5.2,1.1-5.2s-2.7,0.1-4.6,2.7C19.3,31.5,21.2,32.7,21.2,32.7z\"\/>\r\n\t\t\t<path fill=\"none\" stroke=\"#88A938\" stroke-width=\"1.2\" stroke-miterlimit=\"10\" d=\"M18.9,32.7c0,0-1.7,1.4-3.6-1.2\r\n\t\t\t\ts-1.1-5.2-1.1-5.2s2.7,0.1,4.6,2.7C20.8,31.5,18.9,32.7,18.9,32.7z\"\/>\r\n\t\t\t<path fill=\"none\" stroke=\"#88A938\" stroke-width=\"1.2\" stroke-miterlimit=\"10\" d=\"M21.2,38.6c0,0,1.7,1.4,3.6-1.2\r\n\t\t\t\tc1.9-2.6,1.1-5.2,1.1-5.2s-2.7,0.1-4.6,2.7C19.3,37.4,21.2,38.6,21.2,38.6z\"\/>\r\n\t\t\t<path fill=\"none\" stroke=\"#88A938\" stroke-width=\"1.2\" stroke-miterlimit=\"10\" d=\"M18.9,38.6c0,0-1.7,1.4-3.6-1.2\r\n\t\t\t\ts-1.1-5.2-1.1-5.2s2.7,0.1,4.6,2.7C20.8,37.4,18.9,38.6,18.9,38.6z\"\/>\r\n\t\t\t<path fill=\"none\" stroke=\"#88A938\" stroke-width=\"1.2\" stroke-miterlimit=\"10\" d=\"M21.2,44.3c0,0,1.7,1.4,3.6-1.2\r\n\t\t\t\tc1.9-2.6,1.1-5.2,1.1-5.2s-2.7,0.1-4.6,2.7C19.3,43.2,21.2,44.3,21.2,44.3z\"\/>\r\n\t\t\t<path fill=\"none\" stroke=\"#88A938\" stroke-width=\"1.2\" stroke-miterlimit=\"10\" d=\"M18.9,44.3c0,0-1.7,1.4-3.6-1.2\r\n\t\t\t\tc-1.9-2.6-1.1-5.2-1.1-5.2s2.7,0.1,4.6,2.7C20.8,43.2,18.9,44.3,18.9,44.3z\"\/>\r\n\t\t\t<line fill=\"none\" stroke=\"#88A938\" stroke-width=\"1.2\" stroke-miterlimit=\"10\" x1=\"20.1\" y1=\"15\" x2=\"20.1\" y2=\"9.5\"\/>\r\n\t\t\t<line fill=\"none\" stroke=\"#88A938\" stroke-width=\"1.2\" stroke-miterlimit=\"10\" x1=\"25.7\" y1=\"20.3\" x2=\"25.7\" y2=\"9.5\"\/>\r\n\t\t\t<line fill=\"none\" stroke=\"#88A938\" stroke-width=\"1.2\" stroke-miterlimit=\"10\" x1=\"14.3\" y1=\"20.1\" x2=\"14.3\" y2=\"9.5\"\/>\r\n\t\t<\/g>\r\n\t\t<g>\r\n\t\t\t<path fill=\"none\" stroke=\"#88A938\" stroke-width=\"1.2\" stroke-miterlimit=\"10\" d=\"M42.3,30.2c0-3,1.7-3.7,1.5-7.1\r\n\t\t\t\ts-3.1-6.4-6.1-6.4s-5.8,3-6.1,6.4s1.5,4.1,1.5,7.1c0,2.9-1.7,3.7-1.5,7.1c0.3,3.4,3.1,6.4,6.1,6.4s5.8-3,6.1-6.4\r\n\t\t\t\tC44.1,33.9,42.3,33.4,42.3,30.2z\"\/>\r\n\t\t\t<path fill=\"none\" stroke=\"#88A938\" stroke-width=\"1.2\" stroke-miterlimit=\"10\" d=\"M37.7,43.6c1.7-1.2,2.9-3.4,3.1-5.8\r\n\t\t\t\tc0.3-3.6-1.5-4.2-1.5-7.6c0-3.2,1.7-4,1.5-7.6c-0.2-2.3-1.4-4.5-3.1-5.8\"\/>\r\n\t\t\t<line fill=\"none\" stroke=\"#88A938\" stroke-width=\"1.2\" stroke-miterlimit=\"10\" x1=\"37.7\" y1=\"16.8\" x2=\"37.7\" y2=\"43.7\"\/>\r\n\t\t\t<path fill=\"none\" stroke=\"#88A938\" stroke-width=\"1.2\" stroke-miterlimit=\"10\" d=\"M37.7,43.6c-1.7-1.2-2.9-3.4-3.1-5.8\r\n\t\t\t\tc-0.3-3.6,1.5-4.2,1.5-7.6c0-3.2-1.7-4-1.5-7.6c0.2-2.3,1.4-4.5,3.1-5.8\"\/>\r\n\t\t<\/g>\r\n\t<\/g>\r\n<\/g>\r\n<\/svg>\r\n<\/i><div class=\"accordion__title\"><h5 class=\"accordion__headline\">Alerg\u00eanicos Alimentares<\/h5><h6 class=\"accordion__subline\"><p>Solu\u00e7\u00f5es anal\u00edticas confi\u00e1veis para o gerenciamento de alerg\u00eanicos<\/p>\n<\/h6><\/div><\/label><div class=\"accordion__content\"><table class=\"table--product-portfolio\"><thead><tr><th>Product<\/th><th>Description<\/th><th>No. of tests\/amount<\/th><th>Art. No.<\/th><\/tr><\/thead><tbody>                                        <tr>\n\n                                            <td>\n                                                <a href=\"https:\/\/food.r-biopharm.com\/pt-br\/products\/ridascreeneasy-hazelnut\/\">RIDASCREEN\u00aeEASY Hazelnut<\/a>\n                                            <\/td>\n\n                                            <td>\n                                                <p>\n                                                    RIDASCREEN\u00aeEASY Hazelnut (Art. No. RAE6401) is a sandwich enzyme immunoassay for the quantitative analysis of contaminations by hazelnut protein in foods. Hygiene samples can be investigated according to an application note, too.\n                                                <\/p>\n\n                                                <a href=\"https:\/\/food.r-biopharm.com\/pt-br\/products\/ridascreeneasy-hazelnut\/\">Leia mais<\/a>\n                                            <\/td>\n\n                                            <td>\n                                                Microtiter plate with 96 wells (12 strips with 8 removable wells each) <br \/>\r\n                                            <\/td>\n\n                                            <td>\n                                                RAE6401                                            <\/td>\n\n                                        <\/tr>\n                                                                                    <tr>\n\n                                            <td>\n                                                <a href=\"https:\/\/food.r-biopharm.com\/pt-br\/products\/surefood-allergen-4plex-almond-pistachio-cashewiac\/\">SureFood\u00ae ALLERGEN 4plex Almond\/Pistachio\/Cashew+IAC<\/a>\n                                            <\/td>\n\n                                            <td>\n                                                <p>\n                                                    The SureFood\u00ae ALLERGEN 4plex Almond\/Pistachio\/Cashew+IAC is a multiplex real-time PCR for the direct, qualitative detection and differentiation of specific almond (Prunus dulcis), pistachio (Pistacia vera) and cashew (Anacardium occidentale) DNA &hellip;                                                <\/p>\n\n                                                <a href=\"https:\/\/food.r-biopharm.com\/pt-br\/products\/surefood-allergen-4plex-almond-pistachio-cashewiac\/\">Leia mais<\/a>\n                                            <\/td>\n\n                                            <td>\n                                                100 reactions                                            <\/td>\n\n                                            <td>\n                                                S3406                                            <\/td>\n\n                                        <\/tr>\n                                                                                    <tr>\n\n                                            <td>\n                                                <a href=\"https:\/\/food.r-biopharm.com\/pt-br\/products\/surefood-allergen-4plex-eu-nuts\/\">SureFood\u00ae ALLERGEN 4plex EU NUTS<\/a>\n                                            <\/td>\n\n                                            <td>\n                                                <p>\n                                                    The SureFood\u00ae ALLERGEN 4plex EU NUTS is a multiplex real-time PCR for the direct, qualitative detection and differentiation of  almond (Prunus dulcis), cashew (Anacardium occidentale), pistachio (Pistacia vera), peanut (Arachis hypogaea), hazelnut &hellip;                                                <\/p>\n\n                                                <a href=\"https:\/\/food.r-biopharm.com\/pt-br\/products\/surefood-allergen-4plex-eu-nuts\/\">Leia mais<\/a>\n                                            <\/td>\n\n                                            <td>\n                                                100 reactions                                            <\/td>\n\n                                            <td>\n                                                S3404                                            <\/td>\n\n                                        <\/tr>\n                                            <\/tbody><\/table><span class=\"button button--loadmore\">load more<\/span><\/div><!-- accordion__content --><\/div><!-- accordion__section -->            <\/div><!-- accordion -->\n        <\/div><!-- block__content -->\n    <\/div><!-- block-productportfolio -->\n<\/div>\n\n\n\n<div class=\"wp-block-column column column--25 is-layout-flow wp-block-column-is-layout-flow\">\n\n<div class=\"block-related\">\n    <h4 class=\"block__title block_related\">Not\u00edcias relacionadas<\/h4>\n\n    <div class=\"block__content\">\n        <div class=\"swiper-container\">\n            <div class=\"swiper-wrapper\">\n\n                \n                    \n                <a href=\"https:\/\/food.r-biopharm.com\/pt-br\/news\/obtendo-a-certificacao-aoac-com-11myco-ms-prep-de-forma-confiavel-e-eficiente\/\" class=\"swiper-slide post\">\n                    <figure class=\"box-image\">\n                        <img loading=\"lazy\" decoding=\"async\" width=\"1400\" height=\"511\" src=\"https:\/\/food.r-biopharm.com\/wp-content\/uploads\/Obtendo-a-certificacao-AOAC-com-11Myco-MS-PREP\u00ae-de-forma-confiavel-e-eficiente-1400x511.jpg\" class=\"box-image__image wp-post-image\" alt=\"\" srcset=\"https:\/\/food.r-biopharm.com\/wp-content\/uploads\/Obtendo-a-certificacao-AOAC-com-11Myco-MS-PREP\u00ae-de-forma-confiavel-e-eficiente-1400x511.jpg 1400w, https:\/\/food.r-biopharm.com\/wp-content\/uploads\/Obtendo-a-certificacao-AOAC-com-11Myco-MS-PREP\u00ae-de-forma-confiavel-e-eficiente-710x259.jpg 710w, https:\/\/food.r-biopharm.com\/wp-content\/uploads\/Obtendo-a-certificacao-AOAC-com-11Myco-MS-PREP\u00ae-de-forma-confiavel-e-eficiente-768x280.jpg 768w, https:\/\/food.r-biopharm.com\/wp-content\/uploads\/Obtendo-a-certificacao-AOAC-com-11Myco-MS-PREP\u00ae-de-forma-confiavel-e-eficiente-1536x560.jpg 1536w, https:\/\/food.r-biopharm.com\/wp-content\/uploads\/Obtendo-a-certificacao-AOAC-com-11Myco-MS-PREP\u00ae-de-forma-confiavel-e-eficiente.jpg 2048w\" sizes=\"auto, (max-width: 1400px) 100vw, 1400px\" \/>\n                                                <figcaption class=\"box-image__caption\">\n                            <i class=\"icon box-image__icon\"><?xml version=\"1.0\" encoding=\"utf-8\"?>\r\n<!-- Generator: Adobe Illustrator 25.4.1, SVG Export Plug-In . SVG Version: 6.00 Build 0)  -->\r\n<svg version=\"1.1\" baseProfile=\"tiny\" id=\"News\" xmlns=\"http:\/\/www.w3.org\/2000\/svg\" xmlns:xlink=\"http:\/\/www.w3.org\/1999\/xlink\"\r\n\t x=\"0px\" y=\"0px\" viewBox=\"0 0 57.9 58\" overflow=\"visible\" xml:space=\"preserve\">\r\n<g>\r\n\t<g>\r\n\t\t<circle fill=\"none\" stroke=\"#706F6F\" stroke-miterlimit=\"10\" cx=\"29\" cy=\"29\" r=\"28.3\"\/>\r\n\t<\/g>\r\n\t<g>\r\n\t\t<path fill=\"none\" stroke=\"#706F6F\" stroke-width=\"1.5\" stroke-miterlimit=\"10\" d=\"M42,13.6c-4.3,0-8.7,0-13,0c-4.5,0-9,0-13.4,0\r\n\t\t\tc-1.9,0-2.9,1.1-2.9,2.9c0,5.7,0,11.4,0,17.1c0,1.9,1,2.9,2.9,2.9c1,0,1.9,0.1,2.9,0c0.1,0,0.1,0,0.2,0v7.8\r\n\t\t\tc3.4-2.6,6.8-5.2,10.2-7.8c4.4,0,8.8,0,13.1,0c2.3,0,3.3-1,3.3-3.3c0-5.5,0-10.9,0-16.4C45.3,14.6,44.3,13.6,42,13.6z\"\/>\r\n\t\t<line fill=\"none\" stroke=\"#706F6F\" stroke-width=\"1.5\" x1=\"19.4\" y1=\"28.2\" x2=\"38.5\" y2=\"28.2\"\/>\r\n\t\t<line fill=\"none\" stroke=\"#706F6F\" stroke-width=\"1.5\" x1=\"19.4\" y1=\"22.2\" x2=\"38.5\" y2=\"22.2\"\/>\r\n\t<\/g>\r\n<\/g>\r\n<\/svg>\r\n<\/i>                            <div class=\"box-image__title\">\n                                <h5 class=\"box-image__headline\">Obtendo a certifica\u00e7\u00e3o &hellip;<\/h5>\n                                <h6 class=\"box-image__subline\">O que \u00e9 a certifica\u00e7\u00e3o &hellip;<\/h6>\n                            <\/div>\n                        <\/figcaption>\n                    <\/figure>\n                <\/a>\n\n\n                \n                    \n                <a href=\"https:\/\/food.r-biopharm.com\/pt-br\/news\/a-ameaca-oculta-no-seu-cafe-explorando-a-ocratoxina-a-e-a-diversidade-fungica\/\" class=\"swiper-slide post\">\n                    <figure class=\"box-image\">\n                        <img loading=\"lazy\" decoding=\"async\" width=\"930\" height=\"339\" src=\"https:\/\/food.r-biopharm.com\/wp-content\/uploads\/2023-03_NEWS_WEBSEITE_Kaffee_RBR.jpg\" class=\"box-image__image wp-post-image\" alt=\"\" srcset=\"https:\/\/food.r-biopharm.com\/wp-content\/uploads\/2023-03_NEWS_WEBSEITE_Kaffee_RBR.jpg 930w, https:\/\/food.r-biopharm.com\/wp-content\/uploads\/2023-03_NEWS_WEBSEITE_Kaffee_RBR-710x259.jpg 710w, https:\/\/food.r-biopharm.com\/wp-content\/uploads\/2023-03_NEWS_WEBSEITE_Kaffee_RBR-768x280.jpg 768w\" sizes=\"auto, (max-width: 930px) 100vw, 930px\" \/>\n                                                <figcaption class=\"box-image__caption\">\n                            <i class=\"icon box-image__icon\"><?xml version=\"1.0\" encoding=\"utf-8\"?>\r\n<!-- Generator: Adobe Illustrator 25.4.1, SVG Export Plug-In . SVG Version: 6.00 Build 0)  -->\r\n<svg version=\"1.1\" baseProfile=\"tiny\" id=\"News\" xmlns=\"http:\/\/www.w3.org\/2000\/svg\" xmlns:xlink=\"http:\/\/www.w3.org\/1999\/xlink\"\r\n\t x=\"0px\" y=\"0px\" viewBox=\"0 0 57.9 58\" overflow=\"visible\" xml:space=\"preserve\">\r\n<g>\r\n\t<g>\r\n\t\t<circle fill=\"none\" stroke=\"#706F6F\" stroke-miterlimit=\"10\" cx=\"29\" cy=\"29\" r=\"28.3\"\/>\r\n\t<\/g>\r\n\t<g>\r\n\t\t<path fill=\"none\" stroke=\"#706F6F\" stroke-width=\"1.5\" stroke-miterlimit=\"10\" d=\"M42,13.6c-4.3,0-8.7,0-13,0c-4.5,0-9,0-13.4,0\r\n\t\t\tc-1.9,0-2.9,1.1-2.9,2.9c0,5.7,0,11.4,0,17.1c0,1.9,1,2.9,2.9,2.9c1,0,1.9,0.1,2.9,0c0.1,0,0.1,0,0.2,0v7.8\r\n\t\t\tc3.4-2.6,6.8-5.2,10.2-7.8c4.4,0,8.8,0,13.1,0c2.3,0,3.3-1,3.3-3.3c0-5.5,0-10.9,0-16.4C45.3,14.6,44.3,13.6,42,13.6z\"\/>\r\n\t\t<line fill=\"none\" stroke=\"#706F6F\" stroke-width=\"1.5\" x1=\"19.4\" y1=\"28.2\" x2=\"38.5\" y2=\"28.2\"\/>\r\n\t\t<line fill=\"none\" stroke=\"#706F6F\" stroke-width=\"1.5\" x1=\"19.4\" y1=\"22.2\" x2=\"38.5\" y2=\"22.2\"\/>\r\n\t<\/g>\r\n<\/g>\r\n<\/svg>\r\n<\/i>                            <div class=\"box-image__title\">\n                                <h5 class=\"box-image__headline\">Controle de Micotoxinas &hellip;<\/h5>\n                                <h6 class=\"box-image__subline\">Monitorar e controlar &hellip;<\/h6>\n                            <\/div>\n                        <\/figcaption>\n                    <\/figure>\n                <\/a>\n\n\n                \n                \n            <\/div>         <\/div> \n        <div class=\"swiper-button-prev swiper-button-prev__related\"><\/div>\n        <div class=\"swiper-button-next swiper-button-next__related\"><\/div>\n    <\/div>\n<\/div>\n\n    <\/div>\n\n\n<\/div>\n","protected":false},"excerpt":{"rendered":"","protected":false},"author":2273,"featured_media":0,"parent":340372,"menu_order":0,"comment_status":"closed","ping_status":"closed","template":"","meta":{"_acf_changed":false,"_seopress_robots_primary_cat":"","_seopress_titles_title":"","_seopress_titles_desc":"","_seopress_robots_index":"","content-type":"","_relevanssi_hide_post":"","_relevanssi_hide_content":"","_relevanssi_pin_for_all":"","_relevanssi_pin_keywords":"","_relevanssi_unpin_keywords":"","_relevanssi_related_keywords":"","_relevanssi_related_include_ids":"","_relevanssi_related_exclude_ids":"","_relevanssi_related_no_append":"","_relevanssi_related_not_related":"","_relevanssi_related_posts":"","_relevanssi_noindex_reason":"","inline_featured_image":false,"footnotes":""},"class_list":["post-340763","page","type-page","status-publish","hentry"],"acf":[],"_links":{"self":[{"href":"https:\/\/food.r-biopharm.com\/pt-br\/wp-json\/wp\/v2\/pages\/340763","targetHints":{"allow":["GET"]}}],"collection":[{"href":"https:\/\/food.r-biopharm.com\/pt-br\/wp-json\/wp\/v2\/pages"}],"about":[{"href":"https:\/\/food.r-biopharm.com\/pt-br\/wp-json\/wp\/v2\/types\/page"}],"author":[{"embeddable":true,"href":"https:\/\/food.r-biopharm.com\/pt-br\/wp-json\/wp\/v2\/users\/2273"}],"replies":[{"embeddable":true,"href":"https:\/\/food.r-biopharm.com\/pt-br\/wp-json\/wp\/v2\/comments?post=340763"}],"version-history":[{"count":1,"href":"https:\/\/food.r-biopharm.com\/pt-br\/wp-json\/wp\/v2\/pages\/340763\/revisions"}],"predecessor-version":[{"id":340764,"href":"https:\/\/food.r-biopharm.com\/pt-br\/wp-json\/wp\/v2\/pages\/340763\/revisions\/340764"}],"up":[{"embeddable":true,"href":"https:\/\/food.r-biopharm.com\/pt-br\/wp-json\/wp\/v2\/pages\/340372"}],"wp:attachment":[{"href":"https:\/\/food.r-biopharm.com\/pt-br\/wp-json\/wp\/v2\/media?parent=340763"}],"curies":[{"name":"wp","href":"https:\/\/api.w.org\/{rel}","templated":true}]}}