{"id":340766,"date":"2024-08-22T04:10:23","date_gmt":"2024-08-22T02:10:23","guid":{"rendered":"https:\/\/food.r-biopharm.com\/?page_id=340766"},"modified":"2024-08-22T04:10:23","modified_gmt":"2024-08-22T02:10:23","slug":"analise-de-sucos","status":"publish","type":"page","link":"https:\/\/food.r-biopharm.com\/pt-br\/industrias\/analise-de-sucos\/","title":{"rendered":"An\u00e1lise de sucos"},"content":{"rendered":"<!-- hero image from block -->\n<div class=\"acf-block block-hero term-slug-- term- \">\n\n    <img decoding=\"async\" class=\"block-hero__image\" src=\"https:\/\/food.r-biopharm.com\/wp-content\/uploads\/2022-01_Saft_3000x695.jpg\">\n\n    \n        <div class=\"block-hero__textbox\">\n                             <!-- Default behavior for other pages -->\n                <h1>\n                    <span class=\"block-hero__textbox__headline\">\n                        An\u00e1lise de sucos                    <\/span>\n                    <br>\n                    <span class=\"block-hero__textbox__subline\">\n                        Detec\u00e7\u00e3o de organismos de deteriora\u00e7\u00e3o em sucos de frutas                    <\/span>\n                <\/h1>\n                    <\/div>\n\n    \n<\/div>\n\n\n\n\n\n<div class=\"acf-block block-taxonomy block-taxonomy__position--header\">\n\t\t\t<!-- Flexy Breadcrumb -->\r\n\t\t\t<div class=\"fbc fbc-page\">\r\n\r\n\t\t\t\t<!-- Breadcrumb wrapper -->\r\n\t\t\t\t<div class=\"fbc-wrap\">\r\n\r\n\t\t\t\t\t<!-- Ordered list-->\r\n\t\t\t\t\t<ol class=\"fbc-items\" itemscope itemtype=\"https:\/\/schema.org\/BreadcrumbList\">\r\n\t\t\t\t\t\t            <li itemprop=\"itemListElement\" itemscope itemtype=\"https:\/\/schema.org\/ListItem\">\r\n                <span itemprop=\"name\">\r\n                    <!-- Home Link -->\r\n                    <a itemprop=\"item\" href=\"https:\/\/food.r-biopharm.com\">\r\n                    \r\n                        Home                    <\/a>\r\n                <\/span>\r\n                <meta itemprop=\"position\" content=\"1\" \/><!-- Meta Position-->\r\n             <\/li><li><span class=\"fbc-separator\">\/<\/span><\/li><li class=\"active\" itemprop=\"itemListElement\" itemscope itemtype=\"https:\/\/schema.org\/ListItem\"><span itemprop=\"name\" title=\"An\u00e1lise de sucos\">An\u00e1lise de sucos<\/span><meta itemprop=\"position\" content=\"2\" \/><\/li>\t\t\t\t\t<\/ol>\r\n\t\t\t\t\t<div class=\"clearfix\"><\/div>\r\n\t\t\t\t<\/div>\r\n\t\t\t<\/div>\r\n\t\t\t\n    <span class=\"block__title\">Industrias<\/span>            <div class=\"block__content\n            show-icons            \">\n                    <div class=\"swiper-container\">\n            <div role=\"navigation\" aria-label=\"Industrias navigation\" class=\"swiper-wrapper\">\n                            \n                <\/div>\n            <\/div>\n            <div class=\"swiper-button-prev swiper-button-prev__taxonomy\"><\/div>\n            <div class=\"swiper-button-next swiper-button-next__taxonomy\"><\/div>\n            <\/div>\n<\/div>\n\n\n\n<div class=\"acf-block row row--narrow background--\">\n        \n\n<div class=\"wp-block-column column column--75 is-layout-flow wp-block-column-is-layout-flow\">\n<h1 class=\"wp-block-heading\">An\u00e1lise de sucos<\/h1>\n\n\n\n<p><strong>Voc\u00ea deseja testar sucos de frutas para detectar organismos de deteriora\u00e7\u00e3o que podem causar defeitos no sabor, como a bact\u00e9ria Alicyclobacillus? Para uma triagem r\u00e1pida e espec\u00edfica e detec\u00e7\u00e3o de par\u00e2metros microbiol\u00f3gicos de deteriora\u00e7\u00e3o em sucos, oferecemos uma ampla linha de kits de qPCR.<\/strong><\/p>\n\n\n\n<p><em>Alicyclobacillus<\/em> \u00e9 uma bact\u00e9ria gram-positiva, estritamente aer\u00f3bica, acidof\u00edlica e termof\u00edlica, especialmente importante para a ind\u00fastria de sucos de frutas, onde demonstrou produzir altas quantidades de guaiacol, conferindo sabores indesej\u00e1veis aos sucos de frutas. <em>Alicyclobacillus<\/em> \u00e9 de interesse especial para a ind\u00fastria de enlatamento de sucos de frutas, pois as t\u00e9cnicas comuns de pasteuriza\u00e7\u00e3o n\u00e3o desativam os esporos. Portanto, a triagem precoce de <em>Alicyclobacillus<\/em> \u00e9 muito importante para a ind\u00fastria, uma vez que a contamina\u00e7\u00e3o pode levar a uma perda consider\u00e1vel de qualidade e, subsequente, a preju\u00edzos econ\u00f4micos para os produtores. <em>Alicyclobacillus acidoterrestris<\/em> \u00e9 considerada a esp\u00e9cie mais importante dentro do g\u00eanero <em>Alicyclobacillus<\/em>, mas outras, como <em>Alicyclobacillus acidocaldarius<\/em>, tamb\u00e9m foram isoladas de produtos deteriorados.<\/p>\n\n\n\n<table id=\"tablepress-9\" class=\"tablepress tablepress-id-9 tbody-has-connected-cells\">\n<thead>\n<tr class=\"row-1\">\n\t<th class=\"column-1\">Product<\/th><th class=\"column-2\">Description<\/th><th class=\"column-3\">Tube<\/th><th class=\"column-4\">Art. No.<\/th>\n<\/tr>\n<\/thead>\n<tbody>\n<tr class=\"row-2\">\n\t<td rowspan=\"4\" class=\"column-1\"><a href=\"https:\/\/food.r-biopharm.com\/products\/gen-ial-first-bacteria-pcr-kit-alicyclobacillus-multiplex\/\" rel=\"noopener noreferrer\" target=\"_blank\">GEN-IAL\u00ae QuickGEN Alicyclobacillus differentiation<\/a><\/td><td rowspan=\"4\" class=\"column-2\">Specific DNA detection and differentiation of Alicyclobacillus<\/td><td class=\"column-3\">high<\/td><td class=\"column-4\">Q721<\/td>\n<\/tr>\n<tr class=\"row-3\">\n\t<td class=\"column-3\">low<\/td><td class=\"column-4\">Q722<\/td>\n<\/tr>\n<tr class=\"row-4\">\n\t<td class=\"column-3\">white<\/td><td class=\"column-4\">Q723<\/td>\n<\/tr>\n<tr class=\"row-5\">\n\t<td class=\"column-3\">MyGo<\/td><td class=\"column-4\">Q724<\/td>\n<\/tr>\n<tr class=\"row-6\">\n\t<td rowspan=\"3\" class=\"column-1\"><a href=\"https:\/\/food.r-biopharm.com\/products\/gen-ial-zygosaccharomyces-bailii\/\">GEN-IAL\u00ae QuickGEN Yeast Zygosaccharomyces bailii high<\/a><\/td><td rowspan=\"3\" class=\"column-2\">Specific DNA detection of Zygosaccharomyces bailii<\/td><td class=\"column-3\">high<\/td><td class=\"column-4\">Q561<\/td>\n<\/tr>\n<tr class=\"row-7\">\n\t<td class=\"column-3\">low<\/td><td class=\"column-4\">Q562<\/td>\n<\/tr>\n<tr class=\"row-8\">\n\t<td class=\"column-3\">white<\/td><td class=\"column-4\">Q563<\/td>\n<\/tr>\n<tr class=\"row-9\">\n\t<td rowspan=\"3\" class=\"column-1\"><a href=\"https:\/\/food.r-biopharm.com\/products\/quickgen-pcr-kit-zygosaccharomyces-rouxii\/\">QuickGEN PCR Kit Zygosaccharomyces rouxii<\/a><\/td><td rowspan=\"3\" class=\"column-2\">Detection of Zygosaccharomyces rouxii<\/td><td class=\"column-3\">high<\/td><td class=\"column-4\">Q581<\/td>\n<\/tr>\n<tr class=\"row-10\">\n\t<td class=\"column-3\">low<\/td><td class=\"column-4\">Q582<\/td>\n<\/tr>\n<tr class=\"row-11\">\n\t<td class=\"column-3\">white<\/td><td class=\"column-4\">Q583<\/td>\n<\/tr>\n<tr class=\"row-12\">\n\t<td rowspan=\"3\" class=\"column-1\"><a href=\"https:\/\/food.r-biopharm.com\/products\/quickgen-pcr-kit-hefe-universal-low\/\">QuickGEN PCR Kit Yeast universal<\/a><\/td><td rowspan=\"3\" class=\"column-2\">Qualitative DNA detection of yeast<\/td><td class=\"column-3\">high<\/td><td class=\"column-4\">Q981<\/td>\n<\/tr>\n<tr class=\"row-13\">\n\t<td class=\"column-3\">low<\/td><td class=\"column-4\">Q982<\/td>\n<\/tr>\n<tr class=\"row-14\">\n\t<td class=\"column-3\">white<\/td><td class=\"column-4\">Q983<\/td>\n<\/tr>\n<\/tbody>\n<\/table>\n<!-- #tablepress-9 from cache -->\n\n\n\n<h2 class=\"wp-block-heading\">DNA preparation:<\/h2>\n\n\n\n<table id=\"tablepress-23\" class=\"tablepress tablepress-id-23\">\n<thead>\n<tr class=\"row-1\">\n\t<th class=\"column-1\">Product<\/th><th class=\"column-2\">Description<\/th><th class=\"column-3\">Art. No.<\/th>\n<\/tr>\n<\/thead>\n<tbody>\n<tr class=\"row-2\">\n\t<td class=\"column-1\">GEN-IAL\u00ae Simplex\u00ae Easy Spin DNA<\/td><td class=\"column-2\">Alicyclobacillus DNA extraction from fruit or vegetable juices or concentrates<\/td><td class=\"column-3\">Q701<\/td>\n<\/tr>\n<tr class=\"row-3\">\n\t<td class=\"column-1\">GEN-IAL\u00ae Simplex\u00ae Easy Spin PLUS DNA<\/td><td class=\"column-2\">Alicyclobacillus DNA extraction from fruit or vegetable juices or concentrates without enrichment<\/td><td class=\"column-3\">Q705<\/td>\n<\/tr>\n<\/tbody>\n<\/table>\n<!-- #tablepress-23 from cache -->\n\n\n\n<div class=\"block-featuredcontent\">\n    <div class=\"block-featuredcontent__content\">\n        <h3>Vis\u00e3o Geral dos Produtos GEN-IAL\u00ae<\/h3>\n        <p>Voc\u00ea pode encontrar mais informa\u00e7\u00f5es sobre nossos kits de teste de PCR em tempo real para an\u00e1lise de sucos em nosso folheto.<\/p>\n    <\/div>\n            <div class=\"block-featuredcontent__button\">\n            <a href=\"https:\/\/food.r-biopharm.com\/wp-content\/uploads\/2021\/01\/gen-ial-fruit-juice-analysis_4p_en_2020-04.pdf\" target=\"_blank\" class=\"button\">Download<\/a>\n        <\/div>\n        <\/div>\n\n\n\n    <div class=\"block-productportfolio\">\n\n        <h3 class=\"block__title\">Product portfolio<\/h3>\n\n        <div class=\"block__content\">\n\n            <div class=\"accordion\"><!-- blocks\/product-portfolio -->\n\n                <div class=\"accordion__section\"><input class=\"accordion__checkbox\" type=\"checkbox\" id=\"accordion__checkbox--1879\"><label class=\"accordion__label\" for=\"accordion__checkbox--1879\"><i class=\"accordion__icon icon\"><?xml version=\"1.0\" encoding=\"utf-8\"?>\r\n<!-- Generator: Adobe Illustrator 25.4.1, SVG Export Plug-In . SVG Version: 6.00 Build 0)  -->\r\n<svg version=\"1.1\" baseProfile=\"tiny\" id=\"Analytes_x5F_Microbiology\"\r\n\t xmlns=\"http:\/\/www.w3.org\/2000\/svg\" xmlns:xlink=\"http:\/\/www.w3.org\/1999\/xlink\" x=\"0px\" y=\"0px\" viewBox=\"0 0 57.9 58\"\r\n\t overflow=\"visible\" xml:space=\"preserve\">\r\n<circle fill=\"none\" stroke=\"#02559E\" stroke-width=\"1.2\" stroke-miterlimit=\"10\" cx=\"29\" cy=\"29\" r=\"28.3\"\/>\r\n<g>\r\n\t<g>\r\n\t\t<g>\r\n\t\t\t<path fill=\"none\" stroke=\"#02559E\" stroke-width=\"1.1\" stroke-miterlimit=\"10\" d=\"M38.9,42.2L38.9,42.2c-0.3,0.6-1.1,0.8-1.7,0.5\r\n\t\t\t\tl-3.5-1.9c-0.6-0.3-0.8-1.1-0.5-1.7l0,0c0.3-0.6,1.1-0.8,1.7-0.5l3.5,1.9C39,40.8,39.3,41.6,38.9,42.2z\"\/>\r\n\t\t\t<path fill=\"none\" stroke=\"#02559E\" stroke-width=\"1.1\" stroke-miterlimit=\"10\" d=\"M39.2,35.5L39.2,35.5c0.2,0.7-0.1,1.4-0.8,1.6\r\n\t\t\t\tl-3.8,1.3c-0.7,0.2-1.4-0.1-1.6-0.8h0c-0.2-0.7,0.1-1.4,0.8-1.6l3.8-1.3C38.2,34.4,38.9,34.8,39.2,35.5z\"\/>\r\n\t\t\t<path fill=\"none\" stroke=\"#02559E\" stroke-width=\"1.1\" stroke-miterlimit=\"10\" d=\"M45.3,42.9L45.3,42.9c0,0.7-0.7,1.2-1.3,1.2\r\n\t\t\t\tl-4-0.3c-0.7,0-1.2-0.7-1.2-1.3l0,0c0-0.7,0.7-1.2,1.3-1.2l4,0.3C44.8,41.6,45.4,42.2,45.3,42.9z\"\/>\r\n\t\t\t<path fill=\"none\" stroke=\"#02559E\" stroke-width=\"1.1\" stroke-miterlimit=\"10\" d=\"M38.5,22.9L38.5,22.9c0.1,0.7-0.4,1.3-1,1.4\r\n\t\t\t\tL33.5,25c-0.7,0.1-1.3-0.4-1.4-1v0c-0.1-0.7,0.4-1.3,1-1.4l3.9-0.6C37.7,21.8,38.3,22.3,38.5,22.9z\"\/>\r\n\t\t\t<path fill=\"none\" stroke=\"#02559E\" stroke-width=\"1.1\" stroke-miterlimit=\"10\" d=\"M40.4,16.5L40.4,16.5c0.7,0.1,1.1,0.8,1,1.5\r\n\t\t\t\tl-0.8,3.9c-0.1,0.7-0.8,1.1-1.5,1v0c-0.7-0.1-1.1-0.8-1-1.5l0.8-3.9C39,16.8,39.7,16.4,40.4,16.5z\"\/>\r\n\t\t\t<path fill=\"none\" stroke=\"#02559E\" stroke-width=\"1.1\" stroke-miterlimit=\"10\" d=\"M47.2,14.9L47.2,14.9c0.1,0.7-0.3,1.3-1,1.5\r\n\t\t\t\tl-3.9,0.8c-0.7,0.1-1.3-0.3-1.5-1l0,0c-0.1-0.7,0.3-1.3,1-1.5l3.9-0.8C46.4,13.8,47.1,14.2,47.2,14.9z\"\/>\r\n\t\t\t<path fill=\"none\" stroke=\"#02559E\" stroke-width=\"1.1\" stroke-miterlimit=\"10\" d=\"M44.4,29.5L44.4,29.5c-0.6-0.3-1-1-0.7-1.6\r\n\t\t\t\tl1.5-3.7c0.3-0.6,1-1,1.6-0.7l0,0c0.6,0.3,1,1,0.7,1.6l-1.5,3.7C45.8,29.5,45.1,29.8,44.4,29.5z\"\/>\r\n\t\t\t<path fill=\"none\" stroke=\"#02559E\" stroke-width=\"1.1\" stroke-miterlimit=\"10\" d=\"M37.4,29.8L37.4,29.8c0-0.7,0.5-1.3,1.2-1.3\r\n\t\t\t\tl4-0.1c0.7,0,1.3,0.5,1.3,1.2v0c0,0.7-0.5,1.3-1.2,1.3l-4,0.1C38,31.1,37.4,30.5,37.4,29.8z\"\/>\r\n\t\t<\/g>\r\n\t\t<g>\r\n\t\t\t<path fill=\"none\" stroke=\"#02559E\" stroke-width=\"1.1\" stroke-miterlimit=\"10\" d=\"M22.7,24.3l0,8.8c0,1.5-1.2,2.7-2.7,2.7h0\r\n\t\t\t\tc-1.5,0-2.7-1.2-2.7-2.7l0-8.8c0-1.5,1.2-2.7,2.7-2.7h0C21.5,21.6,22.7,22.8,22.7,24.3z\"\/>\r\n\t\t\t<path fill=\"none\" stroke=\"#02559E\" stroke-width=\"1.1\" stroke-miterlimit=\"10\" d=\"M18.5,35.5c0,0-0.9,1.6-2.8,1.9\r\n\t\t\t\ts-2.6,2.4-2.6,2.4\"\/>\r\n\t\t\t<path fill=\"none\" stroke=\"#02559E\" stroke-width=\"1.1\" stroke-miterlimit=\"10\" d=\"M17.3,31.8c0,0-1.8,0.7-3.4-0.3\r\n\t\t\t\tc-1.7-1-3.6,0.2-3.6,0.2\"\/>\r\n\t\t\t<path fill=\"none\" stroke=\"#02559E\" stroke-width=\"1.1\" stroke-miterlimit=\"10\" d=\"M17.4,27.3c0,0-1.9,0.1-3.1-1.4\r\n\t\t\t\tc-1.2-1.5-3.4-1-3.4-1\"\/>\r\n\t\t\t<path fill=\"none\" stroke=\"#02559E\" stroke-width=\"1.1\" stroke-miterlimit=\"10\" d=\"M21.5,35.5c0,0,0.8,1.7,2.6,2.2\r\n\t\t\t\tc1.9,0.5,2.4,2.7,2.4,2.7\"\/>\r\n\t\t\t<path fill=\"none\" stroke=\"#02559E\" stroke-width=\"1.1\" stroke-miterlimit=\"10\" d=\"M22.6,31.8c0,0,1.8,0.7,3.4-0.3\r\n\t\t\t\tc1.7-1,3.6,0.2,3.6,0.2\"\/>\r\n\t\t\t<path fill=\"none\" stroke=\"#02559E\" stroke-width=\"1.1\" stroke-miterlimit=\"10\" d=\"M22.5,27.3c0,0,1.9,0.1,3.1-1.4s3.4-1,3.4-1\"\/>\r\n\t\t\t<path fill=\"none\" stroke=\"#02559E\" stroke-width=\"1.1\" stroke-miterlimit=\"10\" d=\"M21.8,22.2c0,0,1.8-0.5,2.6-2.3\r\n\t\t\t\tc0.7-1.8,3-2,3-2\"\/>\r\n\t\t\t<path fill=\"none\" stroke=\"#02559E\" stroke-width=\"1.1\" stroke-miterlimit=\"10\" d=\"M18.2,22.2c0,0-1.8-0.5-2.6-2.3\r\n\t\t\t\tc-0.7-1.8-3-2-3-2\"\/>\r\n\t\t\t<path fill=\"none\" stroke=\"#02559E\" stroke-width=\"1.1\" stroke-miterlimit=\"10\" d=\"M17.1,33.9c0,0-1,0.9-2,1s-1.9,0.6-1.9,0.6\"\/>\r\n\t\t\t<path fill=\"none\" stroke=\"#02559E\" stroke-width=\"1.1\" stroke-miterlimit=\"10\" d=\"M22.8,33.9c0,0,1,0.9,2,1\r\n\t\t\t\tc1.1,0.1,1.9,0.6,1.9,0.6\"\/>\r\n\t\t\t<path fill=\"none\" stroke=\"#02559E\" stroke-width=\"1.1\" stroke-miterlimit=\"10\" d=\"M17.3,29.6c0,0-1.3,0.3-2.3-0.1\r\n\t\t\t\tC14,29,13,29,13,29\"\/>\r\n\t\t\t<path fill=\"none\" stroke=\"#02559E\" stroke-width=\"1.1\" stroke-miterlimit=\"10\" d=\"M22.7,29.6c0,0,1.3,0.3,2.3-0.1\r\n\t\t\t\tc1-0.4,2-0.4,2-0.4\"\/>\r\n\t\t\t<path fill=\"none\" stroke=\"#02559E\" stroke-width=\"1.1\" stroke-miterlimit=\"10\" d=\"M22.3,24.9c0,0,1.3-0.2,2-1\r\n\t\t\t\tc0.7-0.8,1.6-1.2,1.6-1.2\"\/>\r\n\t\t\t<path fill=\"none\" stroke=\"#02559E\" stroke-width=\"1.1\" stroke-miterlimit=\"10\" d=\"M17.7,24.6c0,0-1.3-0.2-2-1S14,22.4,14,22.4\"\/>\r\n\t\t\t<path fill=\"none\" stroke=\"#02559E\" stroke-width=\"1.1\" stroke-miterlimit=\"10\" d=\"M19.7,21.6c0,0,0.2-0.9-0.8-2.6\r\n\t\t\t\tc-1-1.7-0.7-3.7-0.7-3.7\"\/>\r\n\t\t\t<path fill=\"none\" stroke=\"#02559E\" stroke-width=\"1.1\" stroke-miterlimit=\"10\" d=\"M20.8,21.6c0,0-0.2-0.9,0.8-2.6\r\n\t\t\t\tc1-1.7,0.7-3.7,0.7-3.7\"\/>\r\n\t\t\t<path fill=\"none\" stroke=\"#02559E\" stroke-width=\"1.1\" stroke-miterlimit=\"10\" d=\"M19.4,35.8c0,0,0.2,0.9-0.8,2.6\r\n\t\t\t\tc-1,1.7-0.7,3.7-0.7,3.7\"\/>\r\n\t\t\t<path fill=\"none\" stroke=\"#02559E\" stroke-width=\"1.1\" stroke-miterlimit=\"10\" d=\"M20.4,35.7c0,0-0.2,0.9,0.8,2.6\r\n\t\t\t\tC22.3,40,22,42,22,42\"\/>\r\n\t\t<\/g>\r\n\t<\/g>\r\n<\/g>\r\n<\/svg>\r\n<\/i><div class=\"accordion__title\"><h5 class=\"accordion__headline\">Microbiologia<\/h5><h6 class=\"accordion__subline\"><p>Kits de teste para a detec\u00e7\u00e3o de contamina\u00e7\u00e3o microbiol\u00f3gica.<\/p>\n<\/h6><\/div><\/label><div class=\"accordion__content\"><table class=\"table--product-portfolio\"><thead><tr><th>Product<\/th><th>Description<\/th><th>No. of tests\/amount<\/th><th>Art. No.<\/th><\/tr><\/thead><tbody>                                        <tr>\n\n                                            <td>\n                                                <a href=\"https:\/\/food.r-biopharm.com\/pt-br\/products\/simplex-easy-spin-plus\/\">Simplex\u00ae Easy Spin Plus<\/a>\n                                            <\/td>\n\n                                            <td>\n                                                <p>\n                                                    Alicyclobacillus spp. DNA-extraction from e.g. juices, concentrates and tomato products without preenrichment.\n                                                <\/p>\n\n                                                <a href=\"https:\/\/food.r-biopharm.com\/pt-br\/products\/simplex-easy-spin-plus\/\">Leia mais<\/a>\n                                            <\/td>\n\n                                            <td>\n                                                50 preparations                                            <\/td>\n\n                                            <td>\n                                                Q705                                            <\/td>\n\n                                        <\/tr>\n                                                                                    <tr>\n\n                                            <td>\n                                                <a href=\"https:\/\/food.r-biopharm.com\/pt-br\/products\/quickgen-pcr-kit-zygosaccharomyces-rouxii\/\">QuickGEN PCR Kit Zygosaccharomyces rouxii<\/a>\n                                            <\/td>\n\n                                            <td>\n                                                <p>\n                                                    Detection of Zygosaccharomyces rouxii in wine and grape must by real-time PCR.\n                                                <\/p>\n\n                                                <a href=\"https:\/\/food.r-biopharm.com\/pt-br\/products\/quickgen-pcr-kit-zygosaccharomyces-rouxii\/\">Leia mais<\/a>\n                                            <\/td>\n\n                                            <td>\n                                                48 reactions                                            <\/td>\n\n                                            <td>\n                                                Q581, Q582, Q583                                            <\/td>\n\n                                        <\/tr>\n                                                                                    <tr>\n\n                                            <td>\n                                                <a href=\"https:\/\/food.r-biopharm.com\/pt-br\/products\/quickgen-pcr-kit-hefe-universal-low\/\">QuickGEN PCR Kit Yeast universal<\/a>\n                                            <\/td>\n\n                                            <td>\n                                                <p>\n                                                    Qualitative detection of yeast contaminations in beverages.\nFor exapmple:\n\nSaccharomyces spp.\nDekkera spp.\nZygosaccharomyces spp.\nRhodotorula spp.\nTorulaspora spp.\nKluyveromyces spp.\nDebaromyces spp.\nCandida spp.\nHanseniaspora spp.\nPichia spp\n\n                                                <\/p>\n\n                                                <a href=\"https:\/\/food.r-biopharm.com\/pt-br\/products\/quickgen-pcr-kit-hefe-universal-low\/\">Leia mais<\/a>\n                                            <\/td>\n\n                                            <td>\n                                                48 reactions: 48 x Dye Strips (freeze-dried, incl. IC-DNA)                                            <\/td>\n\n                                            <td>\n                                                Q982                                            <\/td>\n\n                                        <\/tr>\n                                            <\/tbody><\/table><span class=\"button button--loadmore\">load more<\/span><\/div><!-- accordion__content --><\/div><!-- accordion__section -->            <\/div><!-- accordion -->\n        <\/div><!-- block__content -->\n    <\/div><!-- block-productportfolio -->\n<\/div>\n\n\n\n<div class=\"wp-block-column column column--25 is-layout-flow wp-block-column-is-layout-flow\">\n\n<div class=\"block-related\">\n    <h4 class=\"block__title block_related\">Not\u00edcias relacionadas<\/h4>\n\n    <div class=\"block__content\">\n        <div class=\"swiper-container\">\n            <div class=\"swiper-wrapper\">\n\n                \n                    \n                <a href=\"https:\/\/food.r-biopharm.com\/pt-br\/news\/como-detectar-bacterias-e-leveduras-em-sucos-e-refrigerantes-kits-de-pcr-gen-ial\/\" class=\"swiper-slide post\">\n                    <figure class=\"box-image\">\n                        <img loading=\"lazy\" decoding=\"async\" width=\"1400\" height=\"511\" src=\"https:\/\/food.r-biopharm.com\/wp-content\/uploads\/Como-Detectar-Bacterias-e-Leveduras-em-Sucos-e-Refrigerantes.jpg\" class=\"box-image__image wp-post-image\" alt=\"Como Detectar Bacte\u0301rias e Leveduras em Sucos e Refrigerantes\" srcset=\"https:\/\/food.r-biopharm.com\/wp-content\/uploads\/Como-Detectar-Bacterias-e-Leveduras-em-Sucos-e-Refrigerantes.jpg 1400w, https:\/\/food.r-biopharm.com\/wp-content\/uploads\/Como-Detectar-Bacterias-e-Leveduras-em-Sucos-e-Refrigerantes-710x259.jpg 710w, https:\/\/food.r-biopharm.com\/wp-content\/uploads\/Como-Detectar-Bacterias-e-Leveduras-em-Sucos-e-Refrigerantes-768x280.jpg 768w\" sizes=\"auto, (max-width: 1400px) 100vw, 1400px\" \/>\n                                                <figcaption class=\"box-image__caption\">\n                            <i class=\"icon box-image__icon\"><?xml version=\"1.0\" encoding=\"utf-8\"?>\r\n<!-- Generator: Adobe Illustrator 25.4.1, SVG Export Plug-In . SVG Version: 6.00 Build 0)  -->\r\n<svg version=\"1.1\" baseProfile=\"tiny\" id=\"News\" xmlns=\"http:\/\/www.w3.org\/2000\/svg\" xmlns:xlink=\"http:\/\/www.w3.org\/1999\/xlink\"\r\n\t x=\"0px\" y=\"0px\" viewBox=\"0 0 57.9 58\" overflow=\"visible\" xml:space=\"preserve\">\r\n<g>\r\n\t<g>\r\n\t\t<circle fill=\"none\" stroke=\"#706F6F\" stroke-miterlimit=\"10\" cx=\"29\" cy=\"29\" r=\"28.3\"\/>\r\n\t<\/g>\r\n\t<g>\r\n\t\t<path fill=\"none\" stroke=\"#706F6F\" stroke-width=\"1.5\" stroke-miterlimit=\"10\" d=\"M42,13.6c-4.3,0-8.7,0-13,0c-4.5,0-9,0-13.4,0\r\n\t\t\tc-1.9,0-2.9,1.1-2.9,2.9c0,5.7,0,11.4,0,17.1c0,1.9,1,2.9,2.9,2.9c1,0,1.9,0.1,2.9,0c0.1,0,0.1,0,0.2,0v7.8\r\n\t\t\tc3.4-2.6,6.8-5.2,10.2-7.8c4.4,0,8.8,0,13.1,0c2.3,0,3.3-1,3.3-3.3c0-5.5,0-10.9,0-16.4C45.3,14.6,44.3,13.6,42,13.6z\"\/>\r\n\t\t<line fill=\"none\" stroke=\"#706F6F\" stroke-width=\"1.5\" x1=\"19.4\" y1=\"28.2\" x2=\"38.5\" y2=\"28.2\"\/>\r\n\t\t<line fill=\"none\" stroke=\"#706F6F\" stroke-width=\"1.5\" x1=\"19.4\" y1=\"22.2\" x2=\"38.5\" y2=\"22.2\"\/>\r\n\t<\/g>\r\n<\/g>\r\n<\/svg>\r\n<\/i>                            <div class=\"box-image__title\">\n                                <h5 class=\"box-image__headline\">Como Detectar Bact\u00e9rias &hellip;<\/h5>\n                                <h6 class=\"box-image__subline\">A detec\u00e7\u00e3o r\u00e1pida de &hellip;<\/h6>\n                            <\/div>\n                        <\/figcaption>\n                    <\/figure>\n                <\/a>\n\n\n                \n                \n            <\/div>         <\/div> \n        <div class=\"swiper-button-prev swiper-button-prev__related\"><\/div>\n        <div class=\"swiper-button-next swiper-button-next__related\"><\/div>\n    <\/div>\n<\/div>\n\n    <\/div>\n\n\n<\/div>\n","protected":false},"excerpt":{"rendered":"","protected":false},"author":2273,"featured_media":0,"parent":340372,"menu_order":0,"comment_status":"closed","ping_status":"closed","template":"","meta":{"_acf_changed":false,"_seopress_robots_primary_cat":"","_seopress_titles_title":"Detec\u00e7\u00e3o de organismos de deteriora\u00e7\u00e3o em sucos de frutas","_seopress_titles_desc":"Para uma triagem r\u00e1pida e espec\u00edfica e detec\u00e7\u00e3o de par\u00e2metros microbiol\u00f3gicos de deteriora\u00e7\u00e3o em sucos, oferecemos uma ampla linha de kits de qPCR.","_seopress_robots_index":"","content-type":"","_relevanssi_hide_post":"","_relevanssi_hide_content":"","_relevanssi_pin_for_all":"","_relevanssi_pin_keywords":"","_relevanssi_unpin_keywords":"","_relevanssi_related_keywords":"","_relevanssi_related_include_ids":"","_relevanssi_related_exclude_ids":"","_relevanssi_related_no_append":"","_relevanssi_related_not_related":"","_relevanssi_related_posts":"","_relevanssi_noindex_reason":"","inline_featured_image":false,"footnotes":""},"class_list":["post-340766","page","type-page","status-publish","hentry"],"acf":[],"_links":{"self":[{"href":"https:\/\/food.r-biopharm.com\/pt-br\/wp-json\/wp\/v2\/pages\/340766","targetHints":{"allow":["GET"]}}],"collection":[{"href":"https:\/\/food.r-biopharm.com\/pt-br\/wp-json\/wp\/v2\/pages"}],"about":[{"href":"https:\/\/food.r-biopharm.com\/pt-br\/wp-json\/wp\/v2\/types\/page"}],"author":[{"embeddable":true,"href":"https:\/\/food.r-biopharm.com\/pt-br\/wp-json\/wp\/v2\/users\/2273"}],"replies":[{"embeddable":true,"href":"https:\/\/food.r-biopharm.com\/pt-br\/wp-json\/wp\/v2\/comments?post=340766"}],"version-history":[{"count":1,"href":"https:\/\/food.r-biopharm.com\/pt-br\/wp-json\/wp\/v2\/pages\/340766\/revisions"}],"predecessor-version":[{"id":340767,"href":"https:\/\/food.r-biopharm.com\/pt-br\/wp-json\/wp\/v2\/pages\/340766\/revisions\/340767"}],"up":[{"embeddable":true,"href":"https:\/\/food.r-biopharm.com\/pt-br\/wp-json\/wp\/v2\/pages\/340372"}],"wp:attachment":[{"href":"https:\/\/food.r-biopharm.com\/pt-br\/wp-json\/wp\/v2\/media?parent=340766"}],"curies":[{"name":"wp","href":"https:\/\/api.w.org\/{rel}","templated":true}]}}